{"id":103842,"date":"2021-02-21T22:59:48","date_gmt":"2021-02-21T22:59:48","guid":{"rendered":"https:\/\/www.autonvaraosahaku.fi\/?product=delphi-es10798-12b1-lambda-anturi"},"modified":"2021-02-21T22:59:51","modified_gmt":"2021-02-21T22:59:51","slug":"delphi-es10798-12b1-lambda-anturi","status":"publish","type":"product","link":"https:\/\/www.autonvaraosahaku.fi\/?product=delphi-es10798-12b1-lambda-anturi","title":{"rendered":"Delphi ES10798-12B1 Lambda anturi"},"content":{"rendered":"<p>Pituus (mm): 432; K\u00e4yt\u00f6ss\u00e4 koskettimia: 4; Lambdatunnistin: L\u00e4mmitetty; Asennuspuoli: vorne; OPEL: ZAFIRA B A05,ASTRA H Caravan L35,MERIVA,ASTRA H L48,ASTRA H GTC L08,VECTRA C,ASTRA H TwinTop L67,ASTRA H Stufenheck L69,ASTRA H Kasten L70; FIAT: STILO 192,STILO Multi Wagon 192; VAUXHALL: ZAFIRA Mk II B M75,ASTRA Mk V H CC,ASTRA Mk V H Estate,ASTRA Mk V H Convertible,MERIVA Mk I A,ASTRAVAN Mk V H; 55561425, 855268, 93181910, 55561425, 855268, 93181910; Lambdatunnistin,Happianturi<\/p>\n","protected":false},"excerpt":{"rendered":"<p>DELPHI Lambda Anturi ES10798-12B1 Lambdatunnistin,Happianturi OPEL,FIAT,VAUXHALL,ZAFIRA B A05,ASTRA H Caravan L35,MERIVA,ASTRA H L48,ASTRA H GTC L08<\/p>\n","protected":false},"featured_media":0,"template":"","meta":{"site-sidebar-layout":"default","site-content-layout":"default","ast-global-header-display":"","ast-main-header-display":"","ast-hfb-above-header-display":"","ast-hfb-below-header-display":"","ast-hfb-mobile-header-display":"","site-post-title":"","ast-breadcrumbs-content":"","ast-featured-img":"","footer-sml-layout":"","theme-transparent-header-meta":"","adv-header-id-meta":"","stick-header-meta":"","header-above-stick-meta":"","header-main-stick-meta":"","header-below-stick-meta":""},"pwb-brand":[538],"product_cat":[264],"product_tag":[],"class_list":{"0":"post-103842","1":"product","2":"type-product","3":"status-publish","5":"pwb-brand-delphi","6":"product_cat-lambda-anturi","7":"desktop-align-left","8":"tablet-align-left","9":"mobile-align-left","11":"first","12":"instock","13":"product-type-external"},"brands":[{"id":538,"name":"Delphi","slug":"delphi"}],"_links":{"self":[{"href":"https:\/\/www.autonvaraosahaku.fi\/index.php?rest_route=\/wp\/v2\/product\/103842","targetHints":{"allow":["GET"]}}],"collection":[{"href":"https:\/\/www.autonvaraosahaku.fi\/index.php?rest_route=\/wp\/v2\/product"}],"about":[{"href":"https:\/\/www.autonvaraosahaku.fi\/index.php?rest_route=\/wp\/v2\/types\/product"}],"wp:attachment":[{"href":"https:\/\/www.autonvaraosahaku.fi\/index.php?rest_route=%2Fwp%2Fv2%2Fmedia&parent=103842"}],"wp:term":[{"taxonomy":"pwb-brand","embeddable":true,"href":"https:\/\/www.autonvaraosahaku.fi\/index.php?rest_route=%2Fwp%2Fv2%2Fpwb-brand&post=103842"},{"taxonomy":"product_cat","embeddable":true,"href":"https:\/\/www.autonvaraosahaku.fi\/index.php?rest_route=%2Fwp%2Fv2%2Fproduct_cat&post=103842"},{"taxonomy":"product_tag","embeddable":true,"href":"https:\/\/www.autonvaraosahaku.fi\/index.php?rest_route=%2Fwp%2Fv2%2Fproduct_tag&post=103842"}],"curies":[{"name":"wp","href":"https:\/\/api.w.org\/{rel}","templated":true}]}}