{"id":103853,"date":"2021-02-21T22:59:54","date_gmt":"2021-02-21T22:59:54","guid":{"rendered":"https:\/\/www.autonvaraosahaku.fi\/?product=delphi-ta2639-raidetangon-paa"},"modified":"2021-02-21T22:59:55","modified_gmt":"2021-02-21T22:59:55","slug":"delphi-ta2639-raidetangon-paa","status":"publish","type":"product","link":"https:\/\/www.autonvaraosahaku.fi\/?product=delphi-ta2639-raidetangon-paa","title":{"rendered":"Delphi TA2639 Raidetangon p\u00e4\u00e4"},"content":{"rendered":"<p>Pituus (mm): 99; Leveys (mm): 38; Korkeus (mm): 72; Kierremalli: sis\u00e4kierteell\u00e4, Oikealla kierteell\u00e4, Oikealla kierteell\u00e4; Asennuspuoli: links; CITRO\u00cbN: C-CROSSER EP_,C-CROSSER ENTERPRISE; PEUGEOT: 4007 GP_; MITSUBISHI: ASX GA_W_,OUTLANDER XL II CW_W,OUTLANDER III GG_W, GF_W, ZJ,GRANDIS NA_W,OUTLANDER I CU_W,LANCER SPORTBACK CX_A,LANCER Stufenheck CY\/Z_A,LANCER Stufenheck CS_A, CT0,ASX Van GA_W_; 381774, 4422A002, 4422A018, 4422A052, 4422AO52, 4422AOO2, MN161077, MR548285, 381774<\/p>\n","protected":false},"excerpt":{"rendered":"<p>DELPHI Raidetangon P\u00e4\u00e4 TA2639  CITRO\u00cbN,PEUGEOT,MITSUBISHI,C-CROSSER EP_,C-CROSSER ENTERPRISE,4007 GP_,ASX GA_W_,OUTLANDER XL II CW_W<\/p>\n","protected":false},"featured_media":0,"template":"","meta":{"site-sidebar-layout":"default","site-content-layout":"default","ast-global-header-display":"","ast-main-header-display":"","ast-hfb-above-header-display":"","ast-hfb-below-header-display":"","ast-hfb-mobile-header-display":"","site-post-title":"","ast-breadcrumbs-content":"","ast-featured-img":"","footer-sml-layout":"","theme-transparent-header-meta":"","adv-header-id-meta":"","stick-header-meta":"","header-above-stick-meta":"","header-main-stick-meta":"","header-below-stick-meta":""},"pwb-brand":[538],"product_cat":[96],"product_tag":[],"class_list":{"0":"post-103853","1":"product","2":"type-product","3":"status-publish","5":"pwb-brand-delphi","6":"product_cat-raidetangon-paa","7":"desktop-align-left","8":"tablet-align-left","9":"mobile-align-left","11":"first","12":"instock","13":"product-type-external"},"brands":[{"id":538,"name":"Delphi","slug":"delphi"}],"_links":{"self":[{"href":"https:\/\/www.autonvaraosahaku.fi\/index.php?rest_route=\/wp\/v2\/product\/103853","targetHints":{"allow":["GET"]}}],"collection":[{"href":"https:\/\/www.autonvaraosahaku.fi\/index.php?rest_route=\/wp\/v2\/product"}],"about":[{"href":"https:\/\/www.autonvaraosahaku.fi\/index.php?rest_route=\/wp\/v2\/types\/product"}],"wp:attachment":[{"href":"https:\/\/www.autonvaraosahaku.fi\/index.php?rest_route=%2Fwp%2Fv2%2Fmedia&parent=103853"}],"wp:term":[{"taxonomy":"pwb-brand","embeddable":true,"href":"https:\/\/www.autonvaraosahaku.fi\/index.php?rest_route=%2Fwp%2Fv2%2Fpwb-brand&post=103853"},{"taxonomy":"product_cat","embeddable":true,"href":"https:\/\/www.autonvaraosahaku.fi\/index.php?rest_route=%2Fwp%2Fv2%2Fproduct_cat&post=103853"},{"taxonomy":"product_tag","embeddable":true,"href":"https:\/\/www.autonvaraosahaku.fi\/index.php?rest_route=%2Fwp%2Fv2%2Fproduct_tag&post=103853"}],"curies":[{"name":"wp","href":"https:\/\/api.w.org\/{rel}","templated":true}]}}