{"id":103865,"date":"2021-02-21T22:59:54","date_gmt":"2021-02-21T22:59:54","guid":{"rendered":"https:\/\/www.autonvaraosahaku.fi\/?product=delphi-bg4317-jarrulevyt"},"modified":"2021-02-21T22:59:58","modified_gmt":"2021-02-21T22:59:58","slug":"delphi-bg4317-jarrulevyt","status":"publish","type":"product","link":"https:\/\/www.autonvaraosahaku.fi\/?product=delphi-bg4317-jarrulevyt","title":{"rendered":"Delphi BG4317 Jarrulevyt"},"content":{"rendered":"<p>Jarrulevytyyppi: Tuuletettu, Tuuletettu; L\u00e4pimitta [mm]: 280; Jarrulevyn paksuus (mm): 24; V\u00e4himm\u00e4ispaksuus (mm): 22; keskitt\u00e4misl\u00e4pimitta [mm]: 61; Syvyys (mm): 44; Asennusmalli: Poltti\/ruuvi; Reikien m\u00e4\u00e4r\u00e4: 5, 5; Asennuspuoli: Vorderachse; MERCEDES-BENZ: CITAN Kasten 415,CITAN Kombi 415,CITAN Mixto 415; RENAULT: KANGOO \/ GRAND KANGOO KW0\/1_,KANGOO Express FW0\/1_,KANGOO BE BOP KW0\/1_,SAFRANE I B54_; 4154200001, 4154200701, 8201464604, 402068234R, 7701209839, 7701209989, 8201464604; Jarrulevy<\/p>\n","protected":false},"excerpt":{"rendered":"<p>DELPHI Jarrulevyt BG4317 Jarrulevy MERCEDES-BENZ,RENAULT,CITAN Kasten 415,CITAN Kombi 415,CITAN Mixto 415,KANGOO \/ GRAND KANGOO KW0\/1_<\/p>\n","protected":false},"featured_media":0,"template":"","meta":{"site-sidebar-layout":"default","site-content-layout":"default","ast-global-header-display":"","ast-main-header-display":"","ast-hfb-above-header-display":"","ast-hfb-below-header-display":"","ast-hfb-mobile-header-display":"","site-post-title":"","ast-breadcrumbs-content":"","ast-featured-img":"","footer-sml-layout":"","theme-transparent-header-meta":"","adv-header-id-meta":"","stick-header-meta":"","header-above-stick-meta":"","header-main-stick-meta":"","header-below-stick-meta":""},"pwb-brand":[538],"product_cat":[66],"product_tag":[],"class_list":{"0":"post-103865","1":"product","2":"type-product","3":"status-publish","5":"pwb-brand-delphi","6":"product_cat-jarrulevyt","7":"desktop-align-left","8":"tablet-align-left","9":"mobile-align-left","11":"first","12":"instock","13":"product-type-external"},"brands":[{"id":538,"name":"Delphi","slug":"delphi"}],"_links":{"self":[{"href":"https:\/\/www.autonvaraosahaku.fi\/index.php?rest_route=\/wp\/v2\/product\/103865","targetHints":{"allow":["GET"]}}],"collection":[{"href":"https:\/\/www.autonvaraosahaku.fi\/index.php?rest_route=\/wp\/v2\/product"}],"about":[{"href":"https:\/\/www.autonvaraosahaku.fi\/index.php?rest_route=\/wp\/v2\/types\/product"}],"wp:attachment":[{"href":"https:\/\/www.autonvaraosahaku.fi\/index.php?rest_route=%2Fwp%2Fv2%2Fmedia&parent=103865"}],"wp:term":[{"taxonomy":"pwb-brand","embeddable":true,"href":"https:\/\/www.autonvaraosahaku.fi\/index.php?rest_route=%2Fwp%2Fv2%2Fpwb-brand&post=103865"},{"taxonomy":"product_cat","embeddable":true,"href":"https:\/\/www.autonvaraosahaku.fi\/index.php?rest_route=%2Fwp%2Fv2%2Fproduct_cat&post=103865"},{"taxonomy":"product_tag","embeddable":true,"href":"https:\/\/www.autonvaraosahaku.fi\/index.php?rest_route=%2Fwp%2Fv2%2Fproduct_tag&post=103865"}],"curies":[{"name":"wp","href":"https:\/\/api.w.org\/{rel}","templated":true}]}}