{"id":103866,"date":"2021-02-21T22:59:54","date_gmt":"2021-02-21T22:59:54","guid":{"rendered":"https:\/\/www.autonvaraosahaku.fi\/?product=delphi-bg4142c-jarrulevyt"},"modified":"2021-02-21T22:59:58","modified_gmt":"2021-02-21T22:59:58","slug":"delphi-bg4142c-jarrulevyt","status":"publish","type":"product","link":"https:\/\/www.autonvaraosahaku.fi\/?product=delphi-bg4142c-jarrulevyt","title":{"rendered":"Delphi BG4142C Jarrulevyt"},"content":{"rendered":"<p>Jarrulevytyyppi: Tuuletettu; L\u00e4pimitta [mm]: 295; Jarrulevyn paksuus (mm): 28; V\u00e4himm\u00e4ispaksuus (mm): 26; keskitt\u00e4misl\u00e4pimitta [mm]: 67; Syvyys (mm): 64; testausnormin mukainen: R90 Approved, R90 Approved, R90 Approved; Reikien m\u00e4\u00e4r\u00e4: 5; Asennuspuoli: Vorderachse; MERCEDES-BENZ: C-CLASS W204,C-CLASS T-Model S204,E-CLASS W212,E-CLASS T-Model S212,E-CLASS Coupe C207,C-CLASS Coupe C204,E-CLASS Cabriolet A207,SLC R172; 2044210912, 2044212812, A2044210912, A2124211312; Jarrulevy<\/p>\n","protected":false},"excerpt":{"rendered":"<p>DELPHI Jarrulevyt BG4142C Jarrulevy MERCEDES-BENZ,C-CLASS W204,C-CLASS T-Model S204,E-CLASS W212,E-CLASS T-Model S212,E-CLASS Coupe C207<\/p>\n","protected":false},"featured_media":0,"template":"","meta":{"site-sidebar-layout":"default","site-content-layout":"default","ast-global-header-display":"","ast-main-header-display":"","ast-hfb-above-header-display":"","ast-hfb-below-header-display":"","ast-hfb-mobile-header-display":"","site-post-title":"","ast-breadcrumbs-content":"","ast-featured-img":"","footer-sml-layout":"","theme-transparent-header-meta":"","adv-header-id-meta":"","stick-header-meta":"","header-above-stick-meta":"","header-main-stick-meta":"","header-below-stick-meta":""},"pwb-brand":[538],"product_cat":[66],"product_tag":[],"class_list":{"0":"post-103866","1":"product","2":"type-product","3":"status-publish","5":"pwb-brand-delphi","6":"product_cat-jarrulevyt","7":"desktop-align-left","8":"tablet-align-left","9":"mobile-align-left","11":"first","12":"instock","13":"product-type-external"},"brands":[{"id":538,"name":"Delphi","slug":"delphi"}],"_links":{"self":[{"href":"https:\/\/www.autonvaraosahaku.fi\/index.php?rest_route=\/wp\/v2\/product\/103866","targetHints":{"allow":["GET"]}}],"collection":[{"href":"https:\/\/www.autonvaraosahaku.fi\/index.php?rest_route=\/wp\/v2\/product"}],"about":[{"href":"https:\/\/www.autonvaraosahaku.fi\/index.php?rest_route=\/wp\/v2\/types\/product"}],"wp:attachment":[{"href":"https:\/\/www.autonvaraosahaku.fi\/index.php?rest_route=%2Fwp%2Fv2%2Fmedia&parent=103866"}],"wp:term":[{"taxonomy":"pwb-brand","embeddable":true,"href":"https:\/\/www.autonvaraosahaku.fi\/index.php?rest_route=%2Fwp%2Fv2%2Fpwb-brand&post=103866"},{"taxonomy":"product_cat","embeddable":true,"href":"https:\/\/www.autonvaraosahaku.fi\/index.php?rest_route=%2Fwp%2Fv2%2Fproduct_cat&post=103866"},{"taxonomy":"product_tag","embeddable":true,"href":"https:\/\/www.autonvaraosahaku.fi\/index.php?rest_route=%2Fwp%2Fv2%2Fproduct_tag&post=103866"}],"curies":[{"name":"wp","href":"https:\/\/api.w.org\/{rel}","templated":true}]}}