{"id":103869,"date":"2021-02-21T22:59:54","date_gmt":"2021-02-21T22:59:54","guid":{"rendered":"https:\/\/www.autonvaraosahaku.fi\/?product=delphi-lw30005-takajarrusylinteri"},"modified":"2021-02-21T22:59:59","modified_gmt":"2021-02-21T22:59:59","slug":"delphi-lw30005-takajarrusylinteri","status":"publish","type":"product","link":"https:\/\/www.autonvaraosahaku.fi\/?product=delphi-lw30005-takajarrusylinteri","title":{"rendered":"Delphi LW30005 Takajarrusylinteri"},"content":{"rendered":"<p>Reik\u00e4-\u00d8 [mm]: 21; Jarruj\u00e4rjestelm\u00e4: Lucas; Asennuspuoli: Hinterachse; RENAULT: SC\u00c9NIC I JA0\/1_,MEGANE Scenic JA0\/1_,MEGANE I BA0\/1_,MEGANE I Grandtour KA0\/1_,LAGUNA I B56_, 556_,LAGUNA I Grandtour K56_,MEGANE I Classic LA0\/1_,MEGANE I Coach DA0\/1_; PEUGEOT: 106 II 1,306 Schr\u00e4gheck 7A, 7C, N3, N5,306 Cabriolet 7D, N3, N5,306 7B, N3, N5,106 Van 1_,306 Van N_, 7_,306 Kasten\/Schr\u00e4gheck; CITRO\u00cbN: SAXO S0, S1,XSARA N1,XSARA Coupe N0,ZX N2,ZX Break N2,SAXO Hatchback van S3_,XSARA Kasten\/Schr\u00e4gheck; 4402A8, 4402C3, 4402A8, 4402C3, 7701041021; Py\u00f6r\u00e4n Jarrusylinteri,Jarrusylinteri<\/p>\n","protected":false},"excerpt":{"rendered":"<p>DELPHI Takajarrusylinteri LW30005 Py\u00f6r\u00e4n Jarrusylinteri,Jarrusylinteri RENAULT,PEUGEOT,CITRO\u00cbN,SC\u00c9NIC I JA0\/1_,MEGANE Scenic JA0\/1_,MEGANE I BA0\/1_<\/p>\n","protected":false},"featured_media":0,"template":"","meta":{"site-sidebar-layout":"default","site-content-layout":"default","ast-global-header-display":"","ast-main-header-display":"","ast-hfb-above-header-display":"","ast-hfb-below-header-display":"","ast-hfb-mobile-header-display":"","site-post-title":"","ast-breadcrumbs-content":"","ast-featured-img":"","footer-sml-layout":"","theme-transparent-header-meta":"","adv-header-id-meta":"","stick-header-meta":"","header-above-stick-meta":"","header-main-stick-meta":"","header-below-stick-meta":""},"pwb-brand":[538],"product_cat":[158],"product_tag":[],"class_list":{"0":"post-103869","1":"product","2":"type-product","3":"status-publish","5":"pwb-brand-delphi","6":"product_cat-takajarrusylinteri","7":"desktop-align-left","8":"tablet-align-left","9":"mobile-align-left","11":"first","12":"instock","13":"product-type-external"},"brands":[{"id":538,"name":"Delphi","slug":"delphi"}],"_links":{"self":[{"href":"https:\/\/www.autonvaraosahaku.fi\/index.php?rest_route=\/wp\/v2\/product\/103869","targetHints":{"allow":["GET"]}}],"collection":[{"href":"https:\/\/www.autonvaraosahaku.fi\/index.php?rest_route=\/wp\/v2\/product"}],"about":[{"href":"https:\/\/www.autonvaraosahaku.fi\/index.php?rest_route=\/wp\/v2\/types\/product"}],"wp:attachment":[{"href":"https:\/\/www.autonvaraosahaku.fi\/index.php?rest_route=%2Fwp%2Fv2%2Fmedia&parent=103869"}],"wp:term":[{"taxonomy":"pwb-brand","embeddable":true,"href":"https:\/\/www.autonvaraosahaku.fi\/index.php?rest_route=%2Fwp%2Fv2%2Fpwb-brand&post=103869"},{"taxonomy":"product_cat","embeddable":true,"href":"https:\/\/www.autonvaraosahaku.fi\/index.php?rest_route=%2Fwp%2Fv2%2Fproduct_cat&post=103869"},{"taxonomy":"product_tag","embeddable":true,"href":"https:\/\/www.autonvaraosahaku.fi\/index.php?rest_route=%2Fwp%2Fv2%2Fproduct_tag&post=103869"}],"curies":[{"name":"wp","href":"https:\/\/api.w.org\/{rel}","templated":true}]}}