{"id":103883,"date":"2021-02-21T23:00:00","date_gmt":"2021-02-21T23:00:00","guid":{"rendered":"https:\/\/www.autonvaraosahaku.fi\/?product=delphi-lp2008-jarrupalat"},"modified":"2021-02-21T23:00:04","modified_gmt":"2021-02-21T23:00:04","slug":"delphi-lp2008-jarrupalat","status":"publish","type":"product","link":"https:\/\/www.autonvaraosahaku.fi\/?product=delphi-lp2008-jarrupalat","title":{"rendered":"Delphi LP2008 Jarrupalat"},"content":{"rendered":"<p>WVA-numero: 24496; Jarruj\u00e4rjestelm\u00e4: TRW; Pituus (mm): 106; Pituus 2 (mm): 106; Korkeus (mm): 49; Korkeus 2 (mm): 49; Paksuus 1 [mm]: 17; Paksuus 2 [mm]: 17; M\u00e4\u00e4r\u00e4yksikk\u00f6: Akselisarja; Asennuspuoli: Hinterachse; FORD: MONDEO IV Turnier BA7,S-MAX WA6,GALAXY WA6,MONDEO IV BA7,MONDEO IV Stufenheck BA7; VOLVO: XC60,V70 III BW,V60,XC70 II,S80 II AS,S60 II; LAND ROVER: FREELANDER 2 FA_,RANGE ROVER EVOQUE LV,RANGE ROVER EVOQUE Cabriolet LV_; 1426143, 1426144, 1439866, 1459450, 1503969, 1566233, 1655233, 1752093, 1916606, 6G912M008AA, 6G912M008BA, 6G912M008FA, 6G912M008FB, 6G912M008FC, 6G912M008FD, ME6G9J2M008FA, ME6G9J2M008FB, LP2008, LR027129, LR043285, LR043714, 30671574, 30671575, 30674575, 30675174, 30742516, 30794554, 30794555, 3079554, 31317482, 31317483, 31408670, 31445796; Jarrupalasarja,Jarrupala, Levyjarru<\/p>\n","protected":false},"excerpt":{"rendered":"<p>DELPHI Jarrupalat LP2008 Jarrupalasarja,Jarrupala, Levyjarru FORD,VOLVO,LAND ROVER,MONDEO IV Turnier BA7,S-MAX WA6,GALAXY WA6,MONDEO IV BA7<\/p>\n","protected":false},"featured_media":0,"template":"","meta":{"site-sidebar-layout":"default","site-content-layout":"default","ast-global-header-display":"","ast-main-header-display":"","ast-hfb-above-header-display":"","ast-hfb-below-header-display":"","ast-hfb-mobile-header-display":"","site-post-title":"","ast-breadcrumbs-content":"","ast-featured-img":"","footer-sml-layout":"","theme-transparent-header-meta":"","adv-header-id-meta":"","stick-header-meta":"","header-above-stick-meta":"","header-main-stick-meta":"","header-below-stick-meta":""},"pwb-brand":[538],"product_cat":[100],"product_tag":[],"class_list":{"0":"post-103883","1":"product","2":"type-product","3":"status-publish","5":"pwb-brand-delphi","6":"product_cat-jarrupalat","7":"desktop-align-left","8":"tablet-align-left","9":"mobile-align-left","11":"first","12":"instock","13":"product-type-external"},"brands":[{"id":538,"name":"Delphi","slug":"delphi"}],"_links":{"self":[{"href":"https:\/\/www.autonvaraosahaku.fi\/index.php?rest_route=\/wp\/v2\/product\/103883","targetHints":{"allow":["GET"]}}],"collection":[{"href":"https:\/\/www.autonvaraosahaku.fi\/index.php?rest_route=\/wp\/v2\/product"}],"about":[{"href":"https:\/\/www.autonvaraosahaku.fi\/index.php?rest_route=\/wp\/v2\/types\/product"}],"wp:attachment":[{"href":"https:\/\/www.autonvaraosahaku.fi\/index.php?rest_route=%2Fwp%2Fv2%2Fmedia&parent=103883"}],"wp:term":[{"taxonomy":"pwb-brand","embeddable":true,"href":"https:\/\/www.autonvaraosahaku.fi\/index.php?rest_route=%2Fwp%2Fv2%2Fpwb-brand&post=103883"},{"taxonomy":"product_cat","embeddable":true,"href":"https:\/\/www.autonvaraosahaku.fi\/index.php?rest_route=%2Fwp%2Fv2%2Fproduct_cat&post=103883"},{"taxonomy":"product_tag","embeddable":true,"href":"https:\/\/www.autonvaraosahaku.fi\/index.php?rest_route=%2Fwp%2Fv2%2Fproduct_tag&post=103883"}],"curies":[{"name":"wp","href":"https:\/\/api.w.org\/{rel}","templated":true}]}}