{"id":103889,"date":"2021-02-21T23:00:00","date_gmt":"2021-02-21T23:00:00","guid":{"rendered":"https:\/\/www.autonvaraosahaku.fi\/?product=delphi-es20118-12b1-lambda-anturi"},"modified":"2021-02-21T23:00:06","modified_gmt":"2021-02-21T23:00:06","slug":"delphi-es20118-12b1-lambda-anturi","status":"publish","type":"product","link":"https:\/\/www.autonvaraosahaku.fi\/?product=delphi-es20118-12b1-lambda-anturi","title":{"rendered":"Delphi ES20118-12B1 Lambda anturi"},"content":{"rendered":"<p>Pituus (mm): 350; Johtimien m\u00e4\u00e4r\u00e4: 4; Valmistusvuosi alkaen: 09\/1993; TOYOTA: YARIS SCP1_, NLP1_, NCP1_,AVENSIS Kombi T25,RAV 4 III ACA3_, ACE_, ALA3_, GSA3_, ZSA3_,AVENSIS T25_,YARIS VERSO _NLP2_, _NCP2_,AVENSIS Stufenheck T25,AVENSIS _T22_,AVENSIS Station Wagon _T22_,RAV 4 I SXA1_,LAND CRUISER KDJ12_, GRJ12_,AVENSIS Liftback _T22_,PICNIC _XM10,MR 2 III ZZW3_,CARINA E _T19_,LAND CRUISER 100 UZJ100,CARINA E Stufenheck _T19_,CARINA E Sportswagon _T19_,RAV 4 \u00a0 SXA1_,CAMRY MCV3_, ACV3_, _XV3_,CAMRY _CV2_, _XV2_,PRIUS Stufenheck NHW11_,4 RUNNER KZN18_, VZN18_, RZN18_,CAMRY Stufenheck _XV4_,CAMRY Stufenheck AVV5_, XV5_,CAMRY Station Wagon _CV2_, _XV2_,MATRIX ZRE14_, AZE14_; LEXUS: GS JZS147,ES AVV6_, GSV6_, ASV6_,ES GSV4_, ACV4_,ES MCV_, VZV_; 8946597403, 8946520430, 8946533180, 8946533360, 8946505020, 8946505100, 8946506030, 894650D040, 8946517180, 8946520430, 8946533180, 8946533250, 8946533360, 8946533440, 8946535670, 8946535680, 8946542170, 8946547050, 8946552030, 8946552050, 8946552180, 8946560290, 8946560300, 8946580041; Lambdatunnistin,Happianturi<\/p>\n","protected":false},"excerpt":{"rendered":"<p>DELPHI Lambda Anturi ES20118-12B1 Lambdatunnistin,Happianturi TOYOTA,LEXUS,YARIS SCP1_, NLP1_, NCP1_,AVENSIS Kombi T25<\/p>\n","protected":false},"featured_media":0,"template":"","meta":{"site-sidebar-layout":"default","site-content-layout":"default","ast-global-header-display":"","ast-main-header-display":"","ast-hfb-above-header-display":"","ast-hfb-below-header-display":"","ast-hfb-mobile-header-display":"","site-post-title":"","ast-breadcrumbs-content":"","ast-featured-img":"","footer-sml-layout":"","theme-transparent-header-meta":"","adv-header-id-meta":"","stick-header-meta":"","header-above-stick-meta":"","header-main-stick-meta":"","header-below-stick-meta":""},"pwb-brand":[538],"product_cat":[264],"product_tag":[],"class_list":{"0":"post-103889","1":"product","2":"type-product","3":"status-publish","5":"pwb-brand-delphi","6":"product_cat-lambda-anturi","7":"desktop-align-left","8":"tablet-align-left","9":"mobile-align-left","11":"first","12":"instock","13":"product-type-external"},"brands":[{"id":538,"name":"Delphi","slug":"delphi"}],"_links":{"self":[{"href":"https:\/\/www.autonvaraosahaku.fi\/index.php?rest_route=\/wp\/v2\/product\/103889","targetHints":{"allow":["GET"]}}],"collection":[{"href":"https:\/\/www.autonvaraosahaku.fi\/index.php?rest_route=\/wp\/v2\/product"}],"about":[{"href":"https:\/\/www.autonvaraosahaku.fi\/index.php?rest_route=\/wp\/v2\/types\/product"}],"wp:attachment":[{"href":"https:\/\/www.autonvaraosahaku.fi\/index.php?rest_route=%2Fwp%2Fv2%2Fmedia&parent=103889"}],"wp:term":[{"taxonomy":"pwb-brand","embeddable":true,"href":"https:\/\/www.autonvaraosahaku.fi\/index.php?rest_route=%2Fwp%2Fv2%2Fpwb-brand&post=103889"},{"taxonomy":"product_cat","embeddable":true,"href":"https:\/\/www.autonvaraosahaku.fi\/index.php?rest_route=%2Fwp%2Fv2%2Fproduct_cat&post=103889"},{"taxonomy":"product_tag","embeddable":true,"href":"https:\/\/www.autonvaraosahaku.fi\/index.php?rest_route=%2Fwp%2Fv2%2Fproduct_tag&post=103889"}],"curies":[{"name":"wp","href":"https:\/\/api.w.org\/{rel}","templated":true}]}}