{"id":103901,"date":"2021-02-21T23:00:07","date_gmt":"2021-02-21T23:00:07","guid":{"rendered":"https:\/\/www.autonvaraosahaku.fi\/?product=delphi-bg3653-jarrulevyt"},"modified":"2021-02-21T23:00:10","modified_gmt":"2021-02-21T23:00:10","slug":"delphi-bg3653-jarrulevyt","status":"publish","type":"product","link":"https:\/\/www.autonvaraosahaku.fi\/?product=delphi-bg3653-jarrulevyt","title":{"rendered":"Delphi BG3653 Jarrulevyt"},"content":{"rendered":"<p>Jarrulevytyyppi: Vakiomalli; L\u00e4pimitta [mm]: 247; Jarrulevyn paksuus (mm): 9; V\u00e4himm\u00e4ispaksuus (mm): 7; keskitt\u00e4misl\u00e4pimitta [mm]: 71; Syvyys (mm): 35; testausnormin mukainen: R90 Approved, R90 Approved; Reikien m\u00e4\u00e4r\u00e4: 4; Asennuspuoli: Hinterachse; PEUGEOT: 307 SW 3H,307 CC 3B,307 3A\/C,307 Break 3E,1007 KM_,PARTNER Combispace 5F,PARTNER Kasten 5; CITRO\u00cbN: BERLINGO MF,XSARA PICASSO N68,C2 JM_,C3 I FC_,BERLINGO B9,C4 I LC_,BERLINGO Kasten M_,C4 Coupe LA_,C3 Pluriel HB_,BERLINGO Kasten B9,C2 ENTERPRISE; 1618861980, 4246W9, 4246X8, 4246XB, 424952, 424953, 424990, E169198, 1618861980, 4246W9, 4246X8, 4246XB, 424952, 424953, 424990, E169198; Jarrulevy<\/p>\n","protected":false},"excerpt":{"rendered":"<p>DELPHI Jarrulevyt BG3653 Jarrulevy PEUGEOT,CITRO\u00cbN,307 SW 3H,307 CC 3B,307 3A\/C,307 Break 3E,1007 KM_,PARTNER Combispace 5F,PARTNER Kasten 5<\/p>\n","protected":false},"featured_media":0,"template":"","meta":{"site-sidebar-layout":"default","site-content-layout":"default","ast-global-header-display":"","ast-main-header-display":"","ast-hfb-above-header-display":"","ast-hfb-below-header-display":"","ast-hfb-mobile-header-display":"","site-post-title":"","ast-breadcrumbs-content":"","ast-featured-img":"","footer-sml-layout":"","theme-transparent-header-meta":"","adv-header-id-meta":"","stick-header-meta":"","header-above-stick-meta":"","header-main-stick-meta":"","header-below-stick-meta":""},"pwb-brand":[538],"product_cat":[66],"product_tag":[],"class_list":{"0":"post-103901","1":"product","2":"type-product","3":"status-publish","5":"pwb-brand-delphi","6":"product_cat-jarrulevyt","7":"desktop-align-left","8":"tablet-align-left","9":"mobile-align-left","11":"first","12":"instock","13":"product-type-external"},"brands":[{"id":538,"name":"Delphi","slug":"delphi"}],"_links":{"self":[{"href":"https:\/\/www.autonvaraosahaku.fi\/index.php?rest_route=\/wp\/v2\/product\/103901","targetHints":{"allow":["GET"]}}],"collection":[{"href":"https:\/\/www.autonvaraosahaku.fi\/index.php?rest_route=\/wp\/v2\/product"}],"about":[{"href":"https:\/\/www.autonvaraosahaku.fi\/index.php?rest_route=\/wp\/v2\/types\/product"}],"wp:attachment":[{"href":"https:\/\/www.autonvaraosahaku.fi\/index.php?rest_route=%2Fwp%2Fv2%2Fmedia&parent=103901"}],"wp:term":[{"taxonomy":"pwb-brand","embeddable":true,"href":"https:\/\/www.autonvaraosahaku.fi\/index.php?rest_route=%2Fwp%2Fv2%2Fpwb-brand&post=103901"},{"taxonomy":"product_cat","embeddable":true,"href":"https:\/\/www.autonvaraosahaku.fi\/index.php?rest_route=%2Fwp%2Fv2%2Fproduct_cat&post=103901"},{"taxonomy":"product_tag","embeddable":true,"href":"https:\/\/www.autonvaraosahaku.fi\/index.php?rest_route=%2Fwp%2Fv2%2Fproduct_tag&post=103901"}],"curies":[{"name":"wp","href":"https:\/\/api.w.org\/{rel}","templated":true}]}}