{"id":103903,"date":"2021-02-21T23:00:07","date_gmt":"2021-02-21T23:00:07","guid":{"rendered":"https:\/\/www.autonvaraosahaku.fi\/?product=delphi-lp2048-jarrupalat"},"modified":"2021-02-21T23:00:11","modified_gmt":"2021-02-21T23:00:11","slug":"delphi-lp2048-jarrupalat","status":"publish","type":"product","link":"https:\/\/www.autonvaraosahaku.fi\/?product=delphi-lp2048-jarrupalat","title":{"rendered":"Delphi LP2048 Jarrupalat"},"content":{"rendered":"<p>WVA-numero: 24351 24568 24569; Jarruj\u00e4rjestelm\u00e4: Mando; Pituus (mm): 157; Pituus 2 (mm): 157; Korkeus (mm): 61; Korkeus 2 (mm): 61; Paksuus 1 [mm]: 17; Paksuus 2 [mm]: 17; M\u00e4\u00e4r\u00e4yksikk\u00f6: Akselisarja; Asennuspuoli: Vorderachse; HYUNDAI: SANTA F\u00c9 II CM,SANTA F\u00c9 III DM,GRAND SANTA F\u00c9,GENESIS BH; KIA: SORENTO II XM,BORREGO; SSANGYONG: KORANDO,ACTYON SPORTS I QJ,ACTYON SPORTS II,REXTON Y400,ACTYON II; 581010WA00, 581012BA10, 581012PA70, 581012WA70, 581012WA90, 581013MA00, 581013MA01, 581014DU00, 581012JA10, 581012JA11, 581012JA50, 581012PA70, 48130341A0, 4813036B00; Jarrupalasarja,Jarrupala, Levyjarru<\/p>\n","protected":false},"excerpt":{"rendered":"<p>DELPHI Jarrupalat LP2048 Jarrupalasarja,Jarrupala, Levyjarru HYUNDAI,KIA,SSANGYONG,SANTA F\u00c9 II CM,SANTA F\u00c9 III DM,GRAND SANTA F\u00c9,GENESIS BH<\/p>\n","protected":false},"featured_media":0,"template":"","meta":{"site-sidebar-layout":"default","site-content-layout":"default","ast-global-header-display":"","ast-main-header-display":"","ast-hfb-above-header-display":"","ast-hfb-below-header-display":"","ast-hfb-mobile-header-display":"","site-post-title":"","ast-breadcrumbs-content":"","ast-featured-img":"","footer-sml-layout":"","theme-transparent-header-meta":"","adv-header-id-meta":"","stick-header-meta":"","header-above-stick-meta":"","header-main-stick-meta":"","header-below-stick-meta":""},"pwb-brand":[538],"product_cat":[100],"product_tag":[],"class_list":{"0":"post-103903","1":"product","2":"type-product","3":"status-publish","5":"pwb-brand-delphi","6":"product_cat-jarrupalat","7":"desktop-align-left","8":"tablet-align-left","9":"mobile-align-left","11":"first","12":"instock","13":"product-type-external"},"brands":[{"id":538,"name":"Delphi","slug":"delphi"}],"_links":{"self":[{"href":"https:\/\/www.autonvaraosahaku.fi\/index.php?rest_route=\/wp\/v2\/product\/103903","targetHints":{"allow":["GET"]}}],"collection":[{"href":"https:\/\/www.autonvaraosahaku.fi\/index.php?rest_route=\/wp\/v2\/product"}],"about":[{"href":"https:\/\/www.autonvaraosahaku.fi\/index.php?rest_route=\/wp\/v2\/types\/product"}],"wp:attachment":[{"href":"https:\/\/www.autonvaraosahaku.fi\/index.php?rest_route=%2Fwp%2Fv2%2Fmedia&parent=103903"}],"wp:term":[{"taxonomy":"pwb-brand","embeddable":true,"href":"https:\/\/www.autonvaraosahaku.fi\/index.php?rest_route=%2Fwp%2Fv2%2Fpwb-brand&post=103903"},{"taxonomy":"product_cat","embeddable":true,"href":"https:\/\/www.autonvaraosahaku.fi\/index.php?rest_route=%2Fwp%2Fv2%2Fproduct_cat&post=103903"},{"taxonomy":"product_tag","embeddable":true,"href":"https:\/\/www.autonvaraosahaku.fi\/index.php?rest_route=%2Fwp%2Fv2%2Fproduct_tag&post=103903"}],"curies":[{"name":"wp","href":"https:\/\/api.w.org\/{rel}","templated":true}]}}