{"id":10392,"date":"2021-02-21T14:08:39","date_gmt":"2021-02-21T14:08:39","guid":{"rendered":"https:\/\/www.autonvaraosahaku.fi\/?product=brembo-09-b355-1x-jarrulevyt"},"modified":"2021-02-21T14:08:40","modified_gmt":"2021-02-21T14:08:40","slug":"brembo-09-b355-1x-jarrulevyt","status":"publish","type":"product","link":"https:\/\/www.autonvaraosahaku.fi\/?product=brembo-09-b355-1x-jarrulevyt","title":{"rendered":"BREMBO 09.B355.1X Jarrulevyt"},"content":{"rendered":"<p>Keskitt\u00e4misl\u00e4pimitta [mm]: 60; Kiristysmomentti: 120; Pinta: pinnoitettu; Korvaava tuote\/korvaava tiedote 2: Ruuveilla; Reikien m\u00e4\u00e4r\u00e4: 5; V\u00e4himm\u00e4ispaksuus (mm): 23,8; Jarrulevyn paksuus (mm): 26; Jarrulevytyyppi: Reijitetty \/ tuuletettu; Korkeus (mm): 45,5; L\u00e4pimitta [mm]: 276; Tuotelinja: XTRA LINE; Tuning: 1; Asennuspuoli: Vorderachse; CHEVROLET: CRUZE J300,CRUZE Station Wagon J308,AVEO Schr\u00e4gheck T300,CRUZE Schr\u00e4gheck J305,AVEO Stufenheck T300; OPEL: ASTRA J Sports Tourer,ASTRA J,ASTRA GTC J,ASTRA J Stufenheck; VAUXHALL: ASTRA Mk VI J CC,ASTRA Mk VI J,ASTRA Mk VI J Sedan,ASTRA Mk VI J Estate; 13502044, 13502045, 569069, 569073, 13502044, 13502045; Jarrulevy<\/p>\n","protected":false},"excerpt":{"rendered":"<p>BREMBO Jarrulevyt 09.B355.1X Jarrulevy CHEVROLET,OPEL,VAUXHALL,CRUZE J300,CRUZE Station Wagon J308,AVEO Schr\u00e4gheck T300,CRUZE Schr\u00e4gheck J305<\/p>\n","protected":false},"featured_media":0,"template":"","meta":{"site-sidebar-layout":"default","site-content-layout":"default","ast-global-header-display":"","ast-main-header-display":"","ast-hfb-above-header-display":"","ast-hfb-below-header-display":"","ast-hfb-mobile-header-display":"","site-post-title":"","ast-breadcrumbs-content":"","ast-featured-img":"","footer-sml-layout":"","theme-transparent-header-meta":"","adv-header-id-meta":"","stick-header-meta":"","header-above-stick-meta":"","header-main-stick-meta":"","header-below-stick-meta":""},"pwb-brand":[146],"product_cat":[66],"product_tag":[],"class_list":{"0":"post-10392","1":"product","2":"type-product","3":"status-publish","5":"pwb-brand-brembo","6":"product_cat-jarrulevyt","7":"desktop-align-left","8":"tablet-align-left","9":"mobile-align-left","11":"first","12":"instock","13":"product-type-external"},"brands":[{"id":146,"name":"BREMBO","slug":"brembo"}],"_links":{"self":[{"href":"https:\/\/www.autonvaraosahaku.fi\/index.php?rest_route=\/wp\/v2\/product\/10392","targetHints":{"allow":["GET"]}}],"collection":[{"href":"https:\/\/www.autonvaraosahaku.fi\/index.php?rest_route=\/wp\/v2\/product"}],"about":[{"href":"https:\/\/www.autonvaraosahaku.fi\/index.php?rest_route=\/wp\/v2\/types\/product"}],"wp:attachment":[{"href":"https:\/\/www.autonvaraosahaku.fi\/index.php?rest_route=%2Fwp%2Fv2%2Fmedia&parent=10392"}],"wp:term":[{"taxonomy":"pwb-brand","embeddable":true,"href":"https:\/\/www.autonvaraosahaku.fi\/index.php?rest_route=%2Fwp%2Fv2%2Fpwb-brand&post=10392"},{"taxonomy":"product_cat","embeddable":true,"href":"https:\/\/www.autonvaraosahaku.fi\/index.php?rest_route=%2Fwp%2Fv2%2Fproduct_cat&post=10392"},{"taxonomy":"product_tag","embeddable":true,"href":"https:\/\/www.autonvaraosahaku.fi\/index.php?rest_route=%2Fwp%2Fv2%2Fproduct_tag&post=10392"}],"curies":[{"name":"wp","href":"https:\/\/api.w.org\/{rel}","templated":true}]}}