{"id":103930,"date":"2021-02-21T23:00:20","date_gmt":"2021-02-21T23:00:20","guid":{"rendered":"https:\/\/www.autonvaraosahaku.fi\/?product=delphi-ce20044-12b1-sytytyspuola"},"modified":"2021-02-21T23:00:20","modified_gmt":"2021-02-21T23:00:20","slug":"delphi-ce20044-12b1-sytytyspuola","status":"publish","type":"product","link":"https:\/\/www.autonvaraosahaku.fi\/?product=delphi-ce20044-12b1-sytytyspuola","title":{"rendered":"Delphi CE20044-12B1 Sytytyspuola"},"content":{"rendered":"<p>J\u00e4nnite (V): 14; K\u00e4yt\u00f6ss\u00e4 koskettimia: 3; Valmistusvuoteen: 08\/1997; MAZDA: 2 DY,TRIBUTE EP,121 III JASM, JBSM; VOLVO: V50 MW,S40 II MS; FORD: FIESTA V JH_, JD_,MONDEO III Kombi BWY,FOCUS II Kombi DA_,FOCUS Kombi DNW,FOCUS II DA_,FOCUS DAW, DBW,GALAXY WGR,FOCUS C-MAX,FIESTA IV JA_, JB_,FUSION JU_,KA RB_,MONDEO III B5Y,MAVERICK,MONDEO III Stufenheck B4Y,FOCUS Stufenheck DFW,STREET KA RL2,MONDEO II Kombi BNP,TRANSIT CONNECT P65_, P70_, P80_,COUGAR EC_,MONDEO II BAP,TOURNEO CONNECT,PUMA EC_,ESCORT VII GAL, AAL, ABL,MONDEO II Stufenheck BFP,ESCORT VII Kombi GAL, ANL,FIESTA V Van,ESCORT VII Cabriolet ALL,FIESTA Kasten J5_, J3_,ESCORT VII Stufenheck GAL, AFL,KA Van RB,ESCORT CLASSIC AAL, ABL,ESCORT CLASSIC Turnier ANL; 1053904, 1067601, 1075786, 1111212, 1111213, 1130402, 1317972, 1319929, 1517813, 1619343, 1S7G12029AB, 1S7G12029AC, 988F12029AB, 988F12029AC, 988F12029AD, 988F12029BA, 98BF12024AB, YM2F12024AC, YM2F12024AD, YM2F12029AA, YM2F12029AB, 1E031810X, YF091810X, 30735759, 31359976<\/p>\n","protected":false},"excerpt":{"rendered":"<p>DELPHI Sytytyspuola CE20044-12B1  MAZDA,VOLVO,FORD,2 DY,TRIBUTE EP,121 III JASM, JBSM,V50 MW,S40 II MS,FIESTA V JH_, JD_,MONDEO III Kombi BWY<\/p>\n","protected":false},"featured_media":0,"template":"","meta":{"site-sidebar-layout":"default","site-content-layout":"default","ast-global-header-display":"","ast-main-header-display":"","ast-hfb-above-header-display":"","ast-hfb-below-header-display":"","ast-hfb-mobile-header-display":"","site-post-title":"","ast-breadcrumbs-content":"","ast-featured-img":"","footer-sml-layout":"","theme-transparent-header-meta":"","adv-header-id-meta":"","stick-header-meta":"","header-above-stick-meta":"","header-main-stick-meta":"","header-below-stick-meta":""},"pwb-brand":[538],"product_cat":[25],"product_tag":[],"class_list":{"0":"post-103930","1":"product","2":"type-product","3":"status-publish","5":"pwb-brand-delphi","6":"product_cat-sytytyspuola","7":"desktop-align-left","8":"tablet-align-left","9":"mobile-align-left","11":"first","12":"instock","13":"product-type-external"},"brands":[{"id":538,"name":"Delphi","slug":"delphi"}],"_links":{"self":[{"href":"https:\/\/www.autonvaraosahaku.fi\/index.php?rest_route=\/wp\/v2\/product\/103930","targetHints":{"allow":["GET"]}}],"collection":[{"href":"https:\/\/www.autonvaraosahaku.fi\/index.php?rest_route=\/wp\/v2\/product"}],"about":[{"href":"https:\/\/www.autonvaraosahaku.fi\/index.php?rest_route=\/wp\/v2\/types\/product"}],"wp:attachment":[{"href":"https:\/\/www.autonvaraosahaku.fi\/index.php?rest_route=%2Fwp%2Fv2%2Fmedia&parent=103930"}],"wp:term":[{"taxonomy":"pwb-brand","embeddable":true,"href":"https:\/\/www.autonvaraosahaku.fi\/index.php?rest_route=%2Fwp%2Fv2%2Fpwb-brand&post=103930"},{"taxonomy":"product_cat","embeddable":true,"href":"https:\/\/www.autonvaraosahaku.fi\/index.php?rest_route=%2Fwp%2Fv2%2Fproduct_cat&post=103930"},{"taxonomy":"product_tag","embeddable":true,"href":"https:\/\/www.autonvaraosahaku.fi\/index.php?rest_route=%2Fwp%2Fv2%2Fproduct_tag&post=103930"}],"curies":[{"name":"wp","href":"https:\/\/api.w.org\/{rel}","templated":true}]}}