{"id":103934,"date":"2021-02-21T23:00:20","date_gmt":"2021-02-21T23:00:20","guid":{"rendered":"https:\/\/www.autonvaraosahaku.fi\/?product=delphi-bg3142-jarrulevyt"},"modified":"2021-02-21T23:00:21","modified_gmt":"2021-02-21T23:00:21","slug":"delphi-bg3142-jarrulevyt","status":"publish","type":"product","link":"https:\/\/www.autonvaraosahaku.fi\/?product=delphi-bg3142-jarrulevyt","title":{"rendered":"Delphi BG3142 Jarrulevyt"},"content":{"rendered":"<p>Jarrulevytyyppi: Tuuletettu; L\u00e4pimitta [mm]: 288; Jarrulevyn paksuus (mm): 25; V\u00e4himm\u00e4ispaksuus (mm): 22; keskitt\u00e4misl\u00e4pimitta [mm]: 70; Syvyys (mm): 42; testausnormin mukainen: R90 Approved, R90 Approved; Reikien m\u00e4\u00e4r\u00e4: 5; Asennuspuoli: Vorderachse; OPEL: VECTRA B 36_,VECTRA B Caravan 31_,CALIBRA A 85_,VECTRA B CC 38_,SPEEDSTER; SAAB: 9-3 YS3F,9-5 Kombi YS3E,9-3 YS3D,9-5 YS3E,9-3 Cabriolet YS3D,900 II Cabriolet,900 II,900 II Coupe; LOTUS: ELISE; VAUXHALL: CALIBRA,VECTRA B CC,VX220,VECTRA B Estate,VECTRA B; B117J0028F, 4801628, 569009, 569056, 569357, 90496327, 90512029, 93179053, 93182284, 32025723, 4566840, 4837019, 4839007, 4839320, 5390786, 4837019, 4839320, 5390786, 569056, 90496327, 90512029, 93179053, 93182284; Jarrulevy<\/p>\n","protected":false},"excerpt":{"rendered":"<p>DELPHI Jarrulevyt BG3142 Jarrulevy OPEL,SAAB,LOTUS,VECTRA B 36_,VECTRA B Caravan 31_,CALIBRA A 85_,VECTRA B CC 38_,SPEEDSTER,9-3 YS3F,9-5 Kombi YS3E<\/p>\n","protected":false},"featured_media":0,"template":"","meta":{"site-sidebar-layout":"default","site-content-layout":"default","ast-global-header-display":"","ast-main-header-display":"","ast-hfb-above-header-display":"","ast-hfb-below-header-display":"","ast-hfb-mobile-header-display":"","site-post-title":"","ast-breadcrumbs-content":"","ast-featured-img":"","footer-sml-layout":"","theme-transparent-header-meta":"","adv-header-id-meta":"","stick-header-meta":"","header-above-stick-meta":"","header-main-stick-meta":"","header-below-stick-meta":""},"pwb-brand":[538],"product_cat":[66],"product_tag":[],"class_list":{"0":"post-103934","1":"product","2":"type-product","3":"status-publish","5":"pwb-brand-delphi","6":"product_cat-jarrulevyt","7":"desktop-align-left","8":"tablet-align-left","9":"mobile-align-left","11":"first","12":"instock","13":"product-type-external"},"brands":[{"id":538,"name":"Delphi","slug":"delphi"}],"_links":{"self":[{"href":"https:\/\/www.autonvaraosahaku.fi\/index.php?rest_route=\/wp\/v2\/product\/103934","targetHints":{"allow":["GET"]}}],"collection":[{"href":"https:\/\/www.autonvaraosahaku.fi\/index.php?rest_route=\/wp\/v2\/product"}],"about":[{"href":"https:\/\/www.autonvaraosahaku.fi\/index.php?rest_route=\/wp\/v2\/types\/product"}],"wp:attachment":[{"href":"https:\/\/www.autonvaraosahaku.fi\/index.php?rest_route=%2Fwp%2Fv2%2Fmedia&parent=103934"}],"wp:term":[{"taxonomy":"pwb-brand","embeddable":true,"href":"https:\/\/www.autonvaraosahaku.fi\/index.php?rest_route=%2Fwp%2Fv2%2Fpwb-brand&post=103934"},{"taxonomy":"product_cat","embeddable":true,"href":"https:\/\/www.autonvaraosahaku.fi\/index.php?rest_route=%2Fwp%2Fv2%2Fproduct_cat&post=103934"},{"taxonomy":"product_tag","embeddable":true,"href":"https:\/\/www.autonvaraosahaku.fi\/index.php?rest_route=%2Fwp%2Fv2%2Fproduct_tag&post=103934"}],"curies":[{"name":"wp","href":"https:\/\/api.w.org\/{rel}","templated":true}]}}