{"id":103938,"date":"2021-02-21T23:00:20","date_gmt":"2021-02-21T23:00:20","guid":{"rendered":"https:\/\/www.autonvaraosahaku.fi\/?product=delphi-lx0004-muut-luokat"},"modified":"2021-02-21T23:00:23","modified_gmt":"2021-02-21T23:00:23","slug":"delphi-lx0004-muut-luokat","status":"publish","type":"product","link":"https:\/\/www.autonvaraosahaku.fi\/?product=delphi-lx0004-muut-luokat","title":{"rendered":"Delphi LX0004 Muut luokat"},"content":{"rendered":"<p>M\u00e4\u00e4r\u00e4: 10; tuotenumerolle: LP39; VOLVO: 240 Kombi P245,240 P242, P244,P 1800,164,140 142, 144,P 122 S AMAZON,140 Kombi 145,P 122 S AMAZON Kombi; JAGUAR: E-TYPE Convertible,E-TYPE,E-TYPE 2+2; ROVER: 2000-3500 P6; LOTUS: EXCEL,ELITE; 1130907, 56409070, 33409070<\/p>\n","protected":false},"excerpt":{"rendered":"<p>DELPHI Tarvikesarja, Jarrupala LX0004  VOLVO,JAGUAR,ROVER,240 Kombi P245,240 P242, P244,P 1800,164,140 142, 144,P 122 S AMAZON,140 Kombi 145<\/p>\n","protected":false},"featured_media":0,"template":"","meta":{"site-sidebar-layout":"default","site-content-layout":"default","ast-global-header-display":"","ast-main-header-display":"","ast-hfb-above-header-display":"","ast-hfb-below-header-display":"","ast-hfb-mobile-header-display":"","site-post-title":"","ast-breadcrumbs-content":"","ast-featured-img":"","footer-sml-layout":"","theme-transparent-header-meta":"","adv-header-id-meta":"","stick-header-meta":"","header-above-stick-meta":"","header-main-stick-meta":"","header-below-stick-meta":""},"pwb-brand":[538],"product_cat":[37],"product_tag":[],"class_list":{"0":"post-103938","1":"product","2":"type-product","3":"status-publish","5":"pwb-brand-delphi","6":"product_cat-muut-luokat","7":"desktop-align-left","8":"tablet-align-left","9":"mobile-align-left","11":"first","12":"instock","13":"product-type-external"},"brands":[{"id":538,"name":"Delphi","slug":"delphi"}],"_links":{"self":[{"href":"https:\/\/www.autonvaraosahaku.fi\/index.php?rest_route=\/wp\/v2\/product\/103938","targetHints":{"allow":["GET"]}}],"collection":[{"href":"https:\/\/www.autonvaraosahaku.fi\/index.php?rest_route=\/wp\/v2\/product"}],"about":[{"href":"https:\/\/www.autonvaraosahaku.fi\/index.php?rest_route=\/wp\/v2\/types\/product"}],"wp:attachment":[{"href":"https:\/\/www.autonvaraosahaku.fi\/index.php?rest_route=%2Fwp%2Fv2%2Fmedia&parent=103938"}],"wp:term":[{"taxonomy":"pwb-brand","embeddable":true,"href":"https:\/\/www.autonvaraosahaku.fi\/index.php?rest_route=%2Fwp%2Fv2%2Fpwb-brand&post=103938"},{"taxonomy":"product_cat","embeddable":true,"href":"https:\/\/www.autonvaraosahaku.fi\/index.php?rest_route=%2Fwp%2Fv2%2Fproduct_cat&post=103938"},{"taxonomy":"product_tag","embeddable":true,"href":"https:\/\/www.autonvaraosahaku.fi\/index.php?rest_route=%2Fwp%2Fv2%2Fproduct_tag&post=103938"}],"curies":[{"name":"wp","href":"https:\/\/api.w.org\/{rel}","templated":true}]}}