{"id":103943,"date":"2021-02-21T23:00:20","date_gmt":"2021-02-21T23:00:20","guid":{"rendered":"https:\/\/www.autonvaraosahaku.fi\/?product=delphi-9307-529a-jaahdytysnesteen-lampotila-anturi"},"modified":"2021-02-21T23:00:24","modified_gmt":"2021-02-21T23:00:24","slug":"delphi-9307-529a-jaahdytysnesteen-lampotila-anturi","status":"publish","type":"product","link":"https:\/\/www.autonvaraosahaku.fi\/?product=delphi-9307-529a-jaahdytysnesteen-lampotila-anturi","title":{"rendered":"Delphi 9307-529A J\u00e4\u00e4hdytysnesteen l\u00e4mp\u00f6tila anturi"},"content":{"rendered":"<p>Pakokaasunormi: Euro 5; FORD: MONDEO III Kombi BWY,MONDEO IV Turnier BA7,FOCUS Kombi DNW,FOCUS DAW, DBW,S-MAX WA6,FOCUS III Turnier,KUGA I,MONDEO III B5Y,FOCUS III,C-MAX II,MONDEO IV BA7,MONDEO III Stufenheck B4Y,FOCUS Stufenheck DFW,TRANSIT Kasten FA_ _,TRANSIT Bus FD_ _, FB_ _, FS_ _, FZ_ _, FC_ _,TRANSIT Pritsche\/Fahrgestell FM_ _, FN_ _; RENAULT: CLIO II BB0\/1\/2_, CB0\/1\/2_,CLIO III BR0\/1, CR0\/1,SC\u00c9NIC II JM0\/1_,KANGOO KC0\/1_,TWINGO II CN0_,MEGANE III Grandtour KZ0\/1,MODUS \/ GRAND MODUS F\/JP0_,MEGANE II Kombi KM0\/1_,MEGANE II BM0\/1_, CM0\/1_,KANGOO \/ GRAND KANGOO KW0\/1_,KANGOO Express FC0\/1_,GRAND SC\u00c9NIC II JM0\/1_,KANGOO Express FW0\/1_,MEGANE II Stufenheck LM0\/1_,KANGOO BE BOP KW0\/1_,CLIO II Kasten SB0\/1\/2_,FLUENCE L30_,THALIA I LB0\/1\/2_; FIAT: SCUDO 270_,SCUDO Kasten 270_,SCUDO Pritsche\/Fahrgestell 270_; PEUGEOT: 307 SW 3H,307 CC 3B,407 SW 6E_,307 3A\/C,308 SW,807 E,5008,307 Break 3E,508 SW,407 6D_,3008,RCZ,308 CC,508,407 Coupe 6C_,EXPERT Tepee VF3V_,EXPERT Kasten VF3A_, VF3U_, VF3X_; HYUNDAI: TERRACAN HP; CITRO\u00cbN: C5 III Break TD_,C4 Picasso I UD_,C4 Grand Picasso I UA_,C8 EA_, EB_,C4 I LC_,C5 III RD_,C4 Coupe LA_,C4 II B7; NISSAN: NOTE E11,ALMERA II Hatchback N16,NV200 EVALIA,NV200 Kasten,ALMERA Mk II N16; KIA: CARNIVAL II GQ; DACIA: DUSTER,LOGAN MCV KS_,LOGAN LS_; SUZUKI: JIMNY FJ,LIANA Schr\u00e4gheck,LIANA ER; 9467599980; J\u00e4\u00e4hdytysnestel\u00e4mp\u00f6tilan Sensori<\/p>\n","protected":false},"excerpt":{"rendered":"<p>DELPHI J\u00e4\u00e4hdytysnesteen L\u00e4mp\u00f6tila Anturi 9307-529A J\u00e4\u00e4hdytysnestel\u00e4mp\u00f6tilan Sensori FORD,RENAULT,FIAT,MONDEO III Kombi BWY,MONDEO IV Turnier BA7<\/p>\n","protected":false},"featured_media":0,"template":"","meta":{"site-sidebar-layout":"default","site-content-layout":"default","ast-global-header-display":"","ast-main-header-display":"","ast-hfb-above-header-display":"","ast-hfb-below-header-display":"","ast-hfb-mobile-header-display":"","site-post-title":"","ast-breadcrumbs-content":"","ast-featured-img":"","footer-sml-layout":"","theme-transparent-header-meta":"","adv-header-id-meta":"","stick-header-meta":"","header-above-stick-meta":"","header-main-stick-meta":"","header-below-stick-meta":""},"pwb-brand":[538],"product_cat":[200],"product_tag":[],"class_list":{"0":"post-103943","1":"product","2":"type-product","3":"status-publish","5":"pwb-brand-delphi","6":"product_cat-jaahdytysnesteen-lampotila-anturi","7":"desktop-align-left","8":"tablet-align-left","9":"mobile-align-left","11":"first","12":"instock","13":"product-type-external"},"brands":[{"id":538,"name":"Delphi","slug":"delphi"}],"_links":{"self":[{"href":"https:\/\/www.autonvaraosahaku.fi\/index.php?rest_route=\/wp\/v2\/product\/103943","targetHints":{"allow":["GET"]}}],"collection":[{"href":"https:\/\/www.autonvaraosahaku.fi\/index.php?rest_route=\/wp\/v2\/product"}],"about":[{"href":"https:\/\/www.autonvaraosahaku.fi\/index.php?rest_route=\/wp\/v2\/types\/product"}],"wp:attachment":[{"href":"https:\/\/www.autonvaraosahaku.fi\/index.php?rest_route=%2Fwp%2Fv2%2Fmedia&parent=103943"}],"wp:term":[{"taxonomy":"pwb-brand","embeddable":true,"href":"https:\/\/www.autonvaraosahaku.fi\/index.php?rest_route=%2Fwp%2Fv2%2Fpwb-brand&post=103943"},{"taxonomy":"product_cat","embeddable":true,"href":"https:\/\/www.autonvaraosahaku.fi\/index.php?rest_route=%2Fwp%2Fv2%2Fproduct_cat&post=103943"},{"taxonomy":"product_tag","embeddable":true,"href":"https:\/\/www.autonvaraosahaku.fi\/index.php?rest_route=%2Fwp%2Fv2%2Fproduct_tag&post=103943"}],"curies":[{"name":"wp","href":"https:\/\/api.w.org\/{rel}","templated":true}]}}