{"id":103944,"date":"2021-02-21T23:00:20","date_gmt":"2021-02-21T23:00:20","guid":{"rendered":"https:\/\/www.autonvaraosahaku.fi\/?product=delphi-gn10504-12b1-sytytyspuola"},"modified":"2021-02-21T23:00:24","modified_gmt":"2021-02-21T23:00:24","slug":"delphi-gn10504-12b1-sytytyspuola","status":"publish","type":"product","link":"https:\/\/www.autonvaraosahaku.fi\/?product=delphi-gn10504-12b1-sytytyspuola","title":{"rendered":"Delphi GN10504-12B1 Sytytyspuola"},"content":{"rendered":"<p>J\u00e4nnite (V): 12; K\u00e4yt\u00f6ss\u00e4 koskettimia: 3; Valmistusvuoteen: 09\/2012; PORSCHE: BOXSTER 986,911 996,911 997,BOXSTER 987,CAYENNE,911 Cabriolet 996,CAYMAN 987,911 Cabriolet 997,911 Targa 996,911 Targa 997; 90660210101, 90660210200, 90660210301, 99660210100, 99660210101, 99660210200, 99660210400, 99760210400, 99760210700, 99760210702<\/p>\n","protected":false},"excerpt":{"rendered":"<p>DELPHI Sytytyspuola GN10504-12B1  PORSCHE,BOXSTER 986,911 996,911 997,BOXSTER 987,CAYENNE,911 Cabriolet 996,CAYMAN 987,911 Cabriolet 997,911 Targa 996<\/p>\n","protected":false},"featured_media":0,"template":"","meta":{"site-sidebar-layout":"default","site-content-layout":"default","ast-global-header-display":"","ast-main-header-display":"","ast-hfb-above-header-display":"","ast-hfb-below-header-display":"","ast-hfb-mobile-header-display":"","site-post-title":"","ast-breadcrumbs-content":"","ast-featured-img":"","footer-sml-layout":"","theme-transparent-header-meta":"","adv-header-id-meta":"","stick-header-meta":"","header-above-stick-meta":"","header-main-stick-meta":"","header-below-stick-meta":""},"pwb-brand":[538],"product_cat":[25],"product_tag":[],"class_list":{"0":"post-103944","1":"product","2":"type-product","3":"status-publish","5":"pwb-brand-delphi","6":"product_cat-sytytyspuola","7":"desktop-align-left","8":"tablet-align-left","9":"mobile-align-left","11":"first","12":"instock","13":"product-type-external"},"brands":[{"id":538,"name":"Delphi","slug":"delphi"}],"_links":{"self":[{"href":"https:\/\/www.autonvaraosahaku.fi\/index.php?rest_route=\/wp\/v2\/product\/103944","targetHints":{"allow":["GET"]}}],"collection":[{"href":"https:\/\/www.autonvaraosahaku.fi\/index.php?rest_route=\/wp\/v2\/product"}],"about":[{"href":"https:\/\/www.autonvaraosahaku.fi\/index.php?rest_route=\/wp\/v2\/types\/product"}],"wp:attachment":[{"href":"https:\/\/www.autonvaraosahaku.fi\/index.php?rest_route=%2Fwp%2Fv2%2Fmedia&parent=103944"}],"wp:term":[{"taxonomy":"pwb-brand","embeddable":true,"href":"https:\/\/www.autonvaraosahaku.fi\/index.php?rest_route=%2Fwp%2Fv2%2Fpwb-brand&post=103944"},{"taxonomy":"product_cat","embeddable":true,"href":"https:\/\/www.autonvaraosahaku.fi\/index.php?rest_route=%2Fwp%2Fv2%2Fproduct_cat&post=103944"},{"taxonomy":"product_tag","embeddable":true,"href":"https:\/\/www.autonvaraosahaku.fi\/index.php?rest_route=%2Fwp%2Fv2%2Fproduct_tag&post=103944"}],"curies":[{"name":"wp","href":"https:\/\/api.w.org\/{rel}","templated":true}]}}