{"id":103949,"date":"2021-02-21T23:00:20","date_gmt":"2021-02-21T23:00:20","guid":{"rendered":"https:\/\/www.autonvaraosahaku.fi\/?product=delphi-bg3334-jarrulevyt"},"modified":"2021-02-21T23:00:25","modified_gmt":"2021-02-21T23:00:25","slug":"delphi-bg3334-jarrulevyt","status":"publish","type":"product","link":"https:\/\/www.autonvaraosahaku.fi\/?product=delphi-bg3334-jarrulevyt","title":{"rendered":"Delphi BG3334 Jarrulevyt"},"content":{"rendered":"<p>Jarrulevytyyppi: Tuuletettu, Tuuletettu; L\u00e4pimitta [mm]: 257; Jarrulevyn paksuus (mm): 24; V\u00e4himm\u00e4ispaksuus (mm): 22; keskitt\u00e4misl\u00e4pimitta [mm]: 60; Syvyys (mm): 47; Asennusmalli: Poltti\/ruuvi; Reikien m\u00e4\u00e4r\u00e4: 4; Asennuspuoli: Vorderachse; CHEVROLET: NUBIRA Kombi,LACETTI J200,NUBIRA Stufenheck; DAEWOO: NUBIRA Stufenheck KLAN,NUBIRA Wagon KLAN,NUBIRA Wagon KLAJ,NUBIRA Stufenheck KLAJ,NUBIRA KLAJ,NUBIRA J150,NUBIRA Kombi J150,NUBIRA Stufenheck J150; 96286933, 96300035, 96312559, 96286933, 96300035, 96312559; Jarrulevy<\/p>\n","protected":false},"excerpt":{"rendered":"<p>DELPHI Jarrulevyt BG3334 Jarrulevy CHEVROLET,DAEWOO,NUBIRA Kombi,LACETTI J200,NUBIRA Stufenheck,NUBIRA Stufenheck KLAN,NUBIRA Wagon KLAN<\/p>\n","protected":false},"featured_media":0,"template":"","meta":{"site-sidebar-layout":"default","site-content-layout":"default","ast-global-header-display":"","ast-main-header-display":"","ast-hfb-above-header-display":"","ast-hfb-below-header-display":"","ast-hfb-mobile-header-display":"","site-post-title":"","ast-breadcrumbs-content":"","ast-featured-img":"","footer-sml-layout":"","theme-transparent-header-meta":"","adv-header-id-meta":"","stick-header-meta":"","header-above-stick-meta":"","header-main-stick-meta":"","header-below-stick-meta":""},"pwb-brand":[538],"product_cat":[66],"product_tag":[],"class_list":{"0":"post-103949","1":"product","2":"type-product","3":"status-publish","5":"pwb-brand-delphi","6":"product_cat-jarrulevyt","7":"desktop-align-left","8":"tablet-align-left","9":"mobile-align-left","11":"first","12":"instock","13":"product-type-external"},"brands":[{"id":538,"name":"Delphi","slug":"delphi"}],"_links":{"self":[{"href":"https:\/\/www.autonvaraosahaku.fi\/index.php?rest_route=\/wp\/v2\/product\/103949","targetHints":{"allow":["GET"]}}],"collection":[{"href":"https:\/\/www.autonvaraosahaku.fi\/index.php?rest_route=\/wp\/v2\/product"}],"about":[{"href":"https:\/\/www.autonvaraosahaku.fi\/index.php?rest_route=\/wp\/v2\/types\/product"}],"wp:attachment":[{"href":"https:\/\/www.autonvaraosahaku.fi\/index.php?rest_route=%2Fwp%2Fv2%2Fmedia&parent=103949"}],"wp:term":[{"taxonomy":"pwb-brand","embeddable":true,"href":"https:\/\/www.autonvaraosahaku.fi\/index.php?rest_route=%2Fwp%2Fv2%2Fpwb-brand&post=103949"},{"taxonomy":"product_cat","embeddable":true,"href":"https:\/\/www.autonvaraosahaku.fi\/index.php?rest_route=%2Fwp%2Fv2%2Fproduct_cat&post=103949"},{"taxonomy":"product_tag","embeddable":true,"href":"https:\/\/www.autonvaraosahaku.fi\/index.php?rest_route=%2Fwp%2Fv2%2Fproduct_tag&post=103949"}],"curies":[{"name":"wp","href":"https:\/\/api.w.org\/{rel}","templated":true}]}}