{"id":103950,"date":"2021-02-21T23:00:26","date_gmt":"2021-02-21T23:00:26","guid":{"rendered":"https:\/\/www.autonvaraosahaku.fi\/?product=delphi-lp2162-jarrupalat"},"modified":"2021-02-21T23:00:27","modified_gmt":"2021-02-21T23:00:27","slug":"delphi-lp2162-jarrupalat","status":"publish","type":"product","link":"https:\/\/www.autonvaraosahaku.fi\/?product=delphi-lp2162-jarrupalat","title":{"rendered":"Delphi LP2162 Jarrupalat"},"content":{"rendered":"<p>WVA-numero: 24561 24562; Jarruj\u00e4rjestelm\u00e4: TRW; Pituus (mm): 106; Pituus 2 (mm): 106; Korkeus (mm): 56; Korkeus 2 (mm): 63; Paksuus 1 [mm]: 18; Paksuus 2 [mm]: 18; M\u00e4\u00e4r\u00e4yksikk\u00f6: Akselisarja; Asennuspuoli: Hinterachse; BMW: 5 Touring F11,5 F10, F18,X3 F25,Z4 E89,X4 F26,5 G30,7 G11, G12,5 Touring G31,X3 G01,6 Gran Turismo G32,i8 I12; 34206877648, 34206879857, 34212449288, 34212449289, 34212456869, 34216788284, 34216796741, 3421679819, 34216798193, 34216798819, 34216861543, 34216862202, 34216870558, 34216885451, 34216892641; Jarrupalasarja,Jarrupala, Levyjarru<\/p>\n","protected":false},"excerpt":{"rendered":"<p>DELPHI Jarrupalat LP2162 Jarrupalasarja,Jarrupala, Levyjarru BMW,5 Touring F11,5 F10, F18,X3 F25,Z4 E89,X4 F26,5 G30,7 G11, G12,5 Touring G31,X3 G01<\/p>\n","protected":false},"featured_media":0,"template":"","meta":{"site-sidebar-layout":"default","site-content-layout":"default","ast-global-header-display":"","ast-main-header-display":"","ast-hfb-above-header-display":"","ast-hfb-below-header-display":"","ast-hfb-mobile-header-display":"","site-post-title":"","ast-breadcrumbs-content":"","ast-featured-img":"","footer-sml-layout":"","theme-transparent-header-meta":"","adv-header-id-meta":"","stick-header-meta":"","header-above-stick-meta":"","header-main-stick-meta":"","header-below-stick-meta":""},"pwb-brand":[538],"product_cat":[100],"product_tag":[],"class_list":{"0":"post-103950","1":"product","2":"type-product","3":"status-publish","5":"pwb-brand-delphi","6":"product_cat-jarrupalat","7":"desktop-align-left","8":"tablet-align-left","9":"mobile-align-left","11":"first","12":"instock","13":"product-type-external"},"brands":[{"id":538,"name":"Delphi","slug":"delphi"}],"_links":{"self":[{"href":"https:\/\/www.autonvaraosahaku.fi\/index.php?rest_route=\/wp\/v2\/product\/103950","targetHints":{"allow":["GET"]}}],"collection":[{"href":"https:\/\/www.autonvaraosahaku.fi\/index.php?rest_route=\/wp\/v2\/product"}],"about":[{"href":"https:\/\/www.autonvaraosahaku.fi\/index.php?rest_route=\/wp\/v2\/types\/product"}],"wp:attachment":[{"href":"https:\/\/www.autonvaraosahaku.fi\/index.php?rest_route=%2Fwp%2Fv2%2Fmedia&parent=103950"}],"wp:term":[{"taxonomy":"pwb-brand","embeddable":true,"href":"https:\/\/www.autonvaraosahaku.fi\/index.php?rest_route=%2Fwp%2Fv2%2Fpwb-brand&post=103950"},{"taxonomy":"product_cat","embeddable":true,"href":"https:\/\/www.autonvaraosahaku.fi\/index.php?rest_route=%2Fwp%2Fv2%2Fproduct_cat&post=103950"},{"taxonomy":"product_tag","embeddable":true,"href":"https:\/\/www.autonvaraosahaku.fi\/index.php?rest_route=%2Fwp%2Fv2%2Fproduct_tag&post=103950"}],"curies":[{"name":"wp","href":"https:\/\/api.w.org\/{rel}","templated":true}]}}