{"id":10396,"date":"2021-02-21T14:08:39","date_gmt":"2021-02-21T14:08:39","guid":{"rendered":"https:\/\/www.autonvaraosahaku.fi\/?product=automega-110122910-pyorannapa"},"modified":"2021-02-21T14:08:41","modified_gmt":"2021-02-21T14:08:41","slug":"automega-110122910-pyorannapa","status":"publish","type":"product","link":"https:\/\/www.autonvaraosahaku.fi\/?product=automega-110122910-pyorannapa","title":{"rendered":"AUTOMEGA 110122910 Py\u00f6r\u00e4nnapa"},"content":{"rendered":"<p>Reikien m\u00e4\u00e4r\u00e4: 4; Reik\u00e4ympyr\u00e4-\u00d8 [mm]: 108; Asennuspuoli: Vorderachse; CITRO\u00cbN: BERLINGO MF,XSARA PICASSO N68,C4 Picasso I UD_,C4 Grand Picasso I UA_,C4 I LC_,BERLINGO Kasten M_,XSARA N1,C4 Coupe LA_,XSARA Break N2,XSARA Coupe N0,XANTIA X1,ZX N2,XANTIA Break X1,ZX Break N2; PEUGEOT: 206 Schr\u00e4gheck 2A\/C,206 CC 2D,207 WA_, WC_,307 SW 3H,207 CC WD_,307 CC 3B,307 3A\/C,207 SW WK_,308 SW,206 SW 2E\/K,308 4A_, 4C_,5008,307 Break 3E,306 Schr\u00e4gheck 7A, 7C, N3, N5,306 Cabriolet 7D, N3, N5,3008,406 Break 8E\/F,308 CC,PARTNER Combispace 5F,205 II 20A\/C,PARTNER Kasten 5,406 Coupe 8C,306 Break 7E, N3, N5,406 8B,EXPERT Tepee VF3V_,306 7B, N3, N5,205 I Cabriolet 741B, 20D,206 Stufenheck,309 II 3C, 3A,205 I 741A\/C,405 I 15B,405 II 4B,309 I 10C, 10A,405 II Break 4E,405 I Break 15E,205 Kasten; RENAULT: TWINGO I C06_,ESPACE I J11_; 330756, 330769, 330772, 330785, 330772, 330785; Py\u00f6r\u00e4n Napa<\/p>\n","protected":false},"excerpt":{"rendered":"<p>AUTOMEGA Py\u00f6r\u00e4nnapa 110122910 Py\u00f6r\u00e4n Napa CITRO\u00cbN,PEUGEOT,RENAULT,BERLINGO MF,XSARA PICASSO N68,C4 Picasso I UD_,C4 Grand Picasso I UA_,C4 I LC_<\/p>\n","protected":false},"featured_media":0,"template":"","meta":{"site-sidebar-layout":"default","site-content-layout":"default","ast-global-header-display":"","ast-main-header-display":"","ast-hfb-above-header-display":"","ast-hfb-below-header-display":"","ast-hfb-mobile-header-display":"","site-post-title":"","ast-breadcrumbs-content":"","ast-featured-img":"","footer-sml-layout":"","theme-transparent-header-meta":"","adv-header-id-meta":"","stick-header-meta":"","header-above-stick-meta":"","header-main-stick-meta":"","header-below-stick-meta":""},"pwb-brand":[121],"product_cat":[257],"product_tag":[],"class_list":{"0":"post-10396","1":"product","2":"type-product","3":"status-publish","5":"pwb-brand-automega","6":"product_cat-pyorannapa","7":"desktop-align-left","8":"tablet-align-left","9":"mobile-align-left","11":"first","12":"instock","13":"product-type-external"},"brands":[{"id":121,"name":"AUTOMEGA","slug":"automega"}],"_links":{"self":[{"href":"https:\/\/www.autonvaraosahaku.fi\/index.php?rest_route=\/wp\/v2\/product\/10396","targetHints":{"allow":["GET"]}}],"collection":[{"href":"https:\/\/www.autonvaraosahaku.fi\/index.php?rest_route=\/wp\/v2\/product"}],"about":[{"href":"https:\/\/www.autonvaraosahaku.fi\/index.php?rest_route=\/wp\/v2\/types\/product"}],"wp:attachment":[{"href":"https:\/\/www.autonvaraosahaku.fi\/index.php?rest_route=%2Fwp%2Fv2%2Fmedia&parent=10396"}],"wp:term":[{"taxonomy":"pwb-brand","embeddable":true,"href":"https:\/\/www.autonvaraosahaku.fi\/index.php?rest_route=%2Fwp%2Fv2%2Fpwb-brand&post=10396"},{"taxonomy":"product_cat","embeddable":true,"href":"https:\/\/www.autonvaraosahaku.fi\/index.php?rest_route=%2Fwp%2Fv2%2Fproduct_cat&post=10396"},{"taxonomy":"product_tag","embeddable":true,"href":"https:\/\/www.autonvaraosahaku.fi\/index.php?rest_route=%2Fwp%2Fv2%2Fproduct_tag&post=10396"}],"curies":[{"name":"wp","href":"https:\/\/api.w.org\/{rel}","templated":true}]}}