{"id":103962,"date":"2021-02-21T23:00:26","date_gmt":"2021-02-21T23:00:26","guid":{"rendered":"https:\/\/www.autonvaraosahaku.fi\/?product=delphi-td546w-kallistuksenvakaajan-puslat"},"modified":"2021-02-21T23:00:30","modified_gmt":"2021-02-21T23:00:30","slug":"delphi-td546w-kallistuksenvakaajan-puslat","status":"publish","type":"product","link":"https:\/\/www.autonvaraosahaku.fi\/?product=delphi-td546w-kallistuksenvakaajan-puslat","title":{"rendered":"Delphi TD546W Kallistuksenvakaajan puslat"},"content":{"rendered":"<p>Sis\u00e4l\u00e4pimitta 1 [mm]: 20; Ulkol\u00e4pimitta 1 [mm]: 45; Paksuus 1 [mm]: 42; Asennuspuoli: Vorderachse; RENAULT: CLIO II BB0\/1\/2_, CB0\/1\/2_,KANGOO KC0\/1_,MEGANE Scenic JA0\/1_,MEGANE I BA0\/1_,KANGOO Express FC0\/1_,MEGANE I Grandtour KA0\/1_,MEGANE I Cabriolet EA0\/1_,CLIO I B\/C57_, 5\/357_,MEGANE I Classic LA0\/1_,MEGANE I Coach DA0\/1_,CLIO II Kasten SB0\/1\/2_,19 II B\/C53_,19 II Cabriolet D53_, 853_,19 I B\/C53_,19 II Chamade L53_,19 I Chamade L53_,THALIA I LB0\/1\/2_,CLIO I Kasten S57_,19 I Cabriolet D53_,19 II Kasten S53_,19 I Kasten S53_; NISSAN: KUBISTAR Kasten X80; 5461300QAD, 7700436014, 7700785788, 7700790726, 7700798053; Kallistuksenvakaajan Kumit,Vakaajan Hela<\/p>\n","protected":false},"excerpt":{"rendered":"<p>DELPHI Kallistuksenvakaajan Puslat TD546W Kallistuksenvakaajan Kumit,Vakaajan Hela RENAULT,NISSAN,CLIO II BB0\/1\/2_, CB0\/1\/2_,KANGOO KC0\/1_<\/p>\n","protected":false},"featured_media":0,"template":"","meta":{"site-sidebar-layout":"default","site-content-layout":"default","ast-global-header-display":"","ast-main-header-display":"","ast-hfb-above-header-display":"","ast-hfb-below-header-display":"","ast-hfb-mobile-header-display":"","site-post-title":"","ast-breadcrumbs-content":"","ast-featured-img":"","footer-sml-layout":"","theme-transparent-header-meta":"","adv-header-id-meta":"","stick-header-meta":"","header-above-stick-meta":"","header-main-stick-meta":"","header-below-stick-meta":""},"pwb-brand":[538],"product_cat":[82],"product_tag":[],"class_list":{"0":"post-103962","1":"product","2":"type-product","3":"status-publish","5":"pwb-brand-delphi","6":"product_cat-kallistuksenvakaajan-puslat","7":"desktop-align-left","8":"tablet-align-left","9":"mobile-align-left","11":"first","12":"instock","13":"product-type-external"},"brands":[{"id":538,"name":"Delphi","slug":"delphi"}],"_links":{"self":[{"href":"https:\/\/www.autonvaraosahaku.fi\/index.php?rest_route=\/wp\/v2\/product\/103962","targetHints":{"allow":["GET"]}}],"collection":[{"href":"https:\/\/www.autonvaraosahaku.fi\/index.php?rest_route=\/wp\/v2\/product"}],"about":[{"href":"https:\/\/www.autonvaraosahaku.fi\/index.php?rest_route=\/wp\/v2\/types\/product"}],"wp:attachment":[{"href":"https:\/\/www.autonvaraosahaku.fi\/index.php?rest_route=%2Fwp%2Fv2%2Fmedia&parent=103962"}],"wp:term":[{"taxonomy":"pwb-brand","embeddable":true,"href":"https:\/\/www.autonvaraosahaku.fi\/index.php?rest_route=%2Fwp%2Fv2%2Fpwb-brand&post=103962"},{"taxonomy":"product_cat","embeddable":true,"href":"https:\/\/www.autonvaraosahaku.fi\/index.php?rest_route=%2Fwp%2Fv2%2Fproduct_cat&post=103962"},{"taxonomy":"product_tag","embeddable":true,"href":"https:\/\/www.autonvaraosahaku.fi\/index.php?rest_route=%2Fwp%2Fv2%2Fproduct_tag&post=103962"}],"curies":[{"name":"wp","href":"https:\/\/api.w.org\/{rel}","templated":true}]}}