{"id":103969,"date":"2021-02-21T23:00:26","date_gmt":"2021-02-21T23:00:26","guid":{"rendered":"https:\/\/www.autonvaraosahaku.fi\/?product=delphi-bg4328-jarrulevyt"},"modified":"2021-02-21T23:00:32","modified_gmt":"2021-02-21T23:00:32","slug":"delphi-bg4328-jarrulevyt","status":"publish","type":"product","link":"https:\/\/www.autonvaraosahaku.fi\/?product=delphi-bg4328-jarrulevyt","title":{"rendered":"Delphi BG4328 Jarrulevyt"},"content":{"rendered":"<p>Jarrulevytyyppi: Tuuletettu; L\u00e4pimitta [mm]: 302; Jarrulevyn paksuus (mm): 28; V\u00e4himm\u00e4ispaksuus (mm): 24; keskitt\u00e4misl\u00e4pimitta [mm]: 90; Syvyys (mm): 70; testausnormin mukainen: R90 Approved, R90 Approved, R90 Approved; Reikien m\u00e4\u00e4r\u00e4: 5; Asennuspuoli: Vorderachse; NISSAN: NV400 Kasten,NV400 Bus,NV400 Pritsche\/Fahrgestell; OPEL: MOVANO B Kasten,MOVANO B Bus,MOVANO B Pritsche\/Fahrgestell; RENAULT: MASTER III Kasten FV,MASTER III Bus JV,MASTER III Pritsche\/Fahrgestell EV, HV, UV; VAUXHALL: MOVANO Mk II B VAN,MOVANO Mk II B Chassis\/Cab; 4020600Q0G, 418051, 4419359, 93197403, 8200688880, 93197403; Jarrulevy<\/p>\n","protected":false},"excerpt":{"rendered":"<p>DELPHI Jarrulevyt BG4328 Jarrulevy NISSAN,OPEL,RENAULT,NV400 Kasten,NV400 Bus,NV400 Pritsche\/Fahrgestell,MOVANO B Kasten,MOVANO B Bus<\/p>\n","protected":false},"featured_media":0,"template":"","meta":{"site-sidebar-layout":"default","site-content-layout":"default","ast-global-header-display":"","ast-main-header-display":"","ast-hfb-above-header-display":"","ast-hfb-below-header-display":"","ast-hfb-mobile-header-display":"","site-post-title":"","ast-breadcrumbs-content":"","ast-featured-img":"","footer-sml-layout":"","theme-transparent-header-meta":"","adv-header-id-meta":"","stick-header-meta":"","header-above-stick-meta":"","header-main-stick-meta":"","header-below-stick-meta":""},"pwb-brand":[538],"product_cat":[66],"product_tag":[],"class_list":{"0":"post-103969","1":"product","2":"type-product","3":"status-publish","5":"pwb-brand-delphi","6":"product_cat-jarrulevyt","7":"desktop-align-left","8":"tablet-align-left","9":"mobile-align-left","11":"first","12":"instock","13":"product-type-external"},"brands":[{"id":538,"name":"Delphi","slug":"delphi"}],"_links":{"self":[{"href":"https:\/\/www.autonvaraosahaku.fi\/index.php?rest_route=\/wp\/v2\/product\/103969","targetHints":{"allow":["GET"]}}],"collection":[{"href":"https:\/\/www.autonvaraosahaku.fi\/index.php?rest_route=\/wp\/v2\/product"}],"about":[{"href":"https:\/\/www.autonvaraosahaku.fi\/index.php?rest_route=\/wp\/v2\/types\/product"}],"wp:attachment":[{"href":"https:\/\/www.autonvaraosahaku.fi\/index.php?rest_route=%2Fwp%2Fv2%2Fmedia&parent=103969"}],"wp:term":[{"taxonomy":"pwb-brand","embeddable":true,"href":"https:\/\/www.autonvaraosahaku.fi\/index.php?rest_route=%2Fwp%2Fv2%2Fpwb-brand&post=103969"},{"taxonomy":"product_cat","embeddable":true,"href":"https:\/\/www.autonvaraosahaku.fi\/index.php?rest_route=%2Fwp%2Fv2%2Fproduct_cat&post=103969"},{"taxonomy":"product_tag","embeddable":true,"href":"https:\/\/www.autonvaraosahaku.fi\/index.php?rest_route=%2Fwp%2Fv2%2Fproduct_tag&post=103969"}],"curies":[{"name":"wp","href":"https:\/\/api.w.org\/{rel}","templated":true}]}}