{"id":103976,"date":"2021-02-21T23:00:32","date_gmt":"2021-02-21T23:00:32","guid":{"rendered":"https:\/\/www.autonvaraosahaku.fi\/?product=delphi-bg2759-jarrulevyt"},"modified":"2021-02-21T23:00:34","modified_gmt":"2021-02-21T23:00:34","slug":"delphi-bg2759-jarrulevyt","status":"publish","type":"product","link":"https:\/\/www.autonvaraosahaku.fi\/?product=delphi-bg2759-jarrulevyt","title":{"rendered":"Delphi BG2759 Jarrulevyt"},"content":{"rendered":"<p>Jarrulevytyyppi: Tuuletettu; L\u00e4pimitta [mm]: 262; Jarrulevyn paksuus (mm): 21; V\u00e4himm\u00e4ispaksuus (mm): 19; keskitt\u00e4misl\u00e4pimitta [mm]: 64; Syvyys (mm): 44; testausnormin mukainen: R90 Approved, R90 Approved; Reikien m\u00e4\u00e4r\u00e4: 4; Asennuspuoli: Vorderachse; HONDA: CIVIC VII Hatchback EU, EP, EV,JAZZ III GE,CIVIC VI Hatchback EJ, EK,CIVIC VI Fastback MA, MB,CRX III EH, EG,CIVIC VI Aerodeck MB, MC,CRX II ED, EE,CIVIC V Hatchback EG,CIVIC VII Coupe EM2,INSIGHT ZE_,CIVIC IV Hatchback EC, ED, EE,CIVIC VI Stufenheck EJ, EK,CIVIC VI Coupe EJ, EM1,CIVIC V Coupe EJ,CIVIC VII Stufenheck ES,CIVIC V Stufenheck EG, EH,CIVIC IV Stufenheck ED,CITY Stufenheck GM,JAZZ IV GK; ROVER: 25 RF,200 RF,45 Stufenheck RT,45 RT,400 RT,400 Hatchback RT,STREETWISE,200 Hatchback XW,200 Coupe XW,400 Tourer XW,400 XW,COUPE; MG: MG ZR,MG ZS,MG ZS Hatchback,EXPRESS Kasten; LOTUS: ELISE,EXIGE SCC_,ELISE 340 R; 45251S06000, 45251S5DA10, 45251S5HT10, 45251S6DE10, 45251SCC000, 45251SCC900, 45251SCC901, 45251SK7000, 45251SK7A00, 45251SK7A10, 45251SK7J00, 45251SR0A00, 45251SR0A10, 45251ST3E10, 45251TARG00, 45251TF3E00, 45251TF3E01, 45251TG5H00, 45251TRDT00, GBD90840, SDB000990, SDB000991, SDB100600, GBD90840, SDB000990, SDB000991, SDB100600; Jarrulevy<\/p>\n","protected":false},"excerpt":{"rendered":"<p>DELPHI Jarrulevyt BG2759 Jarrulevy HONDA,ROVER,MG,CIVIC VII Hatchback EU, EP, EV,JAZZ III GE,CIVIC VI Hatchback EJ, EK,CIVIC VI Fastback MA, MB<\/p>\n","protected":false},"featured_media":0,"template":"","meta":{"site-sidebar-layout":"default","site-content-layout":"default","ast-global-header-display":"","ast-main-header-display":"","ast-hfb-above-header-display":"","ast-hfb-below-header-display":"","ast-hfb-mobile-header-display":"","site-post-title":"","ast-breadcrumbs-content":"","ast-featured-img":"","footer-sml-layout":"","theme-transparent-header-meta":"","adv-header-id-meta":"","stick-header-meta":"","header-above-stick-meta":"","header-main-stick-meta":"","header-below-stick-meta":""},"pwb-brand":[538],"product_cat":[66],"product_tag":[],"class_list":{"0":"post-103976","1":"product","2":"type-product","3":"status-publish","5":"pwb-brand-delphi","6":"product_cat-jarrulevyt","7":"desktop-align-left","8":"tablet-align-left","9":"mobile-align-left","11":"first","12":"instock","13":"product-type-external"},"brands":[{"id":538,"name":"Delphi","slug":"delphi"}],"_links":{"self":[{"href":"https:\/\/www.autonvaraosahaku.fi\/index.php?rest_route=\/wp\/v2\/product\/103976","targetHints":{"allow":["GET"]}}],"collection":[{"href":"https:\/\/www.autonvaraosahaku.fi\/index.php?rest_route=\/wp\/v2\/product"}],"about":[{"href":"https:\/\/www.autonvaraosahaku.fi\/index.php?rest_route=\/wp\/v2\/types\/product"}],"wp:attachment":[{"href":"https:\/\/www.autonvaraosahaku.fi\/index.php?rest_route=%2Fwp%2Fv2%2Fmedia&parent=103976"}],"wp:term":[{"taxonomy":"pwb-brand","embeddable":true,"href":"https:\/\/www.autonvaraosahaku.fi\/index.php?rest_route=%2Fwp%2Fv2%2Fpwb-brand&post=103976"},{"taxonomy":"product_cat","embeddable":true,"href":"https:\/\/www.autonvaraosahaku.fi\/index.php?rest_route=%2Fwp%2Fv2%2Fproduct_cat&post=103976"},{"taxonomy":"product_tag","embeddable":true,"href":"https:\/\/www.autonvaraosahaku.fi\/index.php?rest_route=%2Fwp%2Fv2%2Fproduct_tag&post=103976"}],"curies":[{"name":"wp","href":"https:\/\/api.w.org\/{rel}","templated":true}]}}