{"id":103990,"date":"2021-02-21T23:00:39","date_gmt":"2021-02-21T23:00:39","guid":{"rendered":"https:\/\/www.autonvaraosahaku.fi\/?product=delphi-eg10395-12b1-egr-venttiili"},"modified":"2021-02-21T23:00:39","modified_gmt":"2021-02-21T23:00:39","slug":"delphi-eg10395-12b1-egr-venttiili","status":"publish","type":"product","link":"https:\/\/www.autonvaraosahaku.fi\/?product=delphi-eg10395-12b1-egr-venttiili","title":{"rendered":"Delphi EG10395-12B1 Egr venttiili"},"content":{"rendered":"<p>K\u00e4yt\u00f6ss\u00e4 koskettimia: 5; Lis\u00e4tarvike\/lis\u00e4tieto: Tiivisteill\u00e4; J\u00e4nnite (V): 16; Varustelumahdollisuudet: Linear; Valmistusvuosi alkaen: 03\/2008; VOLVO: V50 MW,V70 III BW,C30,S40 II MS,C70 II Cabriolet,S80 II AS; FORD: FOCUS II Kombi DA_,MONDEO IV Turnier BA7,FOCUS II DA_,S-MAX WA6,FOCUS C-MAX,GALAXY WA6,KUGA I,C-MAX DM2,MONDEO IV BA7,FOCUS II Stufenheck DA_,FOCUS II Cabriolet,MONDEO IV Stufenheck BA7; 1231964, 1436390, 3M5Q9D475BA, 6M5Q9D475AA, 36000980, 36050870; Venttiili, Pakokaasun Kierr\u00e4tys<\/p>\n","protected":false},"excerpt":{"rendered":"<p>DELPHI EGR Venttiili EG10395-12B1 Venttiili, Pakokaasun Kierr\u00e4tys VOLVO,FORD,V50 MW,V70 III BW,C30,S40 II MS,C70 II Cabriolet,S80 II AS<\/p>\n","protected":false},"featured_media":0,"template":"","meta":{"site-sidebar-layout":"default","site-content-layout":"default","ast-global-header-display":"","ast-main-header-display":"","ast-hfb-above-header-display":"","ast-hfb-below-header-display":"","ast-hfb-mobile-header-display":"","site-post-title":"","ast-breadcrumbs-content":"","ast-featured-img":"","footer-sml-layout":"","theme-transparent-header-meta":"","adv-header-id-meta":"","stick-header-meta":"","header-above-stick-meta":"","header-main-stick-meta":"","header-below-stick-meta":""},"pwb-brand":[538],"product_cat":[35],"product_tag":[],"class_list":{"0":"post-103990","1":"product","2":"type-product","3":"status-publish","5":"pwb-brand-delphi","6":"product_cat-egr-venttiili","7":"desktop-align-left","8":"tablet-align-left","9":"mobile-align-left","11":"first","12":"instock","13":"product-type-external"},"brands":[{"id":538,"name":"Delphi","slug":"delphi"}],"_links":{"self":[{"href":"https:\/\/www.autonvaraosahaku.fi\/index.php?rest_route=\/wp\/v2\/product\/103990","targetHints":{"allow":["GET"]}}],"collection":[{"href":"https:\/\/www.autonvaraosahaku.fi\/index.php?rest_route=\/wp\/v2\/product"}],"about":[{"href":"https:\/\/www.autonvaraosahaku.fi\/index.php?rest_route=\/wp\/v2\/types\/product"}],"wp:attachment":[{"href":"https:\/\/www.autonvaraosahaku.fi\/index.php?rest_route=%2Fwp%2Fv2%2Fmedia&parent=103990"}],"wp:term":[{"taxonomy":"pwb-brand","embeddable":true,"href":"https:\/\/www.autonvaraosahaku.fi\/index.php?rest_route=%2Fwp%2Fv2%2Fpwb-brand&post=103990"},{"taxonomy":"product_cat","embeddable":true,"href":"https:\/\/www.autonvaraosahaku.fi\/index.php?rest_route=%2Fwp%2Fv2%2Fproduct_cat&post=103990"},{"taxonomy":"product_tag","embeddable":true,"href":"https:\/\/www.autonvaraosahaku.fi\/index.php?rest_route=%2Fwp%2Fv2%2Fproduct_tag&post=103990"}],"curies":[{"name":"wp","href":"https:\/\/api.w.org\/{rel}","templated":true}]}}