{"id":103993,"date":"2021-02-21T23:00:39","date_gmt":"2021-02-21T23:00:39","guid":{"rendered":"https:\/\/www.autonvaraosahaku.fi\/?product=delphi-lp2295-jarrupalat"},"modified":"2021-02-21T23:00:40","modified_gmt":"2021-02-21T23:00:40","slug":"delphi-lp2295-jarrupalat","status":"publish","type":"product","link":"https:\/\/www.autonvaraosahaku.fi\/?product=delphi-lp2295-jarrupalat","title":{"rendered":"Delphi LP2295 Jarrupalat"},"content":{"rendered":"<p>WVA-numero: 25337 25338 25339; Jarruj\u00e4rjestelm\u00e4: Akebono; Pituus (mm): 100; Pituus 2 (mm): 100; Korkeus (mm): 41; Korkeus 2 (mm): 41; Paksuus 1 [mm]: 16; Paksuus 2 [mm]: 16; M\u00e4\u00e4r\u00e4yksikk\u00f6: Akselisarja; Asennuspuoli: Hinterachse; KIA: RIO III UB,CEE&#8217;D JD,CEE`D Sportswagon JD,CARENS IV,PRO CEE\u00b4D JD,OPTIMA,RIO III Stufenheck UB,SPORTAGE QL,SOUL II PS,NIRO,CERATO KOUP TD,CERATO YD Stufenheck,RIO IV YB,CEE&#8217;D Combi Van JD,PICANTO JA,STONIC YB,RIO IV Stufenheck SC, FB; SSANGYONG: TIVOLI,XLV Gel\u00e4ndewagen geschlossen; HYUNDAI: ix35 LM, EL, ELH,i40 CW VF,i30 GD,i30 CW GD,i30 Coupe,VELOSTER FS,i40 VF,TUCSON,i10 IA,ACCENT IV RB,i20 GB,ACCENT IV Stufenheck RB,i30 PDE,IONIQ AE,i30 Kombi PDE,i20 ACTIVE GB,i20 Coupe,i30 FASTBACK PDE,ELANTRA Stufenheck AD; 58101M5A10, 583021RA30, 583023ZA10, 583023ZA16, 583023ZA70, 583023ZA76, 58302A4B10, 58302A6A20, 58302A6A30, 58302A6A31, 58302C8A30, 58302D3A70, 58302D7A70, 58302D7A71, 58302F3A30, 58302G0A50, 58302G2A40, 58302G2A60, 58302G4A50, 58302G7A40, 58302H5A00, 58302K7A00, 583021RA30, 583021WA35, 583022VA50, 583023ZA10, 583023ZA70, 58302A4B10, 58302A4B60, 58302A6A20, 58302A6A30, 58302A6A31, 58302A7B30, 58302B2A10, 58302D3A70, 58302D7A70, 58302D7A71, 58302E4A10, 58302G2A40, 58302G2A60, 58302G4A50, 58302G6A10, 58302G7A40, 58302H5A00, 58302H8A05, 58302H8A08, 58302K0A50, S583021WA35, S583023ZA10, S58302A6A20, 48413350B0; Jarrupalasarja,Jarrupala, Levyjarru<\/p>\n","protected":false},"excerpt":{"rendered":"<p>DELPHI Jarrupalat LP2295 Jarrupalasarja,Jarrupala, Levyjarru KIA,SSANGYONG,HYUNDAI,RIO III UB,CEE&#8217;D JD,CEE`D Sportswagon JD,CARENS IV,PRO CEE\u00b4D JD<\/p>\n","protected":false},"featured_media":0,"template":"","meta":{"site-sidebar-layout":"default","site-content-layout":"default","ast-global-header-display":"","ast-main-header-display":"","ast-hfb-above-header-display":"","ast-hfb-below-header-display":"","ast-hfb-mobile-header-display":"","site-post-title":"","ast-breadcrumbs-content":"","ast-featured-img":"","footer-sml-layout":"","theme-transparent-header-meta":"","adv-header-id-meta":"","stick-header-meta":"","header-above-stick-meta":"","header-main-stick-meta":"","header-below-stick-meta":""},"pwb-brand":[538],"product_cat":[100],"product_tag":[],"class_list":{"0":"post-103993","1":"product","2":"type-product","3":"status-publish","5":"pwb-brand-delphi","6":"product_cat-jarrupalat","7":"desktop-align-left","8":"tablet-align-left","9":"mobile-align-left","11":"first","12":"instock","13":"product-type-external"},"brands":[{"id":538,"name":"Delphi","slug":"delphi"}],"_links":{"self":[{"href":"https:\/\/www.autonvaraosahaku.fi\/index.php?rest_route=\/wp\/v2\/product\/103993","targetHints":{"allow":["GET"]}}],"collection":[{"href":"https:\/\/www.autonvaraosahaku.fi\/index.php?rest_route=\/wp\/v2\/product"}],"about":[{"href":"https:\/\/www.autonvaraosahaku.fi\/index.php?rest_route=\/wp\/v2\/types\/product"}],"wp:attachment":[{"href":"https:\/\/www.autonvaraosahaku.fi\/index.php?rest_route=%2Fwp%2Fv2%2Fmedia&parent=103993"}],"wp:term":[{"taxonomy":"pwb-brand","embeddable":true,"href":"https:\/\/www.autonvaraosahaku.fi\/index.php?rest_route=%2Fwp%2Fv2%2Fpwb-brand&post=103993"},{"taxonomy":"product_cat","embeddable":true,"href":"https:\/\/www.autonvaraosahaku.fi\/index.php?rest_route=%2Fwp%2Fv2%2Fproduct_cat&post=103993"},{"taxonomy":"product_tag","embeddable":true,"href":"https:\/\/www.autonvaraosahaku.fi\/index.php?rest_route=%2Fwp%2Fv2%2Fproduct_tag&post=103993"}],"curies":[{"name":"wp","href":"https:\/\/api.w.org\/{rel}","templated":true}]}}