{"id":103997,"date":"2021-02-21T23:00:39","date_gmt":"2021-02-21T23:00:39","guid":{"rendered":"https:\/\/www.autonvaraosahaku.fi\/?product=delphi-bg9028rs-jarrulevyt"},"modified":"2021-02-21T23:00:41","modified_gmt":"2021-02-21T23:00:41","slug":"delphi-bg9028rs-jarrulevyt","status":"publish","type":"product","link":"https:\/\/www.autonvaraosahaku.fi\/?product=delphi-bg9028rs-jarrulevyt","title":{"rendered":"Delphi BG9028RS Jarrulevyt"},"content":{"rendered":"<p>Jarrulevytyyppi: Vakiomalli; L\u00e4pimitta [mm]: 240; Jarrulevyn paksuus (mm): 8; V\u00e4himm\u00e4ispaksuus (mm): 7; keskitt\u00e4misl\u00e4pimitta [mm]: 25; Syvyys (mm): 81; testausnormin mukainen: R90 Approved, R90 Approved, R90 Approved; Reikien m\u00e4\u00e4r\u00e4: 4; Asennuspuoli: Hinterachse; RENAULT: CLIO II BB0\/1\/2_, CB0\/1\/2_,CLIO III BR0\/1, CR0\/1,TWINGO II CN0_,MODUS \/ GRAND MODUS F\/JP0_,MEGANE II Kombi KM0\/1_,MEGANE II Coup\u00e9-Cabriolet EM0\/1_,MEGANE II BM0\/1_, CM0\/1_,CLIO Grandtour KR0\/1_,MEGANE II Stufenheck LM0\/1_,MEGANE I Coach DA0\/1_,MEGANE CC EZ0\/1_,WIND E4M_,CLIO III Kasten SB_, SR_,MEGANE II Kasten\/Kombi KM_,MEGANE II Hatchback Van KM0\/2_; 432005338R, 432005347R, 7701207823, 7701209503, 8200038305, 8660001811, 8671018106; Jarrulevy<\/p>\n","protected":false},"excerpt":{"rendered":"<p>DELPHI Jarrulevyt BG9028RS Jarrulevy RENAULT,CLIO II BB0\/1\/2_, CB0\/1\/2_,CLIO III BR0\/1, CR0\/1,TWINGO II CN0_,MODUS \/ GRAND MODUS F\/JP0_<\/p>\n","protected":false},"featured_media":0,"template":"","meta":{"site-sidebar-layout":"default","site-content-layout":"default","ast-global-header-display":"","ast-main-header-display":"","ast-hfb-above-header-display":"","ast-hfb-below-header-display":"","ast-hfb-mobile-header-display":"","site-post-title":"","ast-breadcrumbs-content":"","ast-featured-img":"","footer-sml-layout":"","theme-transparent-header-meta":"","adv-header-id-meta":"","stick-header-meta":"","header-above-stick-meta":"","header-main-stick-meta":"","header-below-stick-meta":""},"pwb-brand":[538],"product_cat":[66],"product_tag":[],"class_list":{"0":"post-103997","1":"product","2":"type-product","3":"status-publish","5":"pwb-brand-delphi","6":"product_cat-jarrulevyt","7":"desktop-align-left","8":"tablet-align-left","9":"mobile-align-left","11":"first","12":"instock","13":"product-type-external"},"brands":[{"id":538,"name":"Delphi","slug":"delphi"}],"_links":{"self":[{"href":"https:\/\/www.autonvaraosahaku.fi\/index.php?rest_route=\/wp\/v2\/product\/103997","targetHints":{"allow":["GET"]}}],"collection":[{"href":"https:\/\/www.autonvaraosahaku.fi\/index.php?rest_route=\/wp\/v2\/product"}],"about":[{"href":"https:\/\/www.autonvaraosahaku.fi\/index.php?rest_route=\/wp\/v2\/types\/product"}],"wp:attachment":[{"href":"https:\/\/www.autonvaraosahaku.fi\/index.php?rest_route=%2Fwp%2Fv2%2Fmedia&parent=103997"}],"wp:term":[{"taxonomy":"pwb-brand","embeddable":true,"href":"https:\/\/www.autonvaraosahaku.fi\/index.php?rest_route=%2Fwp%2Fv2%2Fpwb-brand&post=103997"},{"taxonomy":"product_cat","embeddable":true,"href":"https:\/\/www.autonvaraosahaku.fi\/index.php?rest_route=%2Fwp%2Fv2%2Fproduct_cat&post=103997"},{"taxonomy":"product_tag","embeddable":true,"href":"https:\/\/www.autonvaraosahaku.fi\/index.php?rest_route=%2Fwp%2Fv2%2Fproduct_tag&post=103997"}],"curies":[{"name":"wp","href":"https:\/\/api.w.org\/{rel}","templated":true}]}}