{"id":103999,"date":"2021-02-21T23:00:39","date_gmt":"2021-02-21T23:00:39","guid":{"rendered":"https:\/\/www.autonvaraosahaku.fi\/?product=delphi-bg2625-jarrulevyt"},"modified":"2021-02-21T23:00:41","modified_gmt":"2021-02-21T23:00:41","slug":"delphi-bg2625-jarrulevyt","status":"publish","type":"product","link":"https:\/\/www.autonvaraosahaku.fi\/?product=delphi-bg2625-jarrulevyt","title":{"rendered":"Delphi BG2625 Jarrulevyt"},"content":{"rendered":"<p>Jarrulevytyyppi: Tuuletettu, Tuuletettu; L\u00e4pimitta [mm]: 259; Jarrulevyn paksuus (mm): 21; V\u00e4himm\u00e4ispaksuus (mm): 18; keskitt\u00e4misl\u00e4pimitta [mm]: 61; Syvyys (mm): 41; Asennusmalli: Poltti\/ruuvi; Reikien m\u00e4\u00e4r\u00e4: 4; Asennuspuoli: Vorderachse; NISSAN: KUBISTAR Kasten X80; DACIA: SANDERO,LOGAN MCV KS_,SANDERO II,LOGAN LS_,LOGAN II; RENAULT: TWINGO I C06_,CLIO II BB0\/1\/2_, CB0\/1\/2_,KANGOO KC0\/1_,TWINGO II CN0_,MEGANE Scenic JA0\/1_,MEGANE I BA0\/1_,KANGOO Express FC0\/1_,MEGANE I Grandtour KA0\/1_,MEGANE I Cabriolet EA0\/1_,CLIO I B\/C57_, 5\/357_,TWINGO I Kasten S06_,MEGANE I Classic LA0\/1_,MEGANE I Coach DA0\/1_,CLIO II Kasten SB0\/1\/2_,19 II B\/C53_,19 II Cabriolet D53_, 853_,19 I B\/C53_,19 II Chamade L53_,19 I Chamade L53_,THALIA I LB0\/1\/2_,SANDERO\/STEPWAY I,19 I Cabriolet D53_,LOGAN I Kombi KS_,LOGAN I LS_,THALIA II LU1\/2_,LOGAN EXPRESS,SANDERO\/STEPWAY II,LOGAN II,THALIA III; 6001548578, 7701204304, 7701205653, 7701206339, 8201464598, 8671005976, 8671013532, 8671016876, 8671018195, 4020600Q0E, 4020600Q0K, 4020600QAA, 6001548578, 7700780892, 7700813549, 7700842131, 7701204228, 7701204304, 7701204828, 7701205653, 7701206339, 7711130038, 8201464598, 8671005976, 8671013532, 8671016876, 8671018195; Jarrulevy<\/p>\n","protected":false},"excerpt":{"rendered":"<p>DELPHI Jarrulevyt BG2625 Jarrulevy NISSAN,DACIA,RENAULT,KUBISTAR Kasten X80,SANDERO,LOGAN MCV KS_,SANDERO II,LOGAN LS_,LOGAN II,TWINGO I C06_<\/p>\n","protected":false},"featured_media":0,"template":"","meta":{"site-sidebar-layout":"default","site-content-layout":"default","ast-global-header-display":"","ast-main-header-display":"","ast-hfb-above-header-display":"","ast-hfb-below-header-display":"","ast-hfb-mobile-header-display":"","site-post-title":"","ast-breadcrumbs-content":"","ast-featured-img":"","footer-sml-layout":"","theme-transparent-header-meta":"","adv-header-id-meta":"","stick-header-meta":"","header-above-stick-meta":"","header-main-stick-meta":"","header-below-stick-meta":""},"pwb-brand":[538],"product_cat":[66],"product_tag":[],"class_list":{"0":"post-103999","1":"product","2":"type-product","3":"status-publish","5":"pwb-brand-delphi","6":"product_cat-jarrulevyt","7":"desktop-align-left","8":"tablet-align-left","9":"mobile-align-left","11":"first","12":"instock","13":"product-type-external"},"brands":[{"id":538,"name":"Delphi","slug":"delphi"}],"_links":{"self":[{"href":"https:\/\/www.autonvaraosahaku.fi\/index.php?rest_route=\/wp\/v2\/product\/103999","targetHints":{"allow":["GET"]}}],"collection":[{"href":"https:\/\/www.autonvaraosahaku.fi\/index.php?rest_route=\/wp\/v2\/product"}],"about":[{"href":"https:\/\/www.autonvaraosahaku.fi\/index.php?rest_route=\/wp\/v2\/types\/product"}],"wp:attachment":[{"href":"https:\/\/www.autonvaraosahaku.fi\/index.php?rest_route=%2Fwp%2Fv2%2Fmedia&parent=103999"}],"wp:term":[{"taxonomy":"pwb-brand","embeddable":true,"href":"https:\/\/www.autonvaraosahaku.fi\/index.php?rest_route=%2Fwp%2Fv2%2Fpwb-brand&post=103999"},{"taxonomy":"product_cat","embeddable":true,"href":"https:\/\/www.autonvaraosahaku.fi\/index.php?rest_route=%2Fwp%2Fv2%2Fproduct_cat&post=103999"},{"taxonomy":"product_tag","embeddable":true,"href":"https:\/\/www.autonvaraosahaku.fi\/index.php?rest_route=%2Fwp%2Fv2%2Fproduct_tag&post=103999"}],"curies":[{"name":"wp","href":"https:\/\/api.w.org\/{rel}","templated":true}]}}