{"id":10400,"date":"2021-02-21T14:08:42","date_gmt":"2021-02-21T14:08:42","guid":{"rendered":"https:\/\/www.autonvaraosahaku.fi\/?product=mahle-original-081-ps-19778-000-muut-luokat"},"modified":"2021-02-21T14:08:43","modified_gmt":"2021-02-21T14:08:43","slug":"mahle-original-081-ps-19778-000-muut-luokat","status":"publish","type":"product","link":"https:\/\/www.autonvaraosahaku.fi\/?product=mahle-original-081-ps-19778-000-muut-luokat","title":{"rendered":"MAHLE ORIGINAL 081 PS 19778 000 Muut luokat"},"content":{"rendered":"<p>Komponenttinumero: 081PL19393000; Lakkeriv\u00e4lykselle alkaen [mm]: 0,023; Laakeriv\u00e4lykseen [mm]: 0,080; Kotelol\u00e4pimitalle alkaen [mm]: 48,0; Kotelol\u00e4pimittaan [mm]: 48,016; Leveys alkaen [mm]: 18,0; sein\u00e4paksuudelle alkaen [mm]: 1,493; Akselil\u00e4pimitalle v\u00e4h. [mm]: 44,975; Akselil\u00e4pimittaan [mm]: 44,991; BMW: 3 E46,3 Touring E46,3 Coupe E46,3 Compact E36,3 E36,3 E30,3 Coupe E36,Z3 E36,5 E34,3 Cabriolet E30,3 Cabriolet E36,3 Touring E36,5 Touring E34,3 Touring E30; BERTONE: FREECLIMBER 2; 11241266244, 11241280582, 11241284843, 11241284844, 11241284849, 1266244, 1280582, 1284843, 1284844, 1284849<\/p>\n","protected":false},"excerpt":{"rendered":"<p>MAHLE ORIGINAL Kiertokankilaakerisarja 081 PS 19778 000  BMW,BERTONE,3 E46,3 Touring E46,3 Coupe E46,3 Compact E36,3 E36,3 E30,3 Coupe E36,Z3 E36<\/p>\n","protected":false},"featured_media":0,"template":"","meta":{"site-sidebar-layout":"default","site-content-layout":"default","ast-global-header-display":"","ast-main-header-display":"","ast-hfb-above-header-display":"","ast-hfb-below-header-display":"","ast-hfb-mobile-header-display":"","site-post-title":"","ast-breadcrumbs-content":"","ast-featured-img":"","footer-sml-layout":"","theme-transparent-header-meta":"","adv-header-id-meta":"","stick-header-meta":"","header-above-stick-meta":"","header-main-stick-meta":"","header-below-stick-meta":""},"pwb-brand":[153],"product_cat":[37],"product_tag":[],"class_list":{"0":"post-10400","1":"product","2":"type-product","3":"status-publish","5":"pwb-brand-mahle-original","6":"product_cat-muut-luokat","7":"desktop-align-left","8":"tablet-align-left","9":"mobile-align-left","11":"first","12":"instock","13":"product-type-external"},"brands":[{"id":153,"name":"MAHLE ORIGINAL","slug":"mahle-original"}],"_links":{"self":[{"href":"https:\/\/www.autonvaraosahaku.fi\/index.php?rest_route=\/wp\/v2\/product\/10400","targetHints":{"allow":["GET"]}}],"collection":[{"href":"https:\/\/www.autonvaraosahaku.fi\/index.php?rest_route=\/wp\/v2\/product"}],"about":[{"href":"https:\/\/www.autonvaraosahaku.fi\/index.php?rest_route=\/wp\/v2\/types\/product"}],"wp:attachment":[{"href":"https:\/\/www.autonvaraosahaku.fi\/index.php?rest_route=%2Fwp%2Fv2%2Fmedia&parent=10400"}],"wp:term":[{"taxonomy":"pwb-brand","embeddable":true,"href":"https:\/\/www.autonvaraosahaku.fi\/index.php?rest_route=%2Fwp%2Fv2%2Fpwb-brand&post=10400"},{"taxonomy":"product_cat","embeddable":true,"href":"https:\/\/www.autonvaraosahaku.fi\/index.php?rest_route=%2Fwp%2Fv2%2Fproduct_cat&post=10400"},{"taxonomy":"product_tag","embeddable":true,"href":"https:\/\/www.autonvaraosahaku.fi\/index.php?rest_route=%2Fwp%2Fv2%2Fproduct_tag&post=10400"}],"curies":[{"name":"wp","href":"https:\/\/api.w.org\/{rel}","templated":true}]}}