{"id":104013,"date":"2021-02-21T23:00:45","date_gmt":"2021-02-21T23:00:45","guid":{"rendered":"https:\/\/www.autonvaraosahaku.fi\/?product=delphi-ce20019-12b1-sytytyspuola"},"modified":"2021-02-21T23:00:46","modified_gmt":"2021-02-21T23:00:46","slug":"delphi-ce20019-12b1-sytytyspuola","status":"publish","type":"product","link":"https:\/\/www.autonvaraosahaku.fi\/?product=delphi-ce20019-12b1-sytytyspuola","title":{"rendered":"Delphi CE20019-12B1 Sytytyspuola"},"content":{"rendered":"<p>J\u00e4nnite (V): 12; K\u00e4yt\u00f6ss\u00e4 koskettimia: 3; Valmistusvuosi alkaen: 06\/1994; VW: GOLF IV 1J1,GOLF IV Variant 1J5,SHARAN 7M8, 7M9, 7M6,PASSAT Variant 3B5,PASSAT 3B2,BORA Kombi 1J6; AUDI: A3 8L1,A4 8D2, B5,A6 Avant 4B5, C5,A4 Avant 8D5, B5,A6 4B2, C5,A8 4D2, 4D8,A6 Avant 4A, C4,A6 4A, C4,ALLROAD 4BH, C5; SKODA: OCTAVIA Combi 1U5,OCTAVIA 1U2; SEAT: ALHAMBRA 7V8, 7V9; 058905101, 058905105, 058905101, 058905105, 058905101, 058905105, CL004, 058905101, 058905105<\/p>\n","protected":false},"excerpt":{"rendered":"<p>DELPHI Sytytyspuola CE20019-12B1  VW,AUDI,SKODA,GOLF IV 1J1,GOLF IV Variant 1J5,SHARAN 7M8, 7M9, 7M6,PASSAT Variant 3B5,PASSAT 3B2,BORA Kombi 1J6<\/p>\n","protected":false},"featured_media":0,"template":"","meta":{"site-sidebar-layout":"default","site-content-layout":"default","ast-global-header-display":"","ast-main-header-display":"","ast-hfb-above-header-display":"","ast-hfb-below-header-display":"","ast-hfb-mobile-header-display":"","site-post-title":"","ast-breadcrumbs-content":"","ast-featured-img":"","footer-sml-layout":"","theme-transparent-header-meta":"","adv-header-id-meta":"","stick-header-meta":"","header-above-stick-meta":"","header-main-stick-meta":"","header-below-stick-meta":""},"pwb-brand":[538],"product_cat":[25],"product_tag":[],"class_list":{"0":"post-104013","1":"product","2":"type-product","3":"status-publish","5":"pwb-brand-delphi","6":"product_cat-sytytyspuola","7":"desktop-align-left","8":"tablet-align-left","9":"mobile-align-left","11":"first","12":"instock","13":"product-type-external"},"brands":[{"id":538,"name":"Delphi","slug":"delphi"}],"_links":{"self":[{"href":"https:\/\/www.autonvaraosahaku.fi\/index.php?rest_route=\/wp\/v2\/product\/104013","targetHints":{"allow":["GET"]}}],"collection":[{"href":"https:\/\/www.autonvaraosahaku.fi\/index.php?rest_route=\/wp\/v2\/product"}],"about":[{"href":"https:\/\/www.autonvaraosahaku.fi\/index.php?rest_route=\/wp\/v2\/types\/product"}],"wp:attachment":[{"href":"https:\/\/www.autonvaraosahaku.fi\/index.php?rest_route=%2Fwp%2Fv2%2Fmedia&parent=104013"}],"wp:term":[{"taxonomy":"pwb-brand","embeddable":true,"href":"https:\/\/www.autonvaraosahaku.fi\/index.php?rest_route=%2Fwp%2Fv2%2Fpwb-brand&post=104013"},{"taxonomy":"product_cat","embeddable":true,"href":"https:\/\/www.autonvaraosahaku.fi\/index.php?rest_route=%2Fwp%2Fv2%2Fproduct_cat&post=104013"},{"taxonomy":"product_tag","embeddable":true,"href":"https:\/\/www.autonvaraosahaku.fi\/index.php?rest_route=%2Fwp%2Fv2%2Fproduct_tag&post=104013"}],"curies":[{"name":"wp","href":"https:\/\/api.w.org\/{rel}","templated":true}]}}