{"id":104020,"date":"2021-02-21T23:00:45","date_gmt":"2021-02-21T23:00:45","guid":{"rendered":"https:\/\/www.autonvaraosahaku.fi\/?product=delphi-ta2339-raidetangon-paa"},"modified":"2021-02-21T23:00:48","modified_gmt":"2021-02-21T23:00:48","slug":"delphi-ta2339-raidetangon-paa","status":"publish","type":"product","link":"https:\/\/www.autonvaraosahaku.fi\/?product=delphi-ta2339-raidetangon-paa","title":{"rendered":"Delphi TA2339 Raidetangon p\u00e4\u00e4"},"content":{"rendered":"<p>Pituus (mm): 132; Leveys (mm): 38; Korkeus (mm): 72; Kierremalli: sis\u00e4kierteell\u00e4, Oikealla kierteell\u00e4, Oikealla kierteell\u00e4; Asennuspuoli: rechts; ABARTH: PUNTO 199_,PUNTO EVO 199_; OPEL: CORSA D,ADAM,CORSA D Van,CORSA E,CORSA E Van; FIAT: GRANDE PUNTO 199,PUNTO EVO 199,PUNTO 199,QUBO 225,FIORINO Kasten\/Kombi 225,LINEA 323,PUNTO Van 199,GRANDE PUNTO Van 199_,PUNTO EVO Van 199_; CITRO\u00cbN: NEMO Kasten AA_,NEMO Kombi; ALFA ROMEO: MITO 955; PEUGEOT: BIPPER AA_,BIPPER Tepee; VAUXHALL: CORSA Mk III D L_8,ADAM,CORSAVAN Mk III D,CORSA Mk IV E; 77363830, 77363830, 381787, 77363830, 77364569, 1603545, 1609458, 93189024, 93196542, 381787, 93189024, 93196542<\/p>\n","protected":false},"excerpt":{"rendered":"<p>DELPHI Raidetangon P\u00e4\u00e4 TA2339  ABARTH,OPEL,FIAT,PUNTO 199_,PUNTO EVO 199_,CORSA D,ADAM,CORSA D Van,CORSA E,CORSA E Van,GRANDE PUNTO 199,PUNTO EVO 199<\/p>\n","protected":false},"featured_media":0,"template":"","meta":{"site-sidebar-layout":"default","site-content-layout":"default","ast-global-header-display":"","ast-main-header-display":"","ast-hfb-above-header-display":"","ast-hfb-below-header-display":"","ast-hfb-mobile-header-display":"","site-post-title":"","ast-breadcrumbs-content":"","ast-featured-img":"","footer-sml-layout":"","theme-transparent-header-meta":"","adv-header-id-meta":"","stick-header-meta":"","header-above-stick-meta":"","header-main-stick-meta":"","header-below-stick-meta":""},"pwb-brand":[538],"product_cat":[96],"product_tag":[],"class_list":{"0":"post-104020","1":"product","2":"type-product","3":"status-publish","5":"pwb-brand-delphi","6":"product_cat-raidetangon-paa","7":"desktop-align-left","8":"tablet-align-left","9":"mobile-align-left","11":"first","12":"instock","13":"product-type-external"},"brands":[{"id":538,"name":"Delphi","slug":"delphi"}],"_links":{"self":[{"href":"https:\/\/www.autonvaraosahaku.fi\/index.php?rest_route=\/wp\/v2\/product\/104020","targetHints":{"allow":["GET"]}}],"collection":[{"href":"https:\/\/www.autonvaraosahaku.fi\/index.php?rest_route=\/wp\/v2\/product"}],"about":[{"href":"https:\/\/www.autonvaraosahaku.fi\/index.php?rest_route=\/wp\/v2\/types\/product"}],"wp:attachment":[{"href":"https:\/\/www.autonvaraosahaku.fi\/index.php?rest_route=%2Fwp%2Fv2%2Fmedia&parent=104020"}],"wp:term":[{"taxonomy":"pwb-brand","embeddable":true,"href":"https:\/\/www.autonvaraosahaku.fi\/index.php?rest_route=%2Fwp%2Fv2%2Fpwb-brand&post=104020"},{"taxonomy":"product_cat","embeddable":true,"href":"https:\/\/www.autonvaraosahaku.fi\/index.php?rest_route=%2Fwp%2Fv2%2Fproduct_cat&post=104020"},{"taxonomy":"product_tag","embeddable":true,"href":"https:\/\/www.autonvaraosahaku.fi\/index.php?rest_route=%2Fwp%2Fv2%2Fproduct_tag&post=104020"}],"curies":[{"name":"wp","href":"https:\/\/api.w.org\/{rel}","templated":true}]}}