{"id":104022,"date":"2021-02-21T23:00:45","date_gmt":"2021-02-21T23:00:45","guid":{"rendered":"https:\/\/www.autonvaraosahaku.fi\/?product=delphi-ly1055-muut-luokat"},"modified":"2021-02-21T23:00:48","modified_gmt":"2021-02-21T23:00:48","slug":"delphi-ly1055-muut-luokat","status":"publish","type":"product","link":"https:\/\/www.autonvaraosahaku.fi\/?product=delphi-ly1055-muut-luokat","title":{"rendered":"Delphi LY1055 Muut luokat"},"content":{"rendered":"<p>M\u00e4\u00e4r\u00e4: 20; Asennuspuoli: Hinterachse; CITRO\u00cbN: XSARA N1,XSARA Coupe N0,ZX N2,XSARA Kasten\/Schr\u00e4gheck; PEUGEOT: 306 Schr\u00e4gheck 7A, 7C, N3, N5,306 Cabriolet 7D, N3, N5,306 Break 7E, N3, N5,306 7B, N3, N5,309 II 3C, 3A,306 Kasten\/Schr\u00e4gheck; RENAULT: TWINGO I C06_,CLIO I B\/C57_, 5\/357_,TWINGO I Kasten S06_,19 II B\/C53_,19 II Cabriolet D53_, 853_,SUPER 5 B\/C40_,RAPID Kasten F40_, G40_,19 I B\/C53_,9 L42_,19 II Chamade L53_,11 B\/C37_,21 Stufenheck L48_,19 I Chamade L53_,CLIO I Kasten S57_,19 I Cabriolet D53_,11 Kasten S37_,21 Kombi K48_,21 B48_,19 II Kasten S53_,19 I Kasten S53_,21 Kasten S48_,SUPER 5 Kasten S40_; 430852, 95659472, 430852, 7701202347; Tarvikesarja K\u00e4sijarru<\/p>\n","protected":false},"excerpt":{"rendered":"<p>DELPHI Tarvikesarja Jarrukeng\u00e4t LY1055 Tarvikesarja K\u00e4sijarru CITRO\u00cbN,PEUGEOT,RENAULT,XSARA N1,XSARA Coupe N0,ZX N2,XSARA Kasten\/Schr\u00e4gheck<\/p>\n","protected":false},"featured_media":0,"template":"","meta":{"site-sidebar-layout":"default","site-content-layout":"default","ast-global-header-display":"","ast-main-header-display":"","ast-hfb-above-header-display":"","ast-hfb-below-header-display":"","ast-hfb-mobile-header-display":"","site-post-title":"","ast-breadcrumbs-content":"","ast-featured-img":"","footer-sml-layout":"","theme-transparent-header-meta":"","adv-header-id-meta":"","stick-header-meta":"","header-above-stick-meta":"","header-main-stick-meta":"","header-below-stick-meta":""},"pwb-brand":[538],"product_cat":[37],"product_tag":[],"class_list":{"0":"post-104022","1":"product","2":"type-product","3":"status-publish","5":"pwb-brand-delphi","6":"product_cat-muut-luokat","7":"desktop-align-left","8":"tablet-align-left","9":"mobile-align-left","11":"first","12":"instock","13":"product-type-external"},"brands":[{"id":538,"name":"Delphi","slug":"delphi"}],"_links":{"self":[{"href":"https:\/\/www.autonvaraosahaku.fi\/index.php?rest_route=\/wp\/v2\/product\/104022","targetHints":{"allow":["GET"]}}],"collection":[{"href":"https:\/\/www.autonvaraosahaku.fi\/index.php?rest_route=\/wp\/v2\/product"}],"about":[{"href":"https:\/\/www.autonvaraosahaku.fi\/index.php?rest_route=\/wp\/v2\/types\/product"}],"wp:attachment":[{"href":"https:\/\/www.autonvaraosahaku.fi\/index.php?rest_route=%2Fwp%2Fv2%2Fmedia&parent=104022"}],"wp:term":[{"taxonomy":"pwb-brand","embeddable":true,"href":"https:\/\/www.autonvaraosahaku.fi\/index.php?rest_route=%2Fwp%2Fv2%2Fpwb-brand&post=104022"},{"taxonomy":"product_cat","embeddable":true,"href":"https:\/\/www.autonvaraosahaku.fi\/index.php?rest_route=%2Fwp%2Fv2%2Fproduct_cat&post=104022"},{"taxonomy":"product_tag","embeddable":true,"href":"https:\/\/www.autonvaraosahaku.fi\/index.php?rest_route=%2Fwp%2Fv2%2Fproduct_tag&post=104022"}],"curies":[{"name":"wp","href":"https:\/\/api.w.org\/{rel}","templated":true}]}}