{"id":104029,"date":"2021-02-21T23:00:45","date_gmt":"2021-02-21T23:00:45","guid":{"rendered":"https:\/\/www.autonvaraosahaku.fi\/?product=delphi-bg2116-jarrulevyt"},"modified":"2021-02-21T23:00:50","modified_gmt":"2021-02-21T23:00:50","slug":"delphi-bg2116-jarrulevyt","status":"publish","type":"product","link":"https:\/\/www.autonvaraosahaku.fi\/?product=delphi-bg2116-jarrulevyt","title":{"rendered":"Delphi BG2116 Jarrulevyt"},"content":{"rendered":"<p>Jarrulevytyyppi: Vakiomalli; L\u00e4pimitta [mm]: 239; Jarrulevyn paksuus (mm): 12; V\u00e4himm\u00e4ispaksuus (mm): 10; keskitt\u00e4misl\u00e4pimitta [mm]: 65; Syvyys (mm): 35; testausnormin mukainen: R90 Approved, R90 Approved; Reikien m\u00e4\u00e4r\u00e4: 4; Asennuspuoli: Vorderachse; VW: GOLF III 1H1,GOLF II 19E, 1G1,GOLF I Cabriolet 155,GOLF III Cabriolet 1E7,GOLF III Variant 1H5,CADDY II Kasten 9K9A,POLO CLASSIC 6KV2,SCIROCCO 53B,VENTO 1H2,GOLF I 17,CADDY I 14,JETTA II 19E, 1G2, 165,PASSAT Variant 32B,CADDY II Kombi 9K9B,PASSAT 32B,SCIROCCO 53,JETTA I 16,PASSAT 32,PASSAT Stufenheck 32B,PASSAT Variant 33,SANTANA 32B,GOLF III Van 1H1; AUDI: 80 81, 85, B2,COUPE 81, 85,80 80, 82, B1; SEAT: IBIZA II 6K1,TOLEDO II 1M2,CORDOBA 6K1, 6K2,CORDOBA Vario 6K1,TOLEDO I 1L; 171615301, 175615301, 321615301, 839615300, 839615301, 839615301E, 171615301, 175615301, 321615301, 839615300, 839615301, 839615301E, 171615301, 175615301, 321615301, 839615300, 839615301, 839615301E; Jarrulevy<\/p>\n","protected":false},"excerpt":{"rendered":"<p>DELPHI Jarrulevyt BG2116 Jarrulevy VW,AUDI,SEAT,GOLF III 1H1,GOLF II 19E, 1G1,GOLF I Cabriolet 155,GOLF III Cabriolet 1E7,GOLF III Variant 1H5<\/p>\n","protected":false},"featured_media":0,"template":"","meta":{"site-sidebar-layout":"default","site-content-layout":"default","ast-global-header-display":"","ast-main-header-display":"","ast-hfb-above-header-display":"","ast-hfb-below-header-display":"","ast-hfb-mobile-header-display":"","site-post-title":"","ast-breadcrumbs-content":"","ast-featured-img":"","footer-sml-layout":"","theme-transparent-header-meta":"","adv-header-id-meta":"","stick-header-meta":"","header-above-stick-meta":"","header-main-stick-meta":"","header-below-stick-meta":""},"pwb-brand":[538],"product_cat":[66],"product_tag":[],"class_list":{"0":"post-104029","1":"product","2":"type-product","3":"status-publish","5":"pwb-brand-delphi","6":"product_cat-jarrulevyt","7":"desktop-align-left","8":"tablet-align-left","9":"mobile-align-left","11":"first","12":"instock","13":"product-type-external"},"brands":[{"id":538,"name":"Delphi","slug":"delphi"}],"_links":{"self":[{"href":"https:\/\/www.autonvaraosahaku.fi\/index.php?rest_route=\/wp\/v2\/product\/104029","targetHints":{"allow":["GET"]}}],"collection":[{"href":"https:\/\/www.autonvaraosahaku.fi\/index.php?rest_route=\/wp\/v2\/product"}],"about":[{"href":"https:\/\/www.autonvaraosahaku.fi\/index.php?rest_route=\/wp\/v2\/types\/product"}],"wp:attachment":[{"href":"https:\/\/www.autonvaraosahaku.fi\/index.php?rest_route=%2Fwp%2Fv2%2Fmedia&parent=104029"}],"wp:term":[{"taxonomy":"pwb-brand","embeddable":true,"href":"https:\/\/www.autonvaraosahaku.fi\/index.php?rest_route=%2Fwp%2Fv2%2Fpwb-brand&post=104029"},{"taxonomy":"product_cat","embeddable":true,"href":"https:\/\/www.autonvaraosahaku.fi\/index.php?rest_route=%2Fwp%2Fv2%2Fproduct_cat&post=104029"},{"taxonomy":"product_tag","embeddable":true,"href":"https:\/\/www.autonvaraosahaku.fi\/index.php?rest_route=%2Fwp%2Fv2%2Fproduct_tag&post=104029"}],"curies":[{"name":"wp","href":"https:\/\/api.w.org\/{rel}","templated":true}]}}