{"id":104032,"date":"2021-02-21T23:00:51","date_gmt":"2021-02-21T23:00:51","guid":{"rendered":"https:\/\/www.autonvaraosahaku.fi\/?product=delphi-lp2069-jarrupalat"},"modified":"2021-02-21T23:00:52","modified_gmt":"2021-02-21T23:00:52","slug":"delphi-lp2069-jarrupalat","status":"publish","type":"product","link":"https:\/\/www.autonvaraosahaku.fi\/?product=delphi-lp2069-jarrupalat","title":{"rendered":"Delphi LP2069 Jarrupalat"},"content":{"rendered":"<p>WVA-numero: 24283; Jarruj\u00e4rjestelm\u00e4: TRW; Pituus (mm): 126; Pituus 2 (mm): 122; Korkeus (mm): 51; Korkeus 2 (mm): 51; Paksuus 1 [mm]: 16; Paksuus 2 [mm]: 16; M\u00e4\u00e4r\u00e4yksikk\u00f6: Akselisarja; Asennuspuoli: Vorderachse; FORD: FIESTA VI,FIESTA Stufenheck JA8 JR8,FIESTA VI Van; MAZDA: 2 DE; SUZUKI: SWIFT IV FZ, NZ,BALENO FW, EW; SUBARU: JUSTY IV; DAIHATSU: MATERIA M4_; 04465B1020000, 04465B1120, 04465B1120000, 04465B1190, 04465B1190000, 04465B1191, 04465B1380, 04465B1380000, 04465B2020, 04465B2020000, 04491B1120, 1550219, 1676630, 1719275, 1749322, 1788734, 1848518, 1855307, 8V512K021AA, 8V512K021AB, 8V512K021BA, 8V512K021BB, 8V512K021CA, ME8V5J2K021AA, ME8V5J2K021AB, 8V512K021AA, DFY13328Z, DFY13328ZA, DFY13328ZA9C, DFY13329ZA, 04465B1320, 5581068L00; Jarrupalasarja,Jarrupala, Levyjarru<\/p>\n","protected":false},"excerpt":{"rendered":"<p>DELPHI Jarrupalat LP2069 Jarrupalasarja,Jarrupala, Levyjarru FORD,MAZDA,SUZUKI,FIESTA VI,FIESTA Stufenheck JA8 JR8,FIESTA VI Van,2 DE,SWIFT IV FZ, NZ<\/p>\n","protected":false},"featured_media":0,"template":"","meta":{"site-sidebar-layout":"default","site-content-layout":"default","ast-global-header-display":"","ast-main-header-display":"","ast-hfb-above-header-display":"","ast-hfb-below-header-display":"","ast-hfb-mobile-header-display":"","site-post-title":"","ast-breadcrumbs-content":"","ast-featured-img":"","footer-sml-layout":"","theme-transparent-header-meta":"","adv-header-id-meta":"","stick-header-meta":"","header-above-stick-meta":"","header-main-stick-meta":"","header-below-stick-meta":""},"pwb-brand":[538],"product_cat":[100],"product_tag":[],"class_list":{"0":"post-104032","1":"product","2":"type-product","3":"status-publish","5":"pwb-brand-delphi","6":"product_cat-jarrupalat","7":"desktop-align-left","8":"tablet-align-left","9":"mobile-align-left","11":"first","12":"instock","13":"product-type-external"},"brands":[{"id":538,"name":"Delphi","slug":"delphi"}],"_links":{"self":[{"href":"https:\/\/www.autonvaraosahaku.fi\/index.php?rest_route=\/wp\/v2\/product\/104032","targetHints":{"allow":["GET"]}}],"collection":[{"href":"https:\/\/www.autonvaraosahaku.fi\/index.php?rest_route=\/wp\/v2\/product"}],"about":[{"href":"https:\/\/www.autonvaraosahaku.fi\/index.php?rest_route=\/wp\/v2\/types\/product"}],"wp:attachment":[{"href":"https:\/\/www.autonvaraosahaku.fi\/index.php?rest_route=%2Fwp%2Fv2%2Fmedia&parent=104032"}],"wp:term":[{"taxonomy":"pwb-brand","embeddable":true,"href":"https:\/\/www.autonvaraosahaku.fi\/index.php?rest_route=%2Fwp%2Fv2%2Fpwb-brand&post=104032"},{"taxonomy":"product_cat","embeddable":true,"href":"https:\/\/www.autonvaraosahaku.fi\/index.php?rest_route=%2Fwp%2Fv2%2Fproduct_cat&post=104032"},{"taxonomy":"product_tag","embeddable":true,"href":"https:\/\/www.autonvaraosahaku.fi\/index.php?rest_route=%2Fwp%2Fv2%2Fproduct_tag&post=104032"}],"curies":[{"name":"wp","href":"https:\/\/api.w.org\/{rel}","templated":true}]}}