{"id":104048,"date":"2021-02-21T23:00:51","date_gmt":"2021-02-21T23:00:51","guid":{"rendered":"https:\/\/www.autonvaraosahaku.fi\/?product=delphi-ss20000-abs-anturi"},"modified":"2021-02-21T23:00:56","modified_gmt":"2021-02-21T23:00:56","slug":"delphi-ss20000-abs-anturi","status":"publish","type":"product","link":"https:\/\/www.autonvaraosahaku.fi\/?product=delphi-ss20000-abs-anturi","title":{"rendered":"Delphi SS20000 ABS anturi"},"content":{"rendered":"<p>Tunnistinmalli: passiivi sensori; Napoja k\u00e4yt\u00f6ss\u00e4, m\u00e4\u00e4r\u00e4: 2; Asennuspuoli: Hinterachse; VW: GOLF IV 1J1,LUPO 6X1, 6E1,GOLF IV Variant 1J5,BORA 1J2,NEW BEETLE 9C1, 1C1,GOLF Mk III Cabriolet 1E7,BORA Kombi 1J6,NEW BEETLE Cabriolet 1Y7,CADDY II Pick-up 9U7,BORA,GOLF IV Van 1J1; AUDI: A3 8L1,TT 8N3,TT Roadster 8N9; SKODA: OCTAVIA Combi 1U5,OCTAVIA 1U2,FELICIA I Fun 797; SEAT: LEON 1M1,AROSA 6H,TOLEDO II 1M2,TOLEDO I 1L; 1J0927807B, 1J0927807B, 1J0927807B, 1J0927807B; ABS Tunnistin,Tunnistin, Kiertonopeus<\/p>\n","protected":false},"excerpt":{"rendered":"<p>DELPHI ABS Anturi SS20000 ABS Tunnistin,Tunnistin, Kiertonopeus VW,AUDI,SKODA,GOLF IV 1J1,LUPO 6X1, 6E1,GOLF IV Variant 1J5,BORA 1J2<\/p>\n","protected":false},"featured_media":0,"template":"","meta":{"site-sidebar-layout":"default","site-content-layout":"default","ast-global-header-display":"","ast-main-header-display":"","ast-hfb-above-header-display":"","ast-hfb-below-header-display":"","ast-hfb-mobile-header-display":"","site-post-title":"","ast-breadcrumbs-content":"","ast-featured-img":"","footer-sml-layout":"","theme-transparent-header-meta":"","adv-header-id-meta":"","stick-header-meta":"","header-above-stick-meta":"","header-main-stick-meta":"","header-below-stick-meta":""},"pwb-brand":[538],"product_cat":[118],"product_tag":[],"class_list":{"0":"post-104048","1":"product","2":"type-product","3":"status-publish","5":"pwb-brand-delphi","6":"product_cat-abs-anturi","7":"desktop-align-left","8":"tablet-align-left","9":"mobile-align-left","11":"first","12":"instock","13":"product-type-external"},"brands":[{"id":538,"name":"Delphi","slug":"delphi"}],"_links":{"self":[{"href":"https:\/\/www.autonvaraosahaku.fi\/index.php?rest_route=\/wp\/v2\/product\/104048","targetHints":{"allow":["GET"]}}],"collection":[{"href":"https:\/\/www.autonvaraosahaku.fi\/index.php?rest_route=\/wp\/v2\/product"}],"about":[{"href":"https:\/\/www.autonvaraosahaku.fi\/index.php?rest_route=\/wp\/v2\/types\/product"}],"wp:attachment":[{"href":"https:\/\/www.autonvaraosahaku.fi\/index.php?rest_route=%2Fwp%2Fv2%2Fmedia&parent=104048"}],"wp:term":[{"taxonomy":"pwb-brand","embeddable":true,"href":"https:\/\/www.autonvaraosahaku.fi\/index.php?rest_route=%2Fwp%2Fv2%2Fpwb-brand&post=104048"},{"taxonomy":"product_cat","embeddable":true,"href":"https:\/\/www.autonvaraosahaku.fi\/index.php?rest_route=%2Fwp%2Fv2%2Fproduct_cat&post=104048"},{"taxonomy":"product_tag","embeddable":true,"href":"https:\/\/www.autonvaraosahaku.fi\/index.php?rest_route=%2Fwp%2Fv2%2Fproduct_tag&post=104048"}],"curies":[{"name":"wp","href":"https:\/\/api.w.org\/{rel}","templated":true}]}}