{"id":104050,"date":"2021-02-21T23:00:57","date_gmt":"2021-02-21T23:00:57","guid":{"rendered":"https:\/\/www.autonvaraosahaku.fi\/?product=delphi-fg0989-12b1-polttoainepumppu"},"modified":"2021-02-21T23:00:57","modified_gmt":"2021-02-21T23:00:57","slug":"delphi-fg0989-12b1-polttoainepumppu","status":"publish","type":"product","link":"https:\/\/www.autonvaraosahaku.fi\/?product=delphi-fg0989-12b1-polttoainepumppu","title":{"rendered":"Delphi FG0989-12B1 Polttoainepumppu"},"content":{"rendered":"<p>Pituus (mm): 250; Leveys (mm): 114; Korkeus (mm): 137; Maaversio: Kiina, Kiina; Polttoaineen saanti: ajoneuvoille polttoaineen kiertoj\u00e4rjestelmall\u00e4; TECDOC-moottorinumero: 22670; VW: GOLF V 1K1,GOLF VI 5K1,GOLF PLUS 5M1, 521,GOLF VI Variant AJ5,GOLF V Variant 1K5,EOS 1F7, 1F8,SCIROCCO 137, 138,JETTA III 1K2,GOLF VI Cabriolet 517,BEETLE 5C1,JETTA IV 162, 163,BEETLE Cabriolet 5C7; AUDI: A3 8P1,A3 Sportback 8PA,A3 Cabriolet 8P7; SKODA: OCTAVIA Combi 1Z5,YETI 5L,OCTAVIA 1Z3; SEAT: LEON 1P1,ALTEA 5P1,ALTEA XL 5P5, 5P8,TOLEDO III 5P2; 1K0919050AB, 1K0919050B, 1K0919050D, 1K0919050G, 1K0919050J, 1K0919050N, 1K0919050Q, 1K0919050AB, 1K0919050B, 1K0919050D, 1K0919050G, 1K0919050J, 1K0919050N, 1K0919050Q, 1K0919050AB, 1K0919050B, 1K0919050D, 1K0919050G, 1K0919050J, 1K0919050N, 1K0919050Q, 1K0919050AB, 1K0919050B, 1K0919050D, 1K0919050G, 1K0919050J, 1K0919050N, 1K0919050Q; Polttoaineen Sy\u00f6tt\u00f6yksikk\u00f6<\/p>\n","protected":false},"excerpt":{"rendered":"<p>DELPHI Polttoainepumppu FG0989-12B1 Polttoaineen Sy\u00f6tt\u00f6yksikk\u00f6 VW,AUDI,SKODA,GOLF V 1K1,GOLF VI 5K1,GOLF PLUS 5M1, 521,GOLF VI Variant AJ5<\/p>\n","protected":false},"featured_media":0,"template":"","meta":{"site-sidebar-layout":"default","site-content-layout":"default","ast-global-header-display":"","ast-main-header-display":"","ast-hfb-above-header-display":"","ast-hfb-below-header-display":"","ast-hfb-mobile-header-display":"","site-post-title":"","ast-breadcrumbs-content":"","ast-featured-img":"","footer-sml-layout":"","theme-transparent-header-meta":"","adv-header-id-meta":"","stick-header-meta":"","header-above-stick-meta":"","header-main-stick-meta":"","header-below-stick-meta":""},"pwb-brand":[538],"product_cat":[73],"product_tag":[],"class_list":{"0":"post-104050","1":"product","2":"type-product","3":"status-publish","5":"pwb-brand-delphi","6":"product_cat-polttoainepumppu","7":"desktop-align-left","8":"tablet-align-left","9":"mobile-align-left","11":"first","12":"instock","13":"product-type-external"},"brands":[{"id":538,"name":"Delphi","slug":"delphi"}],"_links":{"self":[{"href":"https:\/\/www.autonvaraosahaku.fi\/index.php?rest_route=\/wp\/v2\/product\/104050","targetHints":{"allow":["GET"]}}],"collection":[{"href":"https:\/\/www.autonvaraosahaku.fi\/index.php?rest_route=\/wp\/v2\/product"}],"about":[{"href":"https:\/\/www.autonvaraosahaku.fi\/index.php?rest_route=\/wp\/v2\/types\/product"}],"wp:attachment":[{"href":"https:\/\/www.autonvaraosahaku.fi\/index.php?rest_route=%2Fwp%2Fv2%2Fmedia&parent=104050"}],"wp:term":[{"taxonomy":"pwb-brand","embeddable":true,"href":"https:\/\/www.autonvaraosahaku.fi\/index.php?rest_route=%2Fwp%2Fv2%2Fpwb-brand&post=104050"},{"taxonomy":"product_cat","embeddable":true,"href":"https:\/\/www.autonvaraosahaku.fi\/index.php?rest_route=%2Fwp%2Fv2%2Fproduct_cat&post=104050"},{"taxonomy":"product_tag","embeddable":true,"href":"https:\/\/www.autonvaraosahaku.fi\/index.php?rest_route=%2Fwp%2Fv2%2Fproduct_tag&post=104050"}],"curies":[{"name":"wp","href":"https:\/\/api.w.org\/{rel}","templated":true}]}}