{"id":104058,"date":"2021-02-21T23:00:57","date_gmt":"2021-02-21T23:00:57","guid":{"rendered":"https:\/\/www.autonvaraosahaku.fi\/?product=delphi-ss10932-kampiakselin-asentotunnistin"},"modified":"2021-02-21T23:00:59","modified_gmt":"2021-02-21T23:00:59","slug":"delphi-ss10932-kampiakselin-asentotunnistin","status":"publish","type":"product","link":"https:\/\/www.autonvaraosahaku.fi\/?product=delphi-ss10932-kampiakselin-asentotunnistin","title":{"rendered":"Delphi SS10932 Kampiakselin asentotunnistin"},"content":{"rendered":"<p>K\u00e4yt\u00f6ss\u00e4 koskettimia: 3; Valmistusvuoteen: 05\/2003; NISSAN: MICRA III K12,NOTE E11,ALMERA TINO V10,ALMERA II Hatchback N16,PRIMERA P11,PRIMERA Kombi WP12,PRIMERA P12,PRIMERA Traveller WP11,PRIMERA Hatchback P11,MICRA C+C K12,PRIMERA Hatchback P12,ALMERA Mk II N16; INFINITI: QX56; 237314M50B, 237314M500, 237314M505, 237314M506, 237314M50B; Nokka Akselin Anturi,Nokka Akselin Tunnistin,Tunnistin, Nokka-Akselin Ajoitus<\/p>\n","protected":false},"excerpt":{"rendered":"<p>DELPHI Nokka Akselin Asentotunnistin SS10932 Nokka Akselin Anturi,Nokka Akselin Tunnistin NISSAN,INFINITI,MICRA III K12,NOTE E11,ALMERA TINO V10<\/p>\n","protected":false},"featured_media":0,"template":"","meta":{"site-sidebar-layout":"default","site-content-layout":"default","ast-global-header-display":"","ast-main-header-display":"","ast-hfb-above-header-display":"","ast-hfb-below-header-display":"","ast-hfb-mobile-header-display":"","site-post-title":"","ast-breadcrumbs-content":"","ast-featured-img":"","footer-sml-layout":"","theme-transparent-header-meta":"","adv-header-id-meta":"","stick-header-meta":"","header-above-stick-meta":"","header-main-stick-meta":"","header-below-stick-meta":""},"pwb-brand":[538],"product_cat":[184],"product_tag":[],"class_list":{"0":"post-104058","1":"product","2":"type-product","3":"status-publish","5":"pwb-brand-delphi","6":"product_cat-kampiakselin-asentotunnistin","7":"desktop-align-left","8":"tablet-align-left","9":"mobile-align-left","11":"first","12":"instock","13":"product-type-external"},"brands":[{"id":538,"name":"Delphi","slug":"delphi"}],"_links":{"self":[{"href":"https:\/\/www.autonvaraosahaku.fi\/index.php?rest_route=\/wp\/v2\/product\/104058","targetHints":{"allow":["GET"]}}],"collection":[{"href":"https:\/\/www.autonvaraosahaku.fi\/index.php?rest_route=\/wp\/v2\/product"}],"about":[{"href":"https:\/\/www.autonvaraosahaku.fi\/index.php?rest_route=\/wp\/v2\/types\/product"}],"wp:attachment":[{"href":"https:\/\/www.autonvaraosahaku.fi\/index.php?rest_route=%2Fwp%2Fv2%2Fmedia&parent=104058"}],"wp:term":[{"taxonomy":"pwb-brand","embeddable":true,"href":"https:\/\/www.autonvaraosahaku.fi\/index.php?rest_route=%2Fwp%2Fv2%2Fpwb-brand&post=104058"},{"taxonomy":"product_cat","embeddable":true,"href":"https:\/\/www.autonvaraosahaku.fi\/index.php?rest_route=%2Fwp%2Fv2%2Fproduct_cat&post=104058"},{"taxonomy":"product_tag","embeddable":true,"href":"https:\/\/www.autonvaraosahaku.fi\/index.php?rest_route=%2Fwp%2Fv2%2Fproduct_tag&post=104058"}],"curies":[{"name":"wp","href":"https:\/\/api.w.org\/{rel}","templated":true}]}}