{"id":104069,"date":"2021-02-21T23:00:57","date_gmt":"2021-02-21T23:00:57","guid":{"rendered":"https:\/\/www.autonvaraosahaku.fi\/?product=delphi-lp1865-jarrupalat"},"modified":"2021-02-21T23:01:02","modified_gmt":"2021-02-21T23:01:02","slug":"delphi-lp1865-jarrupalat","status":"publish","type":"product","link":"https:\/\/www.autonvaraosahaku.fi\/?product=delphi-lp1865-jarrupalat","title":{"rendered":"Delphi LP1865 Jarrupalat"},"content":{"rendered":"<p>WVA-numero: 23973 24403; Jarruj\u00e4rjestelm\u00e4: TRW; Pituus (mm): 116; Pituus 2 (mm): 116; Korkeus (mm): 52; Korkeus 2 (mm): 52; Paksuus 1 [mm]: 17; Paksuus 2 [mm]: 17; M\u00e4\u00e4r\u00e4yksikk\u00f6: Akselisarja; Asennuspuoli: Vorderachse; OPEL: AGILA B H08; RENAULT: CLIO III BR0\/1, CR0\/1,MODUS \/ GRAND MODUS F\/JP0_,CLIO IV,KANGOO \/ GRAND KANGOO KW0\/1_,CLIO Grandtour KR0\/1_,CAPTUR,KANGOO Express FW0\/1_,CLIO Grandtour IV,KANGOO BE BOP KW0\/1_,ZOE,CLIO III Kasten SB_, SR_,DUSTER,MEGANE IV B9A\/M_,MEGANE IV Grandtour K9A\/M_,LOGAN EXPRESS,CLIO IV Kasten,MEGANE IV Stufenheck; NISSAN: MICRA III K12,NOTE E11,MICRA IV K13,MICRA C+C K12,NOTE E12,MICRA V K14; DACIA: DUSTER,LOGAN MCV KS_,LODGY,DOKKER,DOKKER Express,LOGAN EXPRESS FS_,LOGAN Pick-up US_,DUSTER Kasten; SUZUKI: SWIFT III MZ, EZ,SPLASH; VAUXHALL: AGILA Mk II B; 410608481R, 4154210510, A4154210510, 4106000Q0K, 41060AX601, 41060AX625, 41083AX625, 41083AX626, D10601HA0A, D10601HA0B, D10601HA0C, D1060AX60A, D1060AX61A, D1060AX61F, D1060BH40A, D10FM1HA0A, D1M601HA0B, D1N601HA0B, 4308239, 4701305, 4708239, 4711040, 93192962, 93196814, 95515496, 410604076R, 410604775R, 4106084481R, 410608481R, 7701208422, 7701209164, 8671016692, 5581062J00, 5581062J00000, 5581062J00GAL, 5581062J00L00, 5581062J00PPS, 5581062J01, 5581062J01000, 5581062J10, 5581062J20, 5581062J30, 5581062J30000, 5581062J31, 5581062J31000, 5581062J50, 5581062J50000, 4711040, 93192962, 93196814, 95515496; Jarrupalasarja,Jarrupala, Levyjarru<\/p>\n","protected":false},"excerpt":{"rendered":"<p>DELPHI Jarrupalat LP1865 Jarrupalasarja,Jarrupala, Levyjarru OPEL,RENAULT,NISSAN,AGILA B H08,CLIO III BR0\/1, CR0\/1,MODUS \/ GRAND MODUS F\/JP0_,CLIO IV<\/p>\n","protected":false},"featured_media":0,"template":"","meta":{"site-sidebar-layout":"default","site-content-layout":"default","ast-global-header-display":"","ast-main-header-display":"","ast-hfb-above-header-display":"","ast-hfb-below-header-display":"","ast-hfb-mobile-header-display":"","site-post-title":"","ast-breadcrumbs-content":"","ast-featured-img":"","footer-sml-layout":"","theme-transparent-header-meta":"","adv-header-id-meta":"","stick-header-meta":"","header-above-stick-meta":"","header-main-stick-meta":"","header-below-stick-meta":""},"pwb-brand":[538],"product_cat":[100],"product_tag":[],"class_list":{"0":"post-104069","1":"product","2":"type-product","3":"status-publish","5":"pwb-brand-delphi","6":"product_cat-jarrupalat","7":"desktop-align-left","8":"tablet-align-left","9":"mobile-align-left","11":"first","12":"instock","13":"product-type-external"},"brands":[{"id":538,"name":"Delphi","slug":"delphi"}],"_links":{"self":[{"href":"https:\/\/www.autonvaraosahaku.fi\/index.php?rest_route=\/wp\/v2\/product\/104069","targetHints":{"allow":["GET"]}}],"collection":[{"href":"https:\/\/www.autonvaraosahaku.fi\/index.php?rest_route=\/wp\/v2\/product"}],"about":[{"href":"https:\/\/www.autonvaraosahaku.fi\/index.php?rest_route=\/wp\/v2\/types\/product"}],"wp:attachment":[{"href":"https:\/\/www.autonvaraosahaku.fi\/index.php?rest_route=%2Fwp%2Fv2%2Fmedia&parent=104069"}],"wp:term":[{"taxonomy":"pwb-brand","embeddable":true,"href":"https:\/\/www.autonvaraosahaku.fi\/index.php?rest_route=%2Fwp%2Fv2%2Fpwb-brand&post=104069"},{"taxonomy":"product_cat","embeddable":true,"href":"https:\/\/www.autonvaraosahaku.fi\/index.php?rest_route=%2Fwp%2Fv2%2Fproduct_cat&post=104069"},{"taxonomy":"product_tag","embeddable":true,"href":"https:\/\/www.autonvaraosahaku.fi\/index.php?rest_route=%2Fwp%2Fv2%2Fproduct_tag&post=104069"}],"curies":[{"name":"wp","href":"https:\/\/api.w.org\/{rel}","templated":true}]}}