{"id":104114,"date":"2021-02-21T23:01:16","date_gmt":"2021-02-21T23:01:16","guid":{"rendered":"https:\/\/www.autonvaraosahaku.fi\/?product=delphi-lp2687-jarrupalat"},"modified":"2021-02-21T23:01:17","modified_gmt":"2021-02-21T23:01:17","slug":"delphi-lp2687-jarrupalat","status":"publish","type":"product","link":"https:\/\/www.autonvaraosahaku.fi\/?product=delphi-lp2687-jarrupalat","title":{"rendered":"Delphi LP2687 Jarrupalat"},"content":{"rendered":"<p>WVA-numero: 25258 25259 25260; Jarruj\u00e4rjestelm\u00e4: Akebono; Pituus (mm): 98; Pituus 2 (mm): 98; Korkeus (mm): 40; Korkeus 2 (mm): 40; Paksuus 1 [mm]: 15; Paksuus 2 [mm]: 15; M\u00e4\u00e4r\u00e4yksikk\u00f6: Akselisarja; Asennuspuoli: Hinterachse; SUZUKI: SWIFT IV FZ, NZ,SX4 S-Cross,VITARA LY,SWIFT V AZ,BALENO FW, EW; 5580052R00, 5580052R01, 5580061M00, 5580061M01, 5580061M02, 5580068L00, 5580068L10, 5580068L20, 5580068L21, 5580068R00, 5580068R10, 55910M68P00; Jarrupalasarja,Jarrupala, Levyjarru<\/p>\n","protected":false},"excerpt":{"rendered":"<p>DELPHI Jarrupalat LP2687 Jarrupalasarja,Jarrupala, Levyjarru SUZUKI,SWIFT IV FZ, NZ,SX4 S-Cross,VITARA LY,SWIFT V AZ,BALENO FW, EW<\/p>\n","protected":false},"featured_media":0,"template":"","meta":{"site-sidebar-layout":"default","site-content-layout":"default","ast-global-header-display":"","ast-main-header-display":"","ast-hfb-above-header-display":"","ast-hfb-below-header-display":"","ast-hfb-mobile-header-display":"","site-post-title":"","ast-breadcrumbs-content":"","ast-featured-img":"","footer-sml-layout":"","theme-transparent-header-meta":"","adv-header-id-meta":"","stick-header-meta":"","header-above-stick-meta":"","header-main-stick-meta":"","header-below-stick-meta":""},"pwb-brand":[538],"product_cat":[100],"product_tag":[],"class_list":{"0":"post-104114","1":"product","2":"type-product","3":"status-publish","5":"pwb-brand-delphi","6":"product_cat-jarrupalat","7":"desktop-align-left","8":"tablet-align-left","9":"mobile-align-left","11":"first","12":"instock","13":"product-type-external"},"brands":[{"id":538,"name":"Delphi","slug":"delphi"}],"_links":{"self":[{"href":"https:\/\/www.autonvaraosahaku.fi\/index.php?rest_route=\/wp\/v2\/product\/104114","targetHints":{"allow":["GET"]}}],"collection":[{"href":"https:\/\/www.autonvaraosahaku.fi\/index.php?rest_route=\/wp\/v2\/product"}],"about":[{"href":"https:\/\/www.autonvaraosahaku.fi\/index.php?rest_route=\/wp\/v2\/types\/product"}],"wp:attachment":[{"href":"https:\/\/www.autonvaraosahaku.fi\/index.php?rest_route=%2Fwp%2Fv2%2Fmedia&parent=104114"}],"wp:term":[{"taxonomy":"pwb-brand","embeddable":true,"href":"https:\/\/www.autonvaraosahaku.fi\/index.php?rest_route=%2Fwp%2Fv2%2Fpwb-brand&post=104114"},{"taxonomy":"product_cat","embeddable":true,"href":"https:\/\/www.autonvaraosahaku.fi\/index.php?rest_route=%2Fwp%2Fv2%2Fproduct_cat&post=104114"},{"taxonomy":"product_tag","embeddable":true,"href":"https:\/\/www.autonvaraosahaku.fi\/index.php?rest_route=%2Fwp%2Fv2%2Fproduct_tag&post=104114"}],"curies":[{"name":"wp","href":"https:\/\/api.w.org\/{rel}","templated":true}]}}