{"id":104122,"date":"2021-02-21T23:01:16","date_gmt":"2021-02-21T23:01:16","guid":{"rendered":"https:\/\/www.autonvaraosahaku.fi\/?product=delphi-td838w-tukivarren-hela"},"modified":"2021-02-21T23:01:19","modified_gmt":"2021-02-21T23:01:19","slug":"delphi-td838w-tukivarren-hela","status":"publish","type":"product","link":"https:\/\/www.autonvaraosahaku.fi\/?product=delphi-td838w-tukivarren-hela","title":{"rendered":"Delphi TD838W Tukivarren hela"},"content":{"rendered":"<p>Sis\u00e4l\u00e4pimitta 1 [mm]: 12; Ulkol\u00e4pimitta 1 [mm]: 50; Paksuus 1 [mm]: 55; Asennuspuoli: Vorderachse; AUDI: A4 Avant 8K5, B8,A4 8K2, B8,Q5 8R,A6 Avant 4G5, C7, 4GD,A5 8T3,A5 Sportback 8TA,A6 4G2, C7, 4GC,A7 Sportback 4GA, 4GF,A4 Allroad 8KH, B8,A5 Cabriolet 8F7,A6 Allroad 4GH, 4GJ,A4 Avant 8W5, B9,A4 8W2, B9,A5 Sportback F5A,A5 F53,A4 Allroad 8WH, B9,A5 Cabriolet F57; 8K0407182A, 8K0407182B<\/p>\n","protected":false},"excerpt":{"rendered":"<p>DELPHI Tukivarren Hela TD838W  AUDI,A4 Avant 8K5, B8,A4 8K2, B8,Q5 8R,A6 Avant 4G5, C7, 4GD,A5 8T3,A5 Sportback 8TA,A6 4G2, C7, 4GC<\/p>\n","protected":false},"featured_media":0,"template":"","meta":{"site-sidebar-layout":"default","site-content-layout":"default","ast-global-header-display":"","ast-main-header-display":"","ast-hfb-above-header-display":"","ast-hfb-below-header-display":"","ast-hfb-mobile-header-display":"","site-post-title":"","ast-breadcrumbs-content":"","ast-featured-img":"","footer-sml-layout":"","theme-transparent-header-meta":"","adv-header-id-meta":"","stick-header-meta":"","header-above-stick-meta":"","header-main-stick-meta":"","header-below-stick-meta":""},"pwb-brand":[538],"product_cat":[115],"product_tag":[],"class_list":{"0":"post-104122","1":"product","2":"type-product","3":"status-publish","5":"pwb-brand-delphi","6":"product_cat-tukivarren-hela","7":"desktop-align-left","8":"tablet-align-left","9":"mobile-align-left","11":"first","12":"instock","13":"product-type-external"},"brands":[{"id":538,"name":"Delphi","slug":"delphi"}],"_links":{"self":[{"href":"https:\/\/www.autonvaraosahaku.fi\/index.php?rest_route=\/wp\/v2\/product\/104122","targetHints":{"allow":["GET"]}}],"collection":[{"href":"https:\/\/www.autonvaraosahaku.fi\/index.php?rest_route=\/wp\/v2\/product"}],"about":[{"href":"https:\/\/www.autonvaraosahaku.fi\/index.php?rest_route=\/wp\/v2\/types\/product"}],"wp:attachment":[{"href":"https:\/\/www.autonvaraosahaku.fi\/index.php?rest_route=%2Fwp%2Fv2%2Fmedia&parent=104122"}],"wp:term":[{"taxonomy":"pwb-brand","embeddable":true,"href":"https:\/\/www.autonvaraosahaku.fi\/index.php?rest_route=%2Fwp%2Fv2%2Fpwb-brand&post=104122"},{"taxonomy":"product_cat","embeddable":true,"href":"https:\/\/www.autonvaraosahaku.fi\/index.php?rest_route=%2Fwp%2Fv2%2Fproduct_cat&post=104122"},{"taxonomy":"product_tag","embeddable":true,"href":"https:\/\/www.autonvaraosahaku.fi\/index.php?rest_route=%2Fwp%2Fv2%2Fproduct_tag&post=104122"}],"curies":[{"name":"wp","href":"https:\/\/api.w.org\/{rel}","templated":true}]}}