{"id":104128,"date":"2021-02-21T23:01:16","date_gmt":"2021-02-21T23:01:16","guid":{"rendered":"https:\/\/www.autonvaraosahaku.fi\/?product=delphi-gn10232-12b1-sytytyspuola"},"modified":"2021-02-21T23:01:21","modified_gmt":"2021-02-21T23:01:21","slug":"delphi-gn10232-12b1-sytytyspuola","status":"publish","type":"product","link":"https:\/\/www.autonvaraosahaku.fi\/?product=delphi-gn10232-12b1-sytytyspuola","title":{"rendered":"Delphi GN10232-12B1 Sytytyspuola"},"content":{"rendered":"<p>J\u00e4nnite (V): 12; K\u00e4yt\u00f6ss\u00e4 koskettimia: 4; Valmistusvuoteen: 01\/2014; MERCEDES-BENZ: E-CLASS W211,C-CLASS W204,C-CLASS T-Model S204,E-CLASS T-Model S211,E-CLASS W212,M-CLASS W164,E-CLASS T-Model S212,CLK C209,S-CLASS W221,CLS C219,SL R230,R-CLASS W251, V251,CLK Cabriolet A209,C-CLASS Coupe C204,S-CLASS Coupe C216,SLS AMG C197,SLS AMG Cabriolet A197; 1561500080, 1561500380, 1569060400, 1569060500, 1569064400, A1561500080, A1561500380, A1569060400<\/p>\n","protected":false},"excerpt":{"rendered":"<p>DELPHI Sytytyspuola GN10232-12B1  MERCEDES-BENZ,E-CLASS W211,C-CLASS W204,C-CLASS T-Model S204,E-CLASS T-Model S211,E-CLASS W212,M-CLASS W164<\/p>\n","protected":false},"featured_media":0,"template":"","meta":{"site-sidebar-layout":"default","site-content-layout":"default","ast-global-header-display":"","ast-main-header-display":"","ast-hfb-above-header-display":"","ast-hfb-below-header-display":"","ast-hfb-mobile-header-display":"","site-post-title":"","ast-breadcrumbs-content":"","ast-featured-img":"","footer-sml-layout":"","theme-transparent-header-meta":"","adv-header-id-meta":"","stick-header-meta":"","header-above-stick-meta":"","header-main-stick-meta":"","header-below-stick-meta":""},"pwb-brand":[538],"product_cat":[25],"product_tag":[],"class_list":{"0":"post-104128","1":"product","2":"type-product","3":"status-publish","5":"pwb-brand-delphi","6":"product_cat-sytytyspuola","7":"desktop-align-left","8":"tablet-align-left","9":"mobile-align-left","11":"first","12":"instock","13":"product-type-external"},"brands":[{"id":538,"name":"Delphi","slug":"delphi"}],"_links":{"self":[{"href":"https:\/\/www.autonvaraosahaku.fi\/index.php?rest_route=\/wp\/v2\/product\/104128","targetHints":{"allow":["GET"]}}],"collection":[{"href":"https:\/\/www.autonvaraosahaku.fi\/index.php?rest_route=\/wp\/v2\/product"}],"about":[{"href":"https:\/\/www.autonvaraosahaku.fi\/index.php?rest_route=\/wp\/v2\/types\/product"}],"wp:attachment":[{"href":"https:\/\/www.autonvaraosahaku.fi\/index.php?rest_route=%2Fwp%2Fv2%2Fmedia&parent=104128"}],"wp:term":[{"taxonomy":"pwb-brand","embeddable":true,"href":"https:\/\/www.autonvaraosahaku.fi\/index.php?rest_route=%2Fwp%2Fv2%2Fpwb-brand&post=104128"},{"taxonomy":"product_cat","embeddable":true,"href":"https:\/\/www.autonvaraosahaku.fi\/index.php?rest_route=%2Fwp%2Fv2%2Fproduct_cat&post=104128"},{"taxonomy":"product_tag","embeddable":true,"href":"https:\/\/www.autonvaraosahaku.fi\/index.php?rest_route=%2Fwp%2Fv2%2Fproduct_tag&post=104128"}],"curies":[{"name":"wp","href":"https:\/\/api.w.org\/{rel}","templated":true}]}}