{"id":104129,"date":"2021-02-21T23:01:16","date_gmt":"2021-02-21T23:01:16","guid":{"rendered":"https:\/\/www.autonvaraosahaku.fi\/?product=delphi-lp3145-jarrupalat"},"modified":"2021-02-21T23:01:21","modified_gmt":"2021-02-21T23:01:21","slug":"delphi-lp3145-jarrupalat","status":"publish","type":"product","link":"https:\/\/www.autonvaraosahaku.fi\/?product=delphi-lp3145-jarrupalat","title":{"rendered":"Delphi LP3145 Jarrupalat"},"content":{"rendered":"<p>WVA-numero: 25965 25966 25967; Jarruj\u00e4rjestelm\u00e4: TRW; Pituus (mm): 104; Pituus 2 (mm): 104; Korkeus (mm): 44; Korkeus 2 (mm): 47; Paksuus 1 [mm]: 15; Paksuus 2 [mm]: 15; M\u00e4\u00e4r\u00e4yksikk\u00f6: Akselisarja; Asennuspuoli: Hinterachse; NISSAN: QASHQAI J11, J11_,X-TRAIL T32,LEAF ZE1; RENAULT: KADJAR,KOLEOS II; D40604CA0A, D40604CA0B, D40604CA0C, D40604CA0CRV, D40604EA0A, D40604EA0B, D40604EA0BVA, D40605SA0A, 440603981R, 440605889R, 440606446R, 440606633R; Jarrupalasarja,Jarrupala, Levyjarru<\/p>\n","protected":false},"excerpt":{"rendered":"<p>DELPHI Jarrupalat LP3145 Jarrupalasarja,Jarrupala, Levyjarru NISSAN,RENAULT,QASHQAI J11, J11_,X-TRAIL T32,LEAF ZE1,KADJAR,KOLEOS II<\/p>\n","protected":false},"featured_media":0,"template":"","meta":{"site-sidebar-layout":"default","site-content-layout":"default","ast-global-header-display":"","ast-main-header-display":"","ast-hfb-above-header-display":"","ast-hfb-below-header-display":"","ast-hfb-mobile-header-display":"","site-post-title":"","ast-breadcrumbs-content":"","ast-featured-img":"","footer-sml-layout":"","theme-transparent-header-meta":"","adv-header-id-meta":"","stick-header-meta":"","header-above-stick-meta":"","header-main-stick-meta":"","header-below-stick-meta":""},"pwb-brand":[538],"product_cat":[100],"product_tag":[],"class_list":{"0":"post-104129","1":"product","2":"type-product","3":"status-publish","5":"pwb-brand-delphi","6":"product_cat-jarrupalat","7":"desktop-align-left","8":"tablet-align-left","9":"mobile-align-left","11":"first","12":"instock","13":"product-type-external"},"brands":[{"id":538,"name":"Delphi","slug":"delphi"}],"_links":{"self":[{"href":"https:\/\/www.autonvaraosahaku.fi\/index.php?rest_route=\/wp\/v2\/product\/104129","targetHints":{"allow":["GET"]}}],"collection":[{"href":"https:\/\/www.autonvaraosahaku.fi\/index.php?rest_route=\/wp\/v2\/product"}],"about":[{"href":"https:\/\/www.autonvaraosahaku.fi\/index.php?rest_route=\/wp\/v2\/types\/product"}],"wp:attachment":[{"href":"https:\/\/www.autonvaraosahaku.fi\/index.php?rest_route=%2Fwp%2Fv2%2Fmedia&parent=104129"}],"wp:term":[{"taxonomy":"pwb-brand","embeddable":true,"href":"https:\/\/www.autonvaraosahaku.fi\/index.php?rest_route=%2Fwp%2Fv2%2Fpwb-brand&post=104129"},{"taxonomy":"product_cat","embeddable":true,"href":"https:\/\/www.autonvaraosahaku.fi\/index.php?rest_route=%2Fwp%2Fv2%2Fproduct_cat&post=104129"},{"taxonomy":"product_tag","embeddable":true,"href":"https:\/\/www.autonvaraosahaku.fi\/index.php?rest_route=%2Fwp%2Fv2%2Fproduct_tag&post=104129"}],"curies":[{"name":"wp","href":"https:\/\/api.w.org\/{rel}","templated":true}]}}