{"id":10413,"date":"2021-02-21T14:08:42","date_gmt":"2021-02-21T14:08:42","guid":{"rendered":"https:\/\/www.autonvaraosahaku.fi\/?product=original-imperium-27034-vetonivelen-suojakumi"},"modified":"2021-02-21T14:08:44","modified_gmt":"2021-02-21T14:08:44","slug":"original-imperium-27034-vetonivelen-suojakumi","status":"publish","type":"product","link":"https:\/\/www.autonvaraosahaku.fi\/?product=original-imperium-27034-vetonivelen-suojakumi","title":{"rendered":"ORIGINAL IMPERIUM 27034 Vetonivelen suojakumi"},"content":{"rendered":"<p>Paino [g]: 131; Materiaali: Kumi; Asennuspuoli: Vaihteiston puoli; Korkeus (mm): 85; Lis\u00e4tarvike\/lis\u00e4tieto: Laakerin holkilla; L\u00e4pimitta 1 [mm]: 25; L\u00e4pimitta 2 [mm]: 64; Rakennemalli: 1  serie; FIAT: PANDA 141A_,127,128 Coupe,128,RITMO I 138A,FIORINO 147,RITMO Cabriolet,127 Panorama,128 Familiare,FIORINO 127,FIORINO Pick up 147; SEAT: MARBELLA 28,IBIZA I 021A,MARBELLA Kasten 028A,MALAGA 023A,RONDA 022A,FURA 025A; LANCIA: A 112; AUTOBIANCHI: A 112; 4294017, 4294117, 4311356, 4333088, 4177472, 4220475, 4294017, 4294117, 4311355, 4311356, 4311375, 4333081, 4333088, 4402182, SE128141531A, 4177472, 4220475, 4294017, 4294117, 4311355, 4311356, 4311375, 4333081, 4333088, 4402182, 4177472, 4220475, 4294017, 4294117, 4311355, 4311356, 4311375, 4333081, 4333088, 4402182, SE128141531A, SE128141531A, SE128141531A; Vetoakselin Suojakumi,Paljekumi, Vetoakseli<\/p>\n","protected":false},"excerpt":{"rendered":"<p>ORIGINAL IMPERIUM Vetonivelen Suojakumi 27034 Vetoakselin Suojakumi,Paljekumi, Vetoakseli FIAT,SEAT,LANCIA,PANDA 141A_,127,128 Coupe,128,RITMO I 138A<\/p>\n","protected":false},"featured_media":0,"template":"","meta":{"site-sidebar-layout":"default","site-content-layout":"default","ast-global-header-display":"","ast-main-header-display":"","ast-hfb-above-header-display":"","ast-hfb-below-header-display":"","ast-hfb-mobile-header-display":"","site-post-title":"","ast-breadcrumbs-content":"","ast-featured-img":"","footer-sml-layout":"","theme-transparent-header-meta":"","adv-header-id-meta":"","stick-header-meta":"","header-above-stick-meta":"","header-main-stick-meta":"","header-below-stick-meta":""},"pwb-brand":[72],"product_cat":[42],"product_tag":[],"class_list":{"0":"post-10413","1":"product","2":"type-product","3":"status-publish","5":"pwb-brand-original-imperium","6":"product_cat-vetonivelen-suojakumi","7":"desktop-align-left","8":"tablet-align-left","9":"mobile-align-left","11":"first","12":"instock","13":"product-type-external"},"brands":[{"id":72,"name":"ORIGINAL IMPERIUM","slug":"original-imperium"}],"_links":{"self":[{"href":"https:\/\/www.autonvaraosahaku.fi\/index.php?rest_route=\/wp\/v2\/product\/10413","targetHints":{"allow":["GET"]}}],"collection":[{"href":"https:\/\/www.autonvaraosahaku.fi\/index.php?rest_route=\/wp\/v2\/product"}],"about":[{"href":"https:\/\/www.autonvaraosahaku.fi\/index.php?rest_route=\/wp\/v2\/types\/product"}],"wp:attachment":[{"href":"https:\/\/www.autonvaraosahaku.fi\/index.php?rest_route=%2Fwp%2Fv2%2Fmedia&parent=10413"}],"wp:term":[{"taxonomy":"pwb-brand","embeddable":true,"href":"https:\/\/www.autonvaraosahaku.fi\/index.php?rest_route=%2Fwp%2Fv2%2Fpwb-brand&post=10413"},{"taxonomy":"product_cat","embeddable":true,"href":"https:\/\/www.autonvaraosahaku.fi\/index.php?rest_route=%2Fwp%2Fv2%2Fproduct_cat&post=10413"},{"taxonomy":"product_tag","embeddable":true,"href":"https:\/\/www.autonvaraosahaku.fi\/index.php?rest_route=%2Fwp%2Fv2%2Fproduct_tag&post=10413"}],"curies":[{"name":"wp","href":"https:\/\/api.w.org\/{rel}","templated":true}]}}