{"id":104132,"date":"2021-02-21T23:01:22","date_gmt":"2021-02-21T23:01:22","guid":{"rendered":"https:\/\/www.autonvaraosahaku.fi\/?product=delphi-lp1722-jarrupalat"},"modified":"2021-02-21T23:01:23","modified_gmt":"2021-02-21T23:01:23","slug":"delphi-lp1722-jarrupalat","status":"publish","type":"product","link":"https:\/\/www.autonvaraosahaku.fi\/?product=delphi-lp1722-jarrupalat","title":{"rendered":"Delphi LP1722 Jarrupalat"},"content":{"rendered":"<p>WVA-numero: 23705 23706 23707 23; Jarruj\u00e4rjestelm\u00e4: Bosch; Pituus (mm): 123; Pituus 2 (mm): 123; Korkeus (mm): 53; Korkeus 2 (mm): 53; Paksuus 1 [mm]: 18; Paksuus 2 [mm]: 18; M\u00e4\u00e4r\u00e4yksikk\u00f6: Akselisarja; Asennuspuoli: Vorderachse; FIAT: GRANDE PUNTO 199,PANDA 169,500 312,STILO 192,BRAVO II 198,DOBLO Cargo 223,500 C 312,STILO Multi Wagon 192,DOBLO 119,PANDA Van 169,PUNTO 199,IDEA,QUBO 225,FIORINO Kasten\/Kombi 225,LINEA 323,PUNTO Van 199,GRANDE PUNTO Van 199_; PEUGEOT: BIPPER AA_,BIPPER Tepee; CITRO\u00cbN: NEMO Kasten AA_,NEMO Kombi; ALFA ROMEO: MITO 955; LANCIA: MUSA 350; ABARTH: 500 \/ 595 312_,500C \/ 595C 312_; 77366528, 71770062, 71770098, 71770104, 77364393, 77366135, 425406, 425407, 425496, 71752983, 71754802, 71770060, 71770062, 71770098, 71770104, 77362091, 77362194, 77362548, 77363035, 77363942, 77363974, 77364393, 77364394, 77364477, 77364517, 77364588, 77364637, 77364798, 77364832, 77364874, 77364893, 77364919, 77366134, 77366135, 9949273, 9949340, 77362548, 77363035, 77364158, 1636412880, 425406, 425407, 425496; Jarrupalasarja,Jarrupala, Levyjarru<\/p>\n","protected":false},"excerpt":{"rendered":"<p>DELPHI Jarrupalat LP1722 Jarrupalasarja,Jarrupala, Levyjarru FIAT,PEUGEOT,CITRO\u00cbN,GRANDE PUNTO 199,PANDA 169,500 312,STILO 192,BRAVO II 198<\/p>\n","protected":false},"featured_media":0,"template":"","meta":{"site-sidebar-layout":"default","site-content-layout":"default","ast-global-header-display":"","ast-main-header-display":"","ast-hfb-above-header-display":"","ast-hfb-below-header-display":"","ast-hfb-mobile-header-display":"","site-post-title":"","ast-breadcrumbs-content":"","ast-featured-img":"","footer-sml-layout":"","theme-transparent-header-meta":"","adv-header-id-meta":"","stick-header-meta":"","header-above-stick-meta":"","header-main-stick-meta":"","header-below-stick-meta":""},"pwb-brand":[538],"product_cat":[100],"product_tag":[],"class_list":{"0":"post-104132","1":"product","2":"type-product","3":"status-publish","5":"pwb-brand-delphi","6":"product_cat-jarrupalat","7":"desktop-align-left","8":"tablet-align-left","9":"mobile-align-left","11":"first","12":"instock","13":"product-type-external"},"brands":[{"id":538,"name":"Delphi","slug":"delphi"}],"_links":{"self":[{"href":"https:\/\/www.autonvaraosahaku.fi\/index.php?rest_route=\/wp\/v2\/product\/104132","targetHints":{"allow":["GET"]}}],"collection":[{"href":"https:\/\/www.autonvaraosahaku.fi\/index.php?rest_route=\/wp\/v2\/product"}],"about":[{"href":"https:\/\/www.autonvaraosahaku.fi\/index.php?rest_route=\/wp\/v2\/types\/product"}],"wp:attachment":[{"href":"https:\/\/www.autonvaraosahaku.fi\/index.php?rest_route=%2Fwp%2Fv2%2Fmedia&parent=104132"}],"wp:term":[{"taxonomy":"pwb-brand","embeddable":true,"href":"https:\/\/www.autonvaraosahaku.fi\/index.php?rest_route=%2Fwp%2Fv2%2Fpwb-brand&post=104132"},{"taxonomy":"product_cat","embeddable":true,"href":"https:\/\/www.autonvaraosahaku.fi\/index.php?rest_route=%2Fwp%2Fv2%2Fproduct_cat&post=104132"},{"taxonomy":"product_tag","embeddable":true,"href":"https:\/\/www.autonvaraosahaku.fi\/index.php?rest_route=%2Fwp%2Fv2%2Fproduct_tag&post=104132"}],"curies":[{"name":"wp","href":"https:\/\/api.w.org\/{rel}","templated":true}]}}