{"id":104153,"date":"2021-02-21T23:01:29","date_gmt":"2021-02-21T23:01:29","guid":{"rendered":"https:\/\/www.autonvaraosahaku.fi\/?product=delphi-lp851-jarrupalat"},"modified":"2021-02-21T23:01:30","modified_gmt":"2021-02-21T23:01:30","slug":"delphi-lp851-jarrupalat","status":"publish","type":"product","link":"https:\/\/www.autonvaraosahaku.fi\/?product=delphi-lp851-jarrupalat","title":{"rendered":"Delphi LP851 Jarrupalat"},"content":{"rendered":"<p>WVA-numero: 21436; Jarruj\u00e4rjestelm\u00e4: Bendix; Pituus (mm): 115; Pituus 2 (mm): 115; Korkeus (mm): 55; Korkeus 2 (mm): 55; Paksuus 1 [mm]: 16; Paksuus 2 [mm]: 16; M\u00e4\u00e4r\u00e4yksikk\u00f6: Akselisarja; Varustelumahdollisuudet: CLASSIC LINE; LANCIA: Y 840A,Y10 156; FIAT: PUNTO 188,PANDA 169,500 312,SEICENTO 187,PUNTO 176,PANDA Van 169,CINQUECENTO 170,PUNTO Van 188AX,PUNTO Cabriolet 176C,SEICENTO Van 187,PUNTO Van 176L,PALIO 178BX; 0006001073125, 0006001073134, 5892736, 5892737, 6001073134, 71737178, 71737179, 71769056, 71770985, 71772226, 71772530, 77362185, 77362245, 77362267, 77362345, 77362479, 77365191, 77368201, 9947468, 9947976, 9948045, 9948054, 9949183, 5892736, 77362248, 77362345, 9947468, 9948054; Jarrupalasarja,Jarrupala, Levyjarru<\/p>\n","protected":false},"excerpt":{"rendered":"<p>DELPHI Jarrupalat LP851 Jarrupalasarja,Jarrupala, Levyjarru LANCIA,FIAT,Y 840A,Y10 156,PUNTO 188,PANDA 169,500 312,SEICENTO 187,PUNTO 176<\/p>\n","protected":false},"featured_media":0,"template":"","meta":{"site-sidebar-layout":"default","site-content-layout":"default","ast-global-header-display":"","ast-main-header-display":"","ast-hfb-above-header-display":"","ast-hfb-below-header-display":"","ast-hfb-mobile-header-display":"","site-post-title":"","ast-breadcrumbs-content":"","ast-featured-img":"","footer-sml-layout":"","theme-transparent-header-meta":"","adv-header-id-meta":"","stick-header-meta":"","header-above-stick-meta":"","header-main-stick-meta":"","header-below-stick-meta":""},"pwb-brand":[538],"product_cat":[100],"product_tag":[],"class_list":{"0":"post-104153","1":"product","2":"type-product","3":"status-publish","5":"pwb-brand-delphi","6":"product_cat-jarrupalat","7":"desktop-align-left","8":"tablet-align-left","9":"mobile-align-left","11":"first","12":"instock","13":"product-type-external"},"brands":[{"id":538,"name":"Delphi","slug":"delphi"}],"_links":{"self":[{"href":"https:\/\/www.autonvaraosahaku.fi\/index.php?rest_route=\/wp\/v2\/product\/104153","targetHints":{"allow":["GET"]}}],"collection":[{"href":"https:\/\/www.autonvaraosahaku.fi\/index.php?rest_route=\/wp\/v2\/product"}],"about":[{"href":"https:\/\/www.autonvaraosahaku.fi\/index.php?rest_route=\/wp\/v2\/types\/product"}],"wp:attachment":[{"href":"https:\/\/www.autonvaraosahaku.fi\/index.php?rest_route=%2Fwp%2Fv2%2Fmedia&parent=104153"}],"wp:term":[{"taxonomy":"pwb-brand","embeddable":true,"href":"https:\/\/www.autonvaraosahaku.fi\/index.php?rest_route=%2Fwp%2Fv2%2Fpwb-brand&post=104153"},{"taxonomy":"product_cat","embeddable":true,"href":"https:\/\/www.autonvaraosahaku.fi\/index.php?rest_route=%2Fwp%2Fv2%2Fproduct_cat&post=104153"},{"taxonomy":"product_tag","embeddable":true,"href":"https:\/\/www.autonvaraosahaku.fi\/index.php?rest_route=%2Fwp%2Fv2%2Fproduct_tag&post=104153"}],"curies":[{"name":"wp","href":"https:\/\/api.w.org\/{rel}","templated":true}]}}