{"id":104161,"date":"2021-02-21T23:01:29","date_gmt":"2021-02-21T23:01:29","guid":{"rendered":"https:\/\/www.autonvaraosahaku.fi\/?product=delphi-es20166-12b1-lambda-anturi"},"modified":"2021-02-21T23:01:32","modified_gmt":"2021-02-21T23:01:32","slug":"delphi-es20166-12b1-lambda-anturi","status":"publish","type":"product","link":"https:\/\/www.autonvaraosahaku.fi\/?product=delphi-es20166-12b1-lambda-anturi","title":{"rendered":"Delphi ES20166-12B1 Lambda anturi"},"content":{"rendered":"<p>Pituus (mm): 1530; K\u00e4yt\u00f6ss\u00e4 koskettimia: 4; Lambdatunnistin: L\u00e4mmitetty; Valmistusvuosi alkaen: 10\/1995; VW: GOLF IV 1J1,PASSAT Variant 3B6,GOLF IV Variant 1J5,SHARAN 7M8, 7M9, 7M6,POLO 6N2,PASSAT Variant 3B5,BORA 1J2,PASSAT 3B2,NEW BEETLE 9C1, 1C1,PASSAT 3B3,PHAETON 3D_,GOLF Mk III Cabriolet 1E7,BORA Kombi 1J6,CADDY II Kasten 9K9A,POLO Variant 6KV5,POLO CLASSIC 6KV2,CADDY II Kombi 9K9B,BORA; AUDI: A3 8L1,A4 8D2, B5,A4 Avant 8ED, B7,A4 Avant 8E5, B6,A6 Avant 4B5, C5,A4 Avant 8D5, B5,A4 8E2, B6,A6 4B2, C5,A4 Cabriolet 8H7, B6, 8HE, B7,A4 8EC, B7,TT 8N3,A8 4E_,TT Roadster 8N9,ALLROAD 4BH, C5; SKODA: OCTAVIA Combi 1U5,OCTAVIA 1U2,SUPERB 3U4; SEAT: IBIZA IV 6L1,LEON 1M1,ALHAMBRA 7V8, 7V9,EXEO ST 3R5,TOLEDO II 1M2,EXEO 3R2,INCA 6K9; 06A906262AG, 06A906262G, 06A906262Q, 06A906265R, 06C906265, 06C906265C, 06C906265E, 1K0998262, 06A906262AG, 06A906262AQ, 06A906262B, 06A906262G, 06A906262Q, 06C906265, 1K0998262, 06A906262Q, 1K0998262, 06A906262AG, 06A906262AQ, 06A906262B, 06A906262G, 06A906262Q, 06A906265R, 06C906265, 1K0998262; Lambdatunnistin,Happianturi<\/p>\n","protected":false},"excerpt":{"rendered":"<p>DELPHI Lambda Anturi ES20166-12B1 Lambdatunnistin,Happianturi VW,AUDI,SKODA,GOLF IV 1J1,PASSAT Variant 3B6,GOLF IV Variant 1J5,SHARAN 7M8, 7M9, 7M6<\/p>\n","protected":false},"featured_media":0,"template":"","meta":{"site-sidebar-layout":"default","site-content-layout":"default","ast-global-header-display":"","ast-main-header-display":"","ast-hfb-above-header-display":"","ast-hfb-below-header-display":"","ast-hfb-mobile-header-display":"","site-post-title":"","ast-breadcrumbs-content":"","ast-featured-img":"","footer-sml-layout":"","theme-transparent-header-meta":"","adv-header-id-meta":"","stick-header-meta":"","header-above-stick-meta":"","header-main-stick-meta":"","header-below-stick-meta":""},"pwb-brand":[538],"product_cat":[264],"product_tag":[],"class_list":{"0":"post-104161","1":"product","2":"type-product","3":"status-publish","5":"pwb-brand-delphi","6":"product_cat-lambda-anturi","7":"desktop-align-left","8":"tablet-align-left","9":"mobile-align-left","11":"first","12":"instock","13":"product-type-external"},"brands":[{"id":538,"name":"Delphi","slug":"delphi"}],"_links":{"self":[{"href":"https:\/\/www.autonvaraosahaku.fi\/index.php?rest_route=\/wp\/v2\/product\/104161","targetHints":{"allow":["GET"]}}],"collection":[{"href":"https:\/\/www.autonvaraosahaku.fi\/index.php?rest_route=\/wp\/v2\/product"}],"about":[{"href":"https:\/\/www.autonvaraosahaku.fi\/index.php?rest_route=\/wp\/v2\/types\/product"}],"wp:attachment":[{"href":"https:\/\/www.autonvaraosahaku.fi\/index.php?rest_route=%2Fwp%2Fv2%2Fmedia&parent=104161"}],"wp:term":[{"taxonomy":"pwb-brand","embeddable":true,"href":"https:\/\/www.autonvaraosahaku.fi\/index.php?rest_route=%2Fwp%2Fv2%2Fpwb-brand&post=104161"},{"taxonomy":"product_cat","embeddable":true,"href":"https:\/\/www.autonvaraosahaku.fi\/index.php?rest_route=%2Fwp%2Fv2%2Fproduct_cat&post=104161"},{"taxonomy":"product_tag","embeddable":true,"href":"https:\/\/www.autonvaraosahaku.fi\/index.php?rest_route=%2Fwp%2Fv2%2Fproduct_tag&post=104161"}],"curies":[{"name":"wp","href":"https:\/\/api.w.org\/{rel}","templated":true}]}}