{"id":104162,"date":"2021-02-21T23:01:29","date_gmt":"2021-02-21T23:01:29","guid":{"rendered":"https:\/\/www.autonvaraosahaku.fi\/?product=delphi-td558w-tukivarren-hela"},"modified":"2021-02-21T23:01:32","modified_gmt":"2021-02-21T23:01:32","slug":"delphi-td558w-tukivarren-hela","status":"publish","type":"product","link":"https:\/\/www.autonvaraosahaku.fi\/?product=delphi-td558w-tukivarren-hela","title":{"rendered":"Delphi TD558W Tukivarren hela"},"content":{"rendered":"<p>Sis\u00e4l\u00e4pimitta 1 [mm]: 14; Ulkol\u00e4pimitta 1 [mm]: 40; Paksuus 1 [mm]: 38; Sis\u00e4l\u00e4pimitta 2 [mm]: 24; Ulkol\u00e4pimitta 2 [mm]: 47; Paksuus 2 [mm]: 6; Asennuspuoli: Vorderachse; CITRO\u00cbN: C5 II Break RE_,C5 I DC_,C5 I Break DE_,C5 II RC_; 352384<\/p>\n","protected":false},"excerpt":{"rendered":"<p>DELPHI Tukivarren Hela TD558W  CITRO\u00cbN,C5 II Break RE_,C5 I DC_,C5 I Break DE_,C5 II RC_<\/p>\n","protected":false},"featured_media":0,"template":"","meta":{"site-sidebar-layout":"default","site-content-layout":"default","ast-global-header-display":"","ast-main-header-display":"","ast-hfb-above-header-display":"","ast-hfb-below-header-display":"","ast-hfb-mobile-header-display":"","site-post-title":"","ast-breadcrumbs-content":"","ast-featured-img":"","footer-sml-layout":"","theme-transparent-header-meta":"","adv-header-id-meta":"","stick-header-meta":"","header-above-stick-meta":"","header-main-stick-meta":"","header-below-stick-meta":""},"pwb-brand":[538],"product_cat":[115],"product_tag":[],"class_list":{"0":"post-104162","1":"product","2":"type-product","3":"status-publish","5":"pwb-brand-delphi","6":"product_cat-tukivarren-hela","7":"desktop-align-left","8":"tablet-align-left","9":"mobile-align-left","11":"first","12":"instock","13":"product-type-external"},"brands":[{"id":538,"name":"Delphi","slug":"delphi"}],"_links":{"self":[{"href":"https:\/\/www.autonvaraosahaku.fi\/index.php?rest_route=\/wp\/v2\/product\/104162","targetHints":{"allow":["GET"]}}],"collection":[{"href":"https:\/\/www.autonvaraosahaku.fi\/index.php?rest_route=\/wp\/v2\/product"}],"about":[{"href":"https:\/\/www.autonvaraosahaku.fi\/index.php?rest_route=\/wp\/v2\/types\/product"}],"wp:attachment":[{"href":"https:\/\/www.autonvaraosahaku.fi\/index.php?rest_route=%2Fwp%2Fv2%2Fmedia&parent=104162"}],"wp:term":[{"taxonomy":"pwb-brand","embeddable":true,"href":"https:\/\/www.autonvaraosahaku.fi\/index.php?rest_route=%2Fwp%2Fv2%2Fpwb-brand&post=104162"},{"taxonomy":"product_cat","embeddable":true,"href":"https:\/\/www.autonvaraosahaku.fi\/index.php?rest_route=%2Fwp%2Fv2%2Fproduct_cat&post=104162"},{"taxonomy":"product_tag","embeddable":true,"href":"https:\/\/www.autonvaraosahaku.fi\/index.php?rest_route=%2Fwp%2Fv2%2Fproduct_tag&post=104162"}],"curies":[{"name":"wp","href":"https:\/\/api.w.org\/{rel}","templated":true}]}}