{"id":104165,"date":"2021-02-21T23:01:29","date_gmt":"2021-02-21T23:01:29","guid":{"rendered":"https:\/\/www.autonvaraosahaku.fi\/?product=delphi-ce10027-12b1-sytytyspuola"},"modified":"2021-02-21T23:01:33","modified_gmt":"2021-02-21T23:01:33","slug":"delphi-ce10027-12b1-sytytyspuola","status":"publish","type":"product","link":"https:\/\/www.autonvaraosahaku.fi\/?product=delphi-ce10027-12b1-sytytyspuola","title":{"rendered":"Delphi CE10027-12B1 Sytytyspuola"},"content":{"rendered":"<p>J\u00e4nnite (V): 12; K\u00e4yt\u00f6ss\u00e4 koskettimia: 3; Valmistusvuoteen: 03\/2003; LAND ROVER: FREELANDER LN,FREELANDER Soft Top; ROVER: 75 RJ,75 Tourer RJ,45 Stufenheck RT,45 RT; MG: MG ZT- T,MG ZS,MG ZT,MG ZS Hatchback; NEC000070, NEC000070L, NEC000110L, NEC000070, NEC000110, NEC000070, NEC000110<\/p>\n","protected":false},"excerpt":{"rendered":"<p>DELPHI Sytytyspuola CE10027-12B1  LAND ROVER,ROVER,MG,FREELANDER LN,FREELANDER Soft Top,75 RJ,75 Tourer RJ,45 Stufenheck RT,45 RT,MG ZT- T,MG ZS,MG ZT<\/p>\n","protected":false},"featured_media":0,"template":"","meta":{"site-sidebar-layout":"default","site-content-layout":"default","ast-global-header-display":"","ast-main-header-display":"","ast-hfb-above-header-display":"","ast-hfb-below-header-display":"","ast-hfb-mobile-header-display":"","site-post-title":"","ast-breadcrumbs-content":"","ast-featured-img":"","footer-sml-layout":"","theme-transparent-header-meta":"","adv-header-id-meta":"","stick-header-meta":"","header-above-stick-meta":"","header-main-stick-meta":"","header-below-stick-meta":""},"pwb-brand":[538],"product_cat":[25],"product_tag":[],"class_list":{"0":"post-104165","1":"product","2":"type-product","3":"status-publish","5":"pwb-brand-delphi","6":"product_cat-sytytyspuola","7":"desktop-align-left","8":"tablet-align-left","9":"mobile-align-left","11":"first","12":"instock","13":"product-type-external"},"brands":[{"id":538,"name":"Delphi","slug":"delphi"}],"_links":{"self":[{"href":"https:\/\/www.autonvaraosahaku.fi\/index.php?rest_route=\/wp\/v2\/product\/104165","targetHints":{"allow":["GET"]}}],"collection":[{"href":"https:\/\/www.autonvaraosahaku.fi\/index.php?rest_route=\/wp\/v2\/product"}],"about":[{"href":"https:\/\/www.autonvaraosahaku.fi\/index.php?rest_route=\/wp\/v2\/types\/product"}],"wp:attachment":[{"href":"https:\/\/www.autonvaraosahaku.fi\/index.php?rest_route=%2Fwp%2Fv2%2Fmedia&parent=104165"}],"wp:term":[{"taxonomy":"pwb-brand","embeddable":true,"href":"https:\/\/www.autonvaraosahaku.fi\/index.php?rest_route=%2Fwp%2Fv2%2Fpwb-brand&post=104165"},{"taxonomy":"product_cat","embeddable":true,"href":"https:\/\/www.autonvaraosahaku.fi\/index.php?rest_route=%2Fwp%2Fv2%2Fproduct_cat&post=104165"},{"taxonomy":"product_tag","embeddable":true,"href":"https:\/\/www.autonvaraosahaku.fi\/index.php?rest_route=%2Fwp%2Fv2%2Fproduct_tag&post=104165"}],"curies":[{"name":"wp","href":"https:\/\/api.w.org\/{rel}","templated":true}]}}