{"id":104178,"date":"2021-02-21T23:01:35","date_gmt":"2021-02-21T23:01:35","guid":{"rendered":"https:\/\/www.autonvaraosahaku.fi\/?product=delphi-ts10324-jaahdytysnesteen-lampotila-anturi"},"modified":"2021-02-21T23:01:37","modified_gmt":"2021-02-21T23:01:37","slug":"delphi-ts10324-jaahdytysnesteen-lampotila-anturi","status":"publish","type":"product","link":"https:\/\/www.autonvaraosahaku.fi\/?product=delphi-ts10324-jaahdytysnesteen-lampotila-anturi","title":{"rendered":"Delphi TS10324 J\u00e4\u00e4hdytysnesteen l\u00e4mp\u00f6tila anturi"},"content":{"rendered":"<p>K\u00e4yt\u00f6ss\u00e4 koskettimia: 2; V\u00e4ri: Sininen; Kierremitta: M14x1.25; Avainv\u00e4li: 19mm; Valmistusvuosi alkaen: 03\/1991; LANCIA: ZETA 220; ROVER: 100 \/ METRO XP; FIAT: DUCATO Pritsche\/Fahrgestell 230,DUCATO Bus 230,DUCATO Kasten 230L,ULYSSE 220,SCUDO Kasten 220L,SCUDO Combinato 220P; CITRO\u00cbN: BERLINGO MF,SAXO S0, S1,BERLINGO Kasten M_,XSARA N1,XSARA Break N2,JUMPER Kasten 244,XM Y4,XSARA Coupe N0,XANTIA X1,AX ZA-_,EVASION 22, U6,JUMPY U6U,JUMPY Kasten BS_, BT_, BY_, BZ_,JUMPER Kasten 230L,JUMPER Bus 244, Z_,XM Y3,XANTIA Break X1,JUMPER Bus 230P,XM Break Y4,JUMPER Pritsche\/Fahrgestell 230,XM Break Y3,XSARA Kasten,XSARA Kasten\/Schr\u00e4gheck; PEUGEOT: 106 II 1,306 Schr\u00e4gheck 7A, 7C, N3, N5,306 Cabriolet 7D, N3, N5,406 Break 8E\/F,PARTNER Combispace 5F,106 I 1A, 1C,PARTNER Kasten 5,406 Coupe 8C,306 Break 7E, N3, N5,406 8B,806 221,BOXER Kasten 230L,306 7B, N3, N5,EXPERT Kasten 222,309 II 3C, 3A,405 I 15B,BOXER Bus 230P,BOXER Pritsche\/Fahrgestell ZCT_,605 6B,EXPERT 224,405 II 4B,106 Van 1_,306 Van N_, 7_,405 II Break 4E,EXPERT Pritsche\/Fahrgestell 223; 024268, 024285, 024287, 9601842280, 9608913880, 9617916180, 024268, 024285, 024287, PEJ10007; J\u00e4\u00e4hdytysnestel\u00e4mp\u00f6tilan Sensori<\/p>\n","protected":false},"excerpt":{"rendered":"<p>DELPHI J\u00e4\u00e4hdytysnesteen L\u00e4mp\u00f6tila Anturi TS10324 J\u00e4\u00e4hdytysnestel\u00e4mp\u00f6tilan Sensori LANCIA,ROVER,FIAT,ZETA 220,100 \/ METRO XP<\/p>\n","protected":false},"featured_media":0,"template":"","meta":{"site-sidebar-layout":"default","site-content-layout":"default","ast-global-header-display":"","ast-main-header-display":"","ast-hfb-above-header-display":"","ast-hfb-below-header-display":"","ast-hfb-mobile-header-display":"","site-post-title":"","ast-breadcrumbs-content":"","ast-featured-img":"","footer-sml-layout":"","theme-transparent-header-meta":"","adv-header-id-meta":"","stick-header-meta":"","header-above-stick-meta":"","header-main-stick-meta":"","header-below-stick-meta":""},"pwb-brand":[538],"product_cat":[200],"product_tag":[],"class_list":{"0":"post-104178","1":"product","2":"type-product","3":"status-publish","5":"pwb-brand-delphi","6":"product_cat-jaahdytysnesteen-lampotila-anturi","7":"desktop-align-left","8":"tablet-align-left","9":"mobile-align-left","11":"first","12":"instock","13":"product-type-external"},"brands":[{"id":538,"name":"Delphi","slug":"delphi"}],"_links":{"self":[{"href":"https:\/\/www.autonvaraosahaku.fi\/index.php?rest_route=\/wp\/v2\/product\/104178","targetHints":{"allow":["GET"]}}],"collection":[{"href":"https:\/\/www.autonvaraosahaku.fi\/index.php?rest_route=\/wp\/v2\/product"}],"about":[{"href":"https:\/\/www.autonvaraosahaku.fi\/index.php?rest_route=\/wp\/v2\/types\/product"}],"wp:attachment":[{"href":"https:\/\/www.autonvaraosahaku.fi\/index.php?rest_route=%2Fwp%2Fv2%2Fmedia&parent=104178"}],"wp:term":[{"taxonomy":"pwb-brand","embeddable":true,"href":"https:\/\/www.autonvaraosahaku.fi\/index.php?rest_route=%2Fwp%2Fv2%2Fpwb-brand&post=104178"},{"taxonomy":"product_cat","embeddable":true,"href":"https:\/\/www.autonvaraosahaku.fi\/index.php?rest_route=%2Fwp%2Fv2%2Fproduct_cat&post=104178"},{"taxonomy":"product_tag","embeddable":true,"href":"https:\/\/www.autonvaraosahaku.fi\/index.php?rest_route=%2Fwp%2Fv2%2Fproduct_tag&post=104178"}],"curies":[{"name":"wp","href":"https:\/\/api.w.org\/{rel}","templated":true}]}}