{"id":104194,"date":"2021-02-21T23:01:41","date_gmt":"2021-02-21T23:01:41","guid":{"rendered":"https:\/\/www.autonvaraosahaku.fi\/?product=delphi-es20429-12b1-lambda-anturi"},"modified":"2021-02-21T23:01:42","modified_gmt":"2021-02-21T23:01:42","slug":"delphi-es20429-12b1-lambda-anturi","status":"publish","type":"product","link":"https:\/\/www.autonvaraosahaku.fi\/?product=delphi-es20429-12b1-lambda-anturi","title":{"rendered":"Delphi ES20429-12B1 Lambda anturi"},"content":{"rendered":"<p>Pituus (mm): 270; K\u00e4yt\u00f6ss\u00e4 koskettimia: 4; Lambdatunnistin: L\u00e4mmitetty; Pakoputkisto: nach Katalysator; CHEVROLET: ORLANDO J309,CRUZE J300,CRUZE Station Wagon J308,CRUZE Schr\u00e4gheck J305; 55566648; Lambdatunnistin,Happianturi<\/p>\n","protected":false},"excerpt":{"rendered":"<p>DELPHI Lambda Anturi ES20429-12B1 Lambdatunnistin,Happianturi CHEVROLET,ORLANDO J309,CRUZE J300,CRUZE Station Wagon J308,CRUZE Schr\u00e4gheck J305<\/p>\n","protected":false},"featured_media":0,"template":"","meta":{"site-sidebar-layout":"default","site-content-layout":"default","ast-global-header-display":"","ast-main-header-display":"","ast-hfb-above-header-display":"","ast-hfb-below-header-display":"","ast-hfb-mobile-header-display":"","site-post-title":"","ast-breadcrumbs-content":"","ast-featured-img":"","footer-sml-layout":"","theme-transparent-header-meta":"","adv-header-id-meta":"","stick-header-meta":"","header-above-stick-meta":"","header-main-stick-meta":"","header-below-stick-meta":""},"pwb-brand":[538],"product_cat":[264],"product_tag":[],"class_list":{"0":"post-104194","1":"product","2":"type-product","3":"status-publish","5":"pwb-brand-delphi","6":"product_cat-lambda-anturi","7":"desktop-align-left","8":"tablet-align-left","9":"mobile-align-left","11":"first","12":"instock","13":"product-type-external"},"brands":[{"id":538,"name":"Delphi","slug":"delphi"}],"_links":{"self":[{"href":"https:\/\/www.autonvaraosahaku.fi\/index.php?rest_route=\/wp\/v2\/product\/104194","targetHints":{"allow":["GET"]}}],"collection":[{"href":"https:\/\/www.autonvaraosahaku.fi\/index.php?rest_route=\/wp\/v2\/product"}],"about":[{"href":"https:\/\/www.autonvaraosahaku.fi\/index.php?rest_route=\/wp\/v2\/types\/product"}],"wp:attachment":[{"href":"https:\/\/www.autonvaraosahaku.fi\/index.php?rest_route=%2Fwp%2Fv2%2Fmedia&parent=104194"}],"wp:term":[{"taxonomy":"pwb-brand","embeddable":true,"href":"https:\/\/www.autonvaraosahaku.fi\/index.php?rest_route=%2Fwp%2Fv2%2Fpwb-brand&post=104194"},{"taxonomy":"product_cat","embeddable":true,"href":"https:\/\/www.autonvaraosahaku.fi\/index.php?rest_route=%2Fwp%2Fv2%2Fproduct_cat&post=104194"},{"taxonomy":"product_tag","embeddable":true,"href":"https:\/\/www.autonvaraosahaku.fi\/index.php?rest_route=%2Fwp%2Fv2%2Fproduct_tag&post=104194"}],"curies":[{"name":"wp","href":"https:\/\/api.w.org\/{rel}","templated":true}]}}