{"id":10420,"date":"2021-02-21T14:08:46","date_gmt":"2021-02-21T14:08:46","guid":{"rendered":"https:\/\/www.autonvaraosahaku.fi\/?product=swf-262254-pyyhkijansulat"},"modified":"2021-02-21T14:08:46","modified_gmt":"2021-02-21T14:08:46","slug":"swf-262254-pyyhkijansulat","status":"publish","type":"product","link":"https:\/\/www.autonvaraosahaku.fi\/?product=swf-262254-pyyhkijansulat","title":{"rendered":"SWF 262254 Pyyhkij\u00e4nsulat"},"content":{"rendered":"<p>Vasen \/ oikea liikenne: Ohjaus vasemmalla; M\u00e4\u00e4r\u00e4: 1; Pituus (mm): 500; Pituus (tuumaa): 20; Paino [kg]: 0,168; Pyyhkij\u00e4nsulkatyyppi: Rungottomat; Valmistusvuosi alkaen: 10\/1983; VW: PASSAT Variant 3B6,PASSAT Variant 3B5,PASSAT 3B2,PASSAT 3B3; AUDI: A4 8D2, B5,A4 Avant 8D5, B5; MERCEDES-BENZ: Stufenheck W123,KOMBI Kombi S123; BMW: 3 E46,3 Touring E46,X3 E83,3 Compact E46,3 Coupe E46,3 Compact E36,3 E36,3 E30,3 Cabriolet E46,3 Coupe E36,3 Cabriolet E30,3 Cabriolet E36,3 Touring E36,Z4 E89,3 Touring E30,Z1; OPEL: CORSA C F08, F68,ASTRA G CC F48_, F08_,ASTRA G Caravan F35_,AGILA A H00,TIGRA TwinTop,VIVARO Kasten F7,ASTRA G Cabriolet F67,ASTRA G Coupe F07_,COMBO Kasten\/Kombi,ASTRA G Stufenheck F69_,VIVARO Combi J7,COMBO Tour,CORSA C Kasten F08, W5L,VIVARO Pritsche\/Fahrgestell E7,ASTRA G Kasten F70,INSIGNIA Caravan,INSIGNIA B Country Tourer Z18; FORD: MONDEO III Kombi BWY,MONDEO III B5Y,MONDEO III Stufenheck B4Y,MONDEO II Kombi BNP,TRANSIT CONNECT P65_, P70_, P80_,COUGAR EC_,MONDEO II BAP,TOURNEO CONNECT,ESCORT VII GAL, AAL, ABL,MONDEO II Stufenheck BFP,MONDEO I Kombi BNP,SIERRA GBG, GB4,MONDEO I GBP,ESCORT VII Kombi GAL, ANL,ESCORT VII Cabriolet ALL,ESCORT VI Cabriolet ALL,ESCORT VI GAL,SCORPIO II GFR, GGR,SIERRA Schr\u00e4gheck GBC, GBG,TRANSIT Bus V_ _,SCORPIO I GAE, GGE,ESCORT V Cabriolet ALL,MAVERICK UDS, UNS,MONDEO I Stufenheck GBP,SIERRA Schr\u00e4gheck GBC,ESCORT &#8217;95 Express AVL,SCORPIO II Kombi GNR, GGR,SCORPIO I Stufenheck GGE,TRANSIT Kasten V_ _,TRANSIT Pritsche\/Fahrgestell V_ _,ESCORT V GAL,ESCORT VII Stufenheck GAL, AFL,SIERRA Kombi BNG,ESCORT VI Kombi GAL,ESCORT CLASSIC AAL, ABL,ESCORT CLASSIC Turnier ANL,ESCORT VI Stufenheck GAL,SCORPIO I Kombi GGE,SIERRA Kombi BNC,ESCORT V Kombi GAL, AVL,ESCORT &#8217;91 Express AVL,ORION III GAL; RENAULT: CLIO II BB0\/1\/2_, CB0\/1\/2_,KANGOO KC0\/1_,LAGUNA II Grandtour KG0\/1_,LAGUNA II BG0\/1_,TRAFIC II Bus JL,MEGANE I BA0\/1_,TRAFIC II Kasten FL,KANGOO Express FC0\/1_,MEGANE I Grandtour KA0\/1_,MEGANE I Cabriolet EA0\/1_,CLIO I B\/C57_, 5\/357_,MEGANE I Classic LA0\/1_,MEGANE I Coach DA0\/1_,19 II B\/C53_,19 I B\/C53_,TRAFIC Kasten TXX,TRAFIC Bus TXW,19 II Chamade L53_,21 Stufenheck L48_,19 I Chamade L53_,TRAFIC Kasten T1, T3, T4,SANDERO\/STEPWAY I,CLIO I Kasten S57_,TRAFIC II Pritsche\/Fahrgestell EL,TRAFIC Bus T5, T6, T7,DUSTER,21 Kombi K48_,21 B48_,19 II Kasten S53_,19 I Kasten S53_,THALIA II LU1\/2_,TRAFIC Pritsche\/Fahrgestell PXX,21 Kasten S48_,SANDERO\/STEPWAY II,LOGAN II Kombi,LOGAN II; FIAT: DUCATO Kasten 290,DUCATO Pritsche\/Fahrgestell 290,DUCATO Kasten 280,SCUDO 270_,DUCATO Pritsche\/Fahrgestell 280,SCUDO Kasten 270_,DUCATO Panorama 280,ULYSSE 220,SCUDO Kasten 220L,DUCATO Panorama 290,SCUDO Combinato 220P,TALENTO Pritsche\/Fahrgestell 290,TALENTO Bus 290,SCUDO Pritsche\/Fahrgestell 270_,TALENTO Kasten 290,SCUDO Pritsche\/Fahrgestell 220_; SKODA: SUPERB 3U4,FELICIA I 6U1,FELICIA II 6U1,FELICIA I Fun 797,FELICIA I Kombi 6U5,FELICIA II Kombi 6U5,FAVORIT Forman 785; PEUGEOT: 306 Schr\u00e4gheck 7A, 7C, N3, N5,306 Cabriolet 7D, N3, N5,J5 Pritsche\/Fahrgestell 280L,306 Break 7E, N3, N5,J5 Pritsche\/Fahrgestell 290L,806 221,EXPERT Tepee VF3V_,EXPERT Kasten VF3A_, VF3U_, VF3X_,306 7B, N3, N5,J5 Kasten 280L,EXPERT Kasten 222,J5 Bus 290P,J5 Kasten 290L,J5 Bus 280P,EXPERT 224,306 Van N_, 7_,EXPERT Pritsche\/Fahrgestell 223,EXPERT Pritsche\/Fahrgestell,EXPERT Kasten,306 Kasten\/Schr\u00e4gheck; 3A1955427, 8D1955427, 61611387678, 61617004901, 6423L9, 1148889, 1611346380, 6426HT, 7711172853, 3A1955427, 8D1955427, 3A1955427, 8D1955427, 3A1955427, 8D1955427; Tuulilasinpyyhkimet,Pyyhkij\u00e4t,Pyyhkij\u00e4nsulka<\/p>\n","protected":false},"excerpt":{"rendered":"<p>SWF Pyyhkij\u00e4nsulat 262254 Tuulilasinpyyhkimet,Pyyhkij\u00e4t VW,AUDI,MERCEDES-BENZ,PASSAT Variant 3B6,PASSAT Variant 3B5,PASSAT 3B2,PASSAT 3B3,A4 8D2, B5<\/p>\n","protected":false},"featured_media":0,"template":"","meta":{"site-sidebar-layout":"default","site-content-layout":"default","ast-global-header-display":"","ast-main-header-display":"","ast-hfb-above-header-display":"","ast-hfb-below-header-display":"","ast-hfb-mobile-header-display":"","site-post-title":"","ast-breadcrumbs-content":"","ast-featured-img":"","footer-sml-layout":"","theme-transparent-header-meta":"","adv-header-id-meta":"","stick-header-meta":"","header-above-stick-meta":"","header-main-stick-meta":"","header-below-stick-meta":""},"pwb-brand":[204],"product_cat":[33],"product_tag":[],"class_list":{"0":"post-10420","1":"product","2":"type-product","3":"status-publish","5":"pwb-brand-swf","6":"product_cat-pyyhkijansulat","7":"desktop-align-left","8":"tablet-align-left","9":"mobile-align-left","11":"first","12":"instock","13":"product-type-external"},"brands":[{"id":204,"name":"SWF","slug":"swf"}],"_links":{"self":[{"href":"https:\/\/www.autonvaraosahaku.fi\/index.php?rest_route=\/wp\/v2\/product\/10420","targetHints":{"allow":["GET"]}}],"collection":[{"href":"https:\/\/www.autonvaraosahaku.fi\/index.php?rest_route=\/wp\/v2\/product"}],"about":[{"href":"https:\/\/www.autonvaraosahaku.fi\/index.php?rest_route=\/wp\/v2\/types\/product"}],"wp:attachment":[{"href":"https:\/\/www.autonvaraosahaku.fi\/index.php?rest_route=%2Fwp%2Fv2%2Fmedia&parent=10420"}],"wp:term":[{"taxonomy":"pwb-brand","embeddable":true,"href":"https:\/\/www.autonvaraosahaku.fi\/index.php?rest_route=%2Fwp%2Fv2%2Fpwb-brand&post=10420"},{"taxonomy":"product_cat","embeddable":true,"href":"https:\/\/www.autonvaraosahaku.fi\/index.php?rest_route=%2Fwp%2Fv2%2Fproduct_cat&post=10420"},{"taxonomy":"product_tag","embeddable":true,"href":"https:\/\/www.autonvaraosahaku.fi\/index.php?rest_route=%2Fwp%2Fv2%2Fproduct_tag&post=10420"}],"curies":[{"name":"wp","href":"https:\/\/api.w.org\/{rel}","templated":true}]}}