{"id":104247,"date":"2021-02-21T23:01:53","date_gmt":"2021-02-21T23:01:53","guid":{"rendered":"https:\/\/www.autonvaraosahaku.fi\/?product=delphi-fe0429-12b1-polttoainepumppu"},"modified":"2021-02-21T23:01:58","modified_gmt":"2021-02-21T23:01:58","slug":"delphi-fe0429-12b1-polttoainepumppu","status":"publish","type":"product","link":"https:\/\/www.autonvaraosahaku.fi\/?product=delphi-fe0429-12b1-polttoainepumppu","title":{"rendered":"Delphi FE0429-12B1 Polttoainepumppu"},"content":{"rendered":"<p>K\u00e4ytt\u00f6: S\u00e4hk\u00f6inen; Pituus (mm): 113; Leveys (mm): 38; Korkeus (mm): 38; Paine (bar): 3,5; Uusi osa: ; OPEL: ZAFIRA A F75_,ASTRA G CC F48_, F08_,ASTRA G Caravan F35_,CORSA B 73_, 78_, 79_,VECTRA C,VECTRA B 36_,OMEGA B Caravan 21_, 22_, 23_,OMEGA B 25_, 26_, 27_,VECTRA C GTS,VECTRA B Caravan 31_,ASTRA G Cabriolet F67,ASTRA G Coupe F07_,ASTRA G Stufenheck F69_,VECTRA B CC 38_,TIGRA 95_,COMBO 71_,MONTEREY A UBS_,MONTEREY B; FIAT: COUPE FA\/175,BRAVO I 182,MAREA Weekend 185,MAREA 185; HYUNDAI: GALLOPER II JK-01,SONATA IV EF,ACCENT II LC,COUPE RD,ACCENT I X-3,ACCENT II Stufenheck LC,XG XG,LANTRA II Wagon J-2,LANTRA II J-2,SANTAMO,ACCENT Stufenheck X-3,SONATA III Y-3,LANTRA I J-1; NISSAN: PRIMERA P11,PATHFINDER R50,PICK UP D21,200 SX S14,PRIMERA P10,MAXIMA QX A32,PRIMERA Hatchback P10,PRIMERA Traveller W10; MAZDA: MX-5 II NB,MX-5 I NA,DEMIO DW,626 V Hatchback GF,626 V GF,626 V Station Wagon GW,323 P V BA,626 IV Hatchback GE,MX-3 EC,323 C IV BG,FAMILIA IV BF,626 IV GE,FAMILIA V BA,FAMILIA V BG8,323 III Hatchback BF,MX-6 GE,FAMILIA IV BG,626 III Station Wagon GV,323 III BF,MPV I LV,323 III Station Wagon BW; KIA: JOICE,SEPHIA Stufenheck FA,SEPHIA FA; HONDA: CIVIC VII Hatchback EU, EP, EV,CIVIC VI Hatchback EJ, EK,ACCORD VI CG, CK,CIVIC VI Fastback MA, MB,CR-V I RD,CIVIC V Hatchback EG,CIVIC VII Coupe EM2,ACCORD VI Hatchback CH,ACCORD VI Coupe CG,ACCORD V CE, CF,CIVIC VI Stufenheck EJ, EK,CIVIC VI Coupe EJ, EM1,CIVIC V Coupe EJ,CIVIC VII Stufenheck ES,CIVIC V Stufenheck EG, EH,ACCORD V Aerodeck CE,ACCORD V Coupe CD,LEGEND II Coupe KA8,LEGEND II KA7,ACCORD VI Aerodeck CF; MITSUBISHI: PAJERO II V3_W, V2_W, V4_W,COLT IV CA_A,SPACE RUNNER N1_W, N2_W,COLT III C5_A,3000 GT Z16A,SPACE WAGON N3_W, N4_W,GALANT V E5_A, E7_A, E8_A,ECLIPSE III D5_A,PAJERO II Canvas Top V2_W, V4_W; SUZUKI: JIMNY FJ,GRAND VITARA I FT,SWIFT II Schr\u00e4gheck EA, MA,VITARA ET, TA,VITARA Cabrio ET, TA,BALENO Kombi EG,BALENO EG,BALENO Schr\u00e4gheck EG; ALFA ROMEO: 145 930,155 167,146 930; 46472793, 46474142, 60623699, 60629615, 7782620, 7789626, 4762964, 4798941, 52018387, 52018390, 46472793, 46474142, 60623699, 60629615, 7782620, 7789626, 17040S01A30, 17040S02L00, 17040S04G30, 17040S04G40, 17040S04L00, 17040S10A00, 17040S84A00, 17040S84A01, 17040SR1A30, 17040SR1A31, 17040SR2A32, 17040SR2A50, 17040SS8A00, 17040SS8A02, 17040ST7L00, 17040ST7L31, 17040SV1A30, 17040SV1A31, 17040SV1L00, 17040SV1L01, 17040SV4A30, 17040SW5A30, 17040SW5A31, 17040SW5A32, 17040SX0A32, 17040SY8A01, 1770ASR0A000, 3111028100, 3111033610, 3111122050, 3111128150, 3111128300, 3111137150, 3111137200, 3111137300, 3112325000, 5862022350, 8943696440, 8943845281, 8944794181, 8970418761, 8971185120, 8971188580, 4762964, 4798941, 52018387, 52018390, 0K01D1335Z, 0K24C1335ZA, 0K29T1335Z, 3111137300, 2112113901001, 46472793, 46474142, 60623699, 60629615, 7782620, 7789626, B3C713350, B3E713350, B3E713350A, B3E71335ZB, B61P13350B, B61P13ZE0, B6BF1335Z, B6BG1335Z, B6DA13350, BPE813350, BPE81335Z, JE451335ZB, JE47&#8230;<\/p>\n","protected":false},"excerpt":{"rendered":"<p>DELPHI Polttoainepumppu FE0429-12B1  OPEL,FIAT,HYUNDAI,ZAFIRA A F75_,ASTRA G CC F48_, F08_,ASTRA G Caravan F35_,CORSA B 73_, 78_, 79_,VECTRA C<\/p>\n","protected":false},"featured_media":0,"template":"","meta":{"site-sidebar-layout":"default","site-content-layout":"default","ast-global-header-display":"","ast-main-header-display":"","ast-hfb-above-header-display":"","ast-hfb-below-header-display":"","ast-hfb-mobile-header-display":"","site-post-title":"","ast-breadcrumbs-content":"","ast-featured-img":"","footer-sml-layout":"","theme-transparent-header-meta":"","adv-header-id-meta":"","stick-header-meta":"","header-above-stick-meta":"","header-main-stick-meta":"","header-below-stick-meta":""},"pwb-brand":[538],"product_cat":[73],"product_tag":[],"class_list":{"0":"post-104247","1":"product","2":"type-product","3":"status-publish","5":"pwb-brand-delphi","6":"product_cat-polttoainepumppu","7":"desktop-align-left","8":"tablet-align-left","9":"mobile-align-left","11":"first","12":"instock","13":"product-type-external"},"brands":[{"id":538,"name":"Delphi","slug":"delphi"}],"_links":{"self":[{"href":"https:\/\/www.autonvaraosahaku.fi\/index.php?rest_route=\/wp\/v2\/product\/104247","targetHints":{"allow":["GET"]}}],"collection":[{"href":"https:\/\/www.autonvaraosahaku.fi\/index.php?rest_route=\/wp\/v2\/product"}],"about":[{"href":"https:\/\/www.autonvaraosahaku.fi\/index.php?rest_route=\/wp\/v2\/types\/product"}],"wp:attachment":[{"href":"https:\/\/www.autonvaraosahaku.fi\/index.php?rest_route=%2Fwp%2Fv2%2Fmedia&parent=104247"}],"wp:term":[{"taxonomy":"pwb-brand","embeddable":true,"href":"https:\/\/www.autonvaraosahaku.fi\/index.php?rest_route=%2Fwp%2Fv2%2Fpwb-brand&post=104247"},{"taxonomy":"product_cat","embeddable":true,"href":"https:\/\/www.autonvaraosahaku.fi\/index.php?rest_route=%2Fwp%2Fv2%2Fproduct_cat&post=104247"},{"taxonomy":"product_tag","embeddable":true,"href":"https:\/\/www.autonvaraosahaku.fi\/index.php?rest_route=%2Fwp%2Fv2%2Fproduct_tag&post=104247"}],"curies":[{"name":"wp","href":"https:\/\/api.w.org\/{rel}","templated":true}]}}