{"id":104249,"date":"2021-02-21T23:01:53","date_gmt":"2021-02-21T23:01:53","guid":{"rendered":"https:\/\/www.autonvaraosahaku.fi\/?product=delphi-es10795-12b1-lambda-anturi"},"modified":"2021-02-21T23:01:58","modified_gmt":"2021-02-21T23:01:58","slug":"delphi-es10795-12b1-lambda-anturi","status":"publish","type":"product","link":"https:\/\/www.autonvaraosahaku.fi\/?product=delphi-es10795-12b1-lambda-anturi","title":{"rendered":"Delphi ES10795-12B1 Lambda anturi"},"content":{"rendered":"<p>Pituus (mm): 370; K\u00e4yt\u00f6ss\u00e4 koskettimia: 4; Lambdatunnistin: L\u00e4mmitetty; Valmistusvuosi alkaen: 05\/1997; OPEL: VECTRA C Caravan,VECTRA C GTS; FIAT: ULYSSE 179AX,ULYSSE 220,SCUDO Kasten 220L,SCUDO Combinato 220P; PEUGEOT: 206 Schr\u00e4gheck 2A\/C,206 CC 2D,207 WA_, WC_,307 SW 3H,307 CC 3B,307 3A\/C,308 SW,206 SW 2E\/K,807 E,106 II 1,206+ T3E,308 4A_, 4C_,307 Break 3E,306 Schr\u00e4gheck 7A, 7C, N3, N5,607 9D, 9U,306 Cabriolet 7D, N3, N5,406 Break 8E\/F,PARTNER Tepee,1007 KM_,PARTNER Combispace 5F,406 Coupe 8C,306 Break 7E, N3, N5,406 8B,806 221,306 7B, N3, N5,PARTNER Kasten,EXPERT Kasten 222,206 Stufenheck,206 Van,EXPERT 224; CITRO\u00cbN: BERLINGO MF,XSARA PICASSO N68,C2 JM_,C3 I FC_,BERLINGO B9,C8 EA_, EB_,C4 I LC_,SAXO S0, S1,BERLINGO Kasten M_,XSARA N1,C4 Coupe LA_,C3 Pluriel HB_,XSARA Break N2,BERLINGO Kasten B9,XSARA Coupe N0,XANTIA X1,EVASION 22, U6,C4 Stufenheck L,JUMPY U6U,JUMPY Kasten BS_, BT_, BY_, BZ_,XANTIA Break X1,JUMPY Pritsche\/Fahrgestell BU_, BV_, BW_, BX_,XSARA Kasten\/Schr\u00e4gheck; LANCIA: PHEDRA 179,ZETA 220; VAUXHALL: CORSAVAN Mk II C; 161848, 1618Z7, 1628CW, 1628HR, 96229974, 96229997, 96359782, 96359782, 9635978280, 9635978280, 161848, 1618Z7, 1628CW, 1628HR, 96229974, 96229997, 96359782, 9635978280, 9635978280; Lambdatunnistin,Happianturi<\/p>\n","protected":false},"excerpt":{"rendered":"<p>DELPHI Lambda Anturi ES10795-12B1 Lambdatunnistin,Happianturi OPEL,FIAT,PEUGEOT,VECTRA C Caravan,VECTRA C GTS,ULYSSE 179AX,ULYSSE 220<\/p>\n","protected":false},"featured_media":0,"template":"","meta":{"site-sidebar-layout":"default","site-content-layout":"default","ast-global-header-display":"","ast-main-header-display":"","ast-hfb-above-header-display":"","ast-hfb-below-header-display":"","ast-hfb-mobile-header-display":"","site-post-title":"","ast-breadcrumbs-content":"","ast-featured-img":"","footer-sml-layout":"","theme-transparent-header-meta":"","adv-header-id-meta":"","stick-header-meta":"","header-above-stick-meta":"","header-main-stick-meta":"","header-below-stick-meta":""},"pwb-brand":[538],"product_cat":[264],"product_tag":[],"class_list":{"0":"post-104249","1":"product","2":"type-product","3":"status-publish","5":"pwb-brand-delphi","6":"product_cat-lambda-anturi","7":"desktop-align-left","8":"tablet-align-left","9":"mobile-align-left","11":"first","12":"instock","13":"product-type-external"},"brands":[{"id":538,"name":"Delphi","slug":"delphi"}],"_links":{"self":[{"href":"https:\/\/www.autonvaraosahaku.fi\/index.php?rest_route=\/wp\/v2\/product\/104249","targetHints":{"allow":["GET"]}}],"collection":[{"href":"https:\/\/www.autonvaraosahaku.fi\/index.php?rest_route=\/wp\/v2\/product"}],"about":[{"href":"https:\/\/www.autonvaraosahaku.fi\/index.php?rest_route=\/wp\/v2\/types\/product"}],"wp:attachment":[{"href":"https:\/\/www.autonvaraosahaku.fi\/index.php?rest_route=%2Fwp%2Fv2%2Fmedia&parent=104249"}],"wp:term":[{"taxonomy":"pwb-brand","embeddable":true,"href":"https:\/\/www.autonvaraosahaku.fi\/index.php?rest_route=%2Fwp%2Fv2%2Fpwb-brand&post=104249"},{"taxonomy":"product_cat","embeddable":true,"href":"https:\/\/www.autonvaraosahaku.fi\/index.php?rest_route=%2Fwp%2Fv2%2Fproduct_cat&post=104249"},{"taxonomy":"product_tag","embeddable":true,"href":"https:\/\/www.autonvaraosahaku.fi\/index.php?rest_route=%2Fwp%2Fv2%2Fproduct_tag&post=104249"}],"curies":[{"name":"wp","href":"https:\/\/api.w.org\/{rel}","templated":true}]}}